{"id":99,"date":"2022-12-09T19:07:35","date_gmt":"2022-12-09T22:07:35","guid":{"rendered":"https:\/\/consbelohorizonte.esteri.it\/italia-e-brasile\/diplomazia-culturale\/"},"modified":"2023-12-04T17:02:40","modified_gmt":"2023-12-04T20:02:40","slug":"diplomazia-culturale","status":"publish","type":"page","link":"https:\/\/consbelohorizonte.esteri.it\/pt\/italia-e-brasile\/diplomazia-culturale\/","title":{"rendered":"Diplomacia cultural"},"content":{"rendered":"<p>O setor cultural \u00e9 um dos pilares da coopera\u00e7\u00e3o italiano-brasileira. A It\u00e1lia e o Brasil sempre enfatizaram a import\u00e2ncia da cultura como ferramenta para promover e consolidar as rela\u00e7\u00f5es m\u00fatuas, especialmente no campo acad\u00eamico. Os dois Pa\u00edses trabalham juntos para o fortalecimento dos instrumentos de promo\u00e7\u00e3o da coopera\u00e7\u00e3o acad\u00eamica, especialmente no que se refere a oferta de bolsas de estudo, interc\u00e2mbios de estudantes universit\u00e1rios e pesquisadores, bem como \u00e0 institui\u00e7\u00e3o de c\u00e1tedras e leitorados de l\u00edngua italiana nas universidades.<\/p>\n<p>A demanda por l\u00edngua e cultura italiana no Brasil aumenta constantemente, mesmo nas \u00e1reas que n\u00e3o s\u00e3o tradicionalmente afetadas pelos fen\u00f4menos de emigra\u00e7\u00e3o procedente do nosso Pa\u00eds. Isso confirma o fato de que h\u00e1 um interesse na l\u00edngua e na cultura italianas por si mesmas, n\u00e3o necessariamente ligado \u00e0 ascend\u00eancia italiana. Hoje, observamos o aumento constante no n\u00famero de usu\u00e1rios n\u00e3o italianos ou descendentes.<\/p>\n<p>Esta necessidade de l\u00edngua e cultura italiana, ditada por raz\u00f5es de estudo, trabalho ou simplesmente de interesse pessoal, est\u00e1 recebendo uma resposta ativa por parte do Consulado, por meio de uma programa\u00e7\u00e3o a cada vez mais articulada, de qualidade e bem orientada e da disponibiliza\u00e7\u00e3o de recursos e energias financeiros e humanos renovados em prol da pol\u00edtica cultural. A Embaixada ap\u00f3ia fortemente a atividade de aprofundamento e lan\u00e7amento de novas iniciativas focadas na difus\u00e3o da nossa l\u00edngua e da nossa cultura.<\/p>\n","protected":false},"excerpt":{"rendered":"O setor cultural \u00e9 um dos pilares da coopera\u00e7\u00e3o italiano-brasileira. A It\u00e1lia e o Brasil sempre enfatizaram a import\u00e2ncia da cultura como ferramenta para promover e consolidar as rela\u00e7\u00f5es m\u00fatuas, especialmente no campo acad\u00eamico. Os dois Pa\u00edses trabalham juntos para o fortalecimento dos instrumentos de promo\u00e7\u00e3o da coopera\u00e7\u00e3o acad\u00eamica, especialmente no que se refere a [&hellip;]","protected":false},"author":3,"featured_media":0,"parent":33,"menu_order":0,"comment_status":"closed","ping_status":"closed","template":"","meta":{"footnotes":""},"class_list":["post-99","page","type-page","status-publish","hentry"],"_links":{"self":[{"href":"https:\/\/consbelohorizonte.esteri.it\/pt\/wp-json\/wp\/v2\/pages\/99","targetHints":{"allow":["GET"]}}],"collection":[{"href":"https:\/\/consbelohorizonte.esteri.it\/pt\/wp-json\/wp\/v2\/pages"}],"about":[{"href":"https:\/\/consbelohorizonte.esteri.it\/pt\/wp-json\/wp\/v2\/types\/page"}],"author":[{"embeddable":true,"href":"https:\/\/consbelohorizonte.esteri.it\/pt\/wp-json\/wp\/v2\/users\/3"}],"replies":[{"embeddable":true,"href":"https:\/\/consbelohorizonte.esteri.it\/pt\/wp-json\/wp\/v2\/comments?post=99"}],"version-history":[{"count":1,"href":"https:\/\/consbelohorizonte.esteri.it\/pt\/wp-json\/wp\/v2\/pages\/99\/revisions"}],"predecessor-version":[{"id":2355,"href":"https:\/\/consbelohorizonte.esteri.it\/pt\/wp-json\/wp\/v2\/pages\/99\/revisions\/2355"}],"up":[{"embeddable":true,"href":"https:\/\/consbelohorizonte.esteri.it\/pt\/wp-json\/wp\/v2\/pages\/33"}],"wp:attachment":[{"href":"https:\/\/consbelohorizonte.esteri.it\/pt\/wp-json\/wp\/v2\/media?parent=99"}],"curies":[{"name":"wp","href":"https:\/\/api.w.org\/{rel}","templated":true}]}}