{"id":97,"date":"2022-12-09T19:05:57","date_gmt":"2022-12-09T22:05:57","guid":{"rendered":"https:\/\/consbelohorizonte.esteri.it\/chi-siamo\/la-rete-consolare\/"},"modified":"2026-02-25T11:20:18","modified_gmt":"2026-02-25T14:20:18","slug":"la-rete-consolare","status":"publish","type":"page","link":"https:\/\/consbelohorizonte.esteri.it\/pt\/chi-siamo\/la-rete-consolare\/","title":{"rendered":"A Rede Consular"},"content":{"rendered":"<p>A reparti\u00e7\u00e3o deste Consulado inclui o Estado de <strong>Minas Gerais<\/strong>.<\/p>\n<p>Segue a lista dos escrit\u00f3rios consulares honor\u00e1rios dependentes deste Consulado:<\/p>\n<p><strong>S\u00e3o Jo\u00e3o Del Rei \u2013 Agencia Consular Honor\u00e1ria<\/strong><\/p>\n<p>Consul honor\u00e1rio: Guido BOLETTI<br \/>\nRua Santo Ant\u00f4nio, 506 &#8211; \u00c1guas F\u00e9rreas (Tejuco) &#8211; 36300-174 S\u00e3o Jo\u00e3o Del-Rei<br \/>\nWhatsapp: +39 366 2449534 \/ Telefone: +55 (32) 99920 1261 \/ E-mail: <a href=\"mailto:saojoaodelrei.onorario@esteri.it\">saojoaodelrei.onorario@esteri.it<\/a><br \/>\nRecebimento ao pubblico: ter\u00e7a e quinta-feira de 16:00 \u00e0s 18:00. Necessidade de marcar previamente para ser atendidos em outro hor\u00e1rio e dia de semana.<br \/>\n<strong><a href=\"https:\/\/www.gazzettaufficiale.it\/eli\/id\/2017\/11\/10\/17A07530\/SG\">DECRETO DI LIMITAZIONE DI FUNZIONI &#8211; S\u00c3O JO\u00c3O DEL REI<\/a><\/strong><\/p>\n<p>&nbsp;<\/p>\n<p><strong>Juiz de Fora &#8211; Agencia Consular Honor\u00e1ria<br \/>\n<\/strong><\/p>\n<p>Consul honor\u00e1ria: M\u00e1rcia DE ALMEIDA<br \/>\nCasa d&#8217;Italia, Avenida Bar\u00e3o do Rio Branco, 2585 &#8211; 36010-002 &#8211; Centro, Juiz de Fora &#8211; MG<br \/>\nTelefone: (32) 3215 5957 \/ E-mail: <a href=\"mailto:juizdefora.onorario@esteri.it\">juizdefora.onorario@esteri.it<\/a><br \/>\nPara informa\u00e7\u00f5es e agendamentos, enviar um email. Utilizar o telefone somente em caso de emergencia.<br \/>\n<a href=\"https:\/\/consbelohorizonte.esteri.it\/consolato_belohorizonte\/resource\/doc\/2020\/05\/estratto_dlf_de_almeida_aco_juiz_de_fora_brasile.pdf\"><strong>DECRETO DI LIMITAZIONE DI FUNZIONI &#8211; JUIZ DE FORA<\/strong><\/a><\/p>\n<p>&nbsp;<\/p>\n<p>&nbsp;<\/p>\n<p><strong>Uberl\u00e2ndia<br \/>\n<\/strong><\/p>\n<p>Correspondente consular: Roberto RANZA<br \/>\nTelefone: (34) 9114 8915 \/ E-mail: <a href=\"mailto:italiaonorariouberlandia@gmail.com\">italiaonorariouberlandia@gmail.com<\/a><br \/>\nPara informa\u00e7\u00f5es e agendamentos, enviar um email. Utilizar o telefone somente em caso de emergencia.<\/p>\n<p><strong>Po\u00e7os de Caldas<br \/>\n<\/strong>Correspondente consular: Alberto CISICO<\/p>\n<p><a href=\"mailto:pocosdecaldas.onorario@esteri.it\">pocosdecaldas.onorario@esteri.it<\/a><\/p>\n<p>&nbsp;<\/p>\n<p><strong>Barbacena<\/strong><\/p>\n<p>Correspondente consular: Isabel PUIATI<br \/>\nTelefone: (32) 99983 3899<\/p>\n<p>E-mail: <a href=\"mailto:barbacena.corrispondenteconsolare@outlook.com\">barbacena.corrispondenteconsolare@outlook.com<\/a><\/p>\n<p>&nbsp;<\/p>\n<p><strong>Montes Claros<\/strong><\/p>\n<p>Correspondente consular: Andrea CARPENTIERI<br \/>\nE-mail: <a href=\"mailto:andcarpen@gmail.com\">andcarpen@gmail.com<\/a><\/p>\n<p>&nbsp;<\/p>\n<p><strong>Ouro Fino<\/strong><\/p>\n<p>Correspondente consular: Paulo Henrique CHISTE DA SILVA<br \/>\nTelefone: (35) 99100 8571<\/p>\n<p>E-mail: <a href=\"mailto:paulo.chiste@yahoo.com.br\">paulo.chiste@yahoo.com.br<\/a><\/p>\n<p>&nbsp;<\/p>\n<p><strong>Itabira (Vale do A\u00e7o)<\/strong><\/p>\n<p>Correspondente consular (com compet\u00eancias esp\u00e9cificas e exclusivas de assisten\u00e7a as empresas) : Mario ARALDI<br \/>\nTelefone: (31) 3286 1455 &#8211; Cel.: (31) 99225 0924<\/p>\n<p>E-mail: <a href=\"mailto:marioaraldi@fermag.ind.br\">marioaraldi@fermag.ind.br<\/a><\/p>\n<p>&nbsp;<\/p>\n<p><strong>Sete Lagoas e Vettore Nord<\/strong><\/p>\n<p>Correspondente consular (com compet\u00eancias esp\u00e9cificas e exclusivas de assisten\u00e7a as empresas): Valentino RIZZIOLI<br \/>\nTelefone: (31) 3287 2211<\/p>\n<p>E-mail: <a href=\"mailto:info@italiabrasil.com.br\">info@italiabrasil.com.br<\/a><\/p>\n","protected":false},"excerpt":{"rendered":"A reparti\u00e7\u00e3o deste Consulado inclui o Estado de Minas Gerais. Segue a lista dos escrit\u00f3rios consulares honor\u00e1rios dependentes deste Consulado: S\u00e3o Jo\u00e3o Del Rei \u2013 Agencia Consular Honor\u00e1ria Consul honor\u00e1rio: Guido BOLETTI Rua Santo Ant\u00f4nio, 506 &#8211; \u00c1guas F\u00e9rreas (Tejuco) &#8211; 36300-174 S\u00e3o Jo\u00e3o Del-Rei Whatsapp: +39 366 2449534 \/ Telefone: +55 (32) 99920 1261 [&hellip;]","protected":false},"author":3,"featured_media":0,"parent":34,"menu_order":10,"comment_status":"closed","ping_status":"closed","template":"","meta":{"footnotes":""},"class_list":["post-97","page","type-page","status-publish","hentry"],"_links":{"self":[{"href":"https:\/\/consbelohorizonte.esteri.it\/pt\/wp-json\/wp\/v2\/pages\/97","targetHints":{"allow":["GET"]}}],"collection":[{"href":"https:\/\/consbelohorizonte.esteri.it\/pt\/wp-json\/wp\/v2\/pages"}],"about":[{"href":"https:\/\/consbelohorizonte.esteri.it\/pt\/wp-json\/wp\/v2\/types\/page"}],"author":[{"embeddable":true,"href":"https:\/\/consbelohorizonte.esteri.it\/pt\/wp-json\/wp\/v2\/users\/3"}],"replies":[{"embeddable":true,"href":"https:\/\/consbelohorizonte.esteri.it\/pt\/wp-json\/wp\/v2\/comments?post=97"}],"version-history":[{"count":6,"href":"https:\/\/consbelohorizonte.esteri.it\/pt\/wp-json\/wp\/v2\/pages\/97\/revisions"}],"predecessor-version":[{"id":6009,"href":"https:\/\/consbelohorizonte.esteri.it\/pt\/wp-json\/wp\/v2\/pages\/97\/revisions\/6009"}],"up":[{"embeddable":true,"href":"https:\/\/consbelohorizonte.esteri.it\/pt\/wp-json\/wp\/v2\/pages\/34"}],"wp:attachment":[{"href":"https:\/\/consbelohorizonte.esteri.it\/pt\/wp-json\/wp\/v2\/media?parent=97"}],"curies":[{"name":"wp","href":"https:\/\/api.w.org\/{rel}","templated":true}]}}