{"id":96,"date":"2022-12-09T19:05:34","date_gmt":"2022-12-09T22:05:34","guid":{"rendered":"https:\/\/consbelohorizonte.esteri.it\/chi-siamo\/numeri-di-emergenza\/"},"modified":"2022-12-14T19:21:31","modified_gmt":"2022-12-14T18:21:31","slug":"numeri-di-emergenza","status":"publish","type":"page","link":"https:\/\/consbelohorizonte.esteri.it\/pt\/chi-siamo\/numeri-di-emergenza\/","title":{"rendered":"N\u00fameros de emerg\u00eancia"},"content":{"rendered":"<p style=\"text-align: justify;\">Para informa\u00e7\u00f5es gerais sobre a seguran\u00e7a no Brasil, consulte o site &#8220;<a href=\"http:\/\/www.viaggiaresicuri.it\/\">Viaggiare Sicuri<\/a>&#8220;, atualizado pela unidade de crise do Minist\u00e9rio das Rela\u00e7\u00f5es Exteriores.<\/p>\n<p style=\"text-align: justify;\">Se voc\u00ea planeja uma viagem ou mora no Brasil, n\u00e3o se esque\u00e7a de se registrar no site &#8220;<a href=\"https:\/\/www.dovesiamonelmondo.it\/home.html\">Onde estamos no Mundo<\/a>&#8221; para ser rastreado em caso de emerg\u00eancia.<\/p>\n<p style=\"text-align: justify;\"><strong>TELEFONE DE EMERG\u00caNCIA &#8211; <em>EXCLUSIVAMENTE PARA CIDAD\u00c3OS ITALIANOS<\/em><\/strong><\/p>\n<p style=\"text-align: justify;\">Somente em situa\u00e7\u00e3oes de grave emerg\u00eancia como cat\u00e1strofes naturais, atentados, acidentes e fora do hor\u00e1rio de atendimento do Consulado, entrar em contato com o telefone de emerg\u00eancia no <strong>+55 31 97110 3746 <\/strong>(de segunda a quinta-feira das 15:40 \u00e0s 21:00 horas; de sexta das 14:30 \u00e0s 21:00 horas; s\u00e1bados, domingos e feriados das 9:00 \u00e0s 21:00 horas).<\/p>\n<p style=\"text-align: justify;\"><strong>O telefone de emerg\u00eancia n\u00e3o fornece informa\u00e7\u00f5es sobre cidadania, passaportes, vistos ou outros servi\u00e7os consulares. <\/strong>Para tais informa\u00e7\u00f5es, sugere-se consultar as p\u00e1ginas deste site.<\/p>\n","protected":false},"excerpt":{"rendered":"Para informa\u00e7\u00f5es gerais sobre a seguran\u00e7a no Brasil, consulte o site &#8220;Viaggiare Sicuri&#8220;, atualizado pela unidade de crise do Minist\u00e9rio das Rela\u00e7\u00f5es Exteriores. Se voc\u00ea planeja uma viagem ou mora no Brasil, n\u00e3o se esque\u00e7a de se registrar no site &#8220;Onde estamos no Mundo&#8221; para ser rastreado em caso de emerg\u00eancia. TELEFONE DE EMERG\u00caNCIA &#8211; [&hellip;]","protected":false},"author":3,"featured_media":0,"parent":34,"menu_order":6,"comment_status":"closed","ping_status":"closed","template":"","meta":{"footnotes":""},"class_list":["post-96","page","type-page","status-publish","hentry"],"_links":{"self":[{"href":"https:\/\/consbelohorizonte.esteri.it\/pt\/wp-json\/wp\/v2\/pages\/96","targetHints":{"allow":["GET"]}}],"collection":[{"href":"https:\/\/consbelohorizonte.esteri.it\/pt\/wp-json\/wp\/v2\/pages"}],"about":[{"href":"https:\/\/consbelohorizonte.esteri.it\/pt\/wp-json\/wp\/v2\/types\/page"}],"author":[{"embeddable":true,"href":"https:\/\/consbelohorizonte.esteri.it\/pt\/wp-json\/wp\/v2\/users\/3"}],"replies":[{"embeddable":true,"href":"https:\/\/consbelohorizonte.esteri.it\/pt\/wp-json\/wp\/v2\/comments?post=96"}],"version-history":[{"count":0,"href":"https:\/\/consbelohorizonte.esteri.it\/pt\/wp-json\/wp\/v2\/pages\/96\/revisions"}],"up":[{"embeddable":true,"href":"https:\/\/consbelohorizonte.esteri.it\/pt\/wp-json\/wp\/v2\/pages\/34"}],"wp:attachment":[{"href":"https:\/\/consbelohorizonte.esteri.it\/pt\/wp-json\/wp\/v2\/media?parent=96"}],"curies":[{"name":"wp","href":"https:\/\/api.w.org\/{rel}","templated":true}]}}