{"id":94,"date":"2022-12-09T19:04:58","date_gmt":"2022-12-09T22:04:58","guid":{"rendered":"https:\/\/consbelohorizonte.esteri.it\/chi-siamo\/gli-uffici\/"},"modified":"2025-06-06T10:54:13","modified_gmt":"2025-06-06T13:54:13","slug":"gli-uffici","status":"publish","type":"page","link":"https:\/\/consbelohorizonte.esteri.it\/pt\/chi-siamo\/gli-uffici\/","title":{"rendered":"Os setores"},"content":{"rendered":"<div class=\"WordSection1\">\n<p class=\"WordSection1\"><strong>Cadastro (Anagrafe)e <\/strong><strong>Registro Civil<\/strong> \u2013 <a href=\"mailto:registrocivil.belohorizonte@esteri.it\">registrocivil.belohorizonte@esteri.it<\/a><\/p>\n<p><strong>Cidadania por descend\u00eancia\u00a0<\/strong>&#8211; <a href=\"mailto:cidadania.belohorizonte@esteri.it\">cidadania.belohorizonte@esteri.it<\/a><\/p>\n<p><strong>Cidadania por casamento e unione civile <\/strong>&#8211; <a href=\"mailto:casamento.belohorizonte@esteri.it\">casamento.belohorizonte@esteri.it<\/a><\/p>\n<p><strong>Passaportes\u00a0e\u00a0Carteiras de motorista\u00a0<\/strong>&#8211;\u00a0<a href=\"mailto:passaporte.belohorizonte@esteri.it\">passaporte.belohorizonte@esteri.it<\/a><\/p>\n<p><strong>Vistos<\/strong>\u00a0&#8211;\u00a0<a href=\"mailto:visti.sanpaolo@esteri.it\">visti.sanpaolo@esteri.it<\/a><\/p>\n<p><strong>Estudos<\/strong>\u00a0&#8211;\u00a0<a href=\"mailto:estudo.belohorizonte@esteri.it\">estudo.belohorizonte@esteri.it<\/a><\/p>\n<p><strong>Codice Fiscale<\/strong> &#8211; <a href=\"mailto:belohorizonte.codicefiscale@esteri.it\">belohorizonte.codicefiscale@esteri.it<\/a><\/p>\n<p><strong>Notarial<\/strong> &#8211; <a href=\"mailto:notarile.belohorizonte@esteri.it\">notarile.belohorizonte@esteri.it<\/a><\/p>\n<p><strong>Assist\u00eancia<\/strong>\u00a0&#8211; Somente italianos em grave dificuldade\u00a0<a href=\"mailto:belohorizonte.assistenza@esteri.it\">belohorizonte.assistenza@esteri.it<\/a><\/p>\n<p><strong>Econ\u00f4mico\/Cultural<\/strong>\u00a0&#8211;\u00a0<a href=\"mailto:belohorizonte.promozione@esteri.it\">belohorizonte.promozione@esteri.it<\/a><\/p>\n<p><strong>Secretaria C\u00f4nsul<\/strong> &#8211; <a href=\"mailto:segreteria.belohorizonte@esteri.it\">segreteria.belohorizonte@esteri.it<\/a><\/p>\n<p style=\"text-align: justify;\">O Consulado responde \u00e0s d\u00favidas por telefone de 14:00 \u00e0s 15:30, \u00e0s quintas-feiras, ao numero 031 3508 5100.<\/p>\n<p style=\"text-align: justify;\">N\u00e3o h\u00e1 pessoas ou setores privados aos quais tenha sido confiado a tarefa de fornecer servi\u00e7os consulares em nome e por conta deste Consulado. Todos os servi\u00e7os consulares s\u00e3o oferecidos aos usu\u00e1rios exclusivamente dentro da nossa sede e pelos nossos funcion\u00e1rios nos guich\u00eas.<\/p>\n<\/div>\n","protected":false},"excerpt":{"rendered":"Cadastro (Anagrafe)e Registro Civil \u2013 registrocivil.belohorizonte@esteri.it Cidadania por descend\u00eancia\u00a0&#8211; cidadania.belohorizonte@esteri.it Cidadania por casamento e unione civile &#8211; casamento.belohorizonte@esteri.it Passaportes\u00a0e\u00a0Carteiras de motorista\u00a0&#8211;\u00a0passaporte.belohorizonte@esteri.it Vistos\u00a0&#8211;\u00a0visti.sanpaolo@esteri.it Estudos\u00a0&#8211;\u00a0estudo.belohorizonte@esteri.it Codice Fiscale &#8211; belohorizonte.codicefiscale@esteri.it Notarial &#8211; notarile.belohorizonte@esteri.it Assist\u00eancia\u00a0&#8211; Somente italianos em grave dificuldade\u00a0belohorizonte.assistenza@esteri.it Econ\u00f4mico\/Cultural\u00a0&#8211;\u00a0belohorizonte.promozione@esteri.it Secretaria C\u00f4nsul &#8211; segreteria.belohorizonte@esteri.it O Consulado responde \u00e0s d\u00favidas por telefone de 14:00 \u00e0s 15:30, \u00e0s quintas-feiras, ao [&hellip;]","protected":false},"author":3,"featured_media":0,"parent":34,"menu_order":4,"comment_status":"closed","ping_status":"closed","template":"","meta":{"footnotes":""},"class_list":["post-94","page","type-page","status-publish","hentry"],"_links":{"self":[{"href":"https:\/\/consbelohorizonte.esteri.it\/pt\/wp-json\/wp\/v2\/pages\/94","targetHints":{"allow":["GET"]}}],"collection":[{"href":"https:\/\/consbelohorizonte.esteri.it\/pt\/wp-json\/wp\/v2\/pages"}],"about":[{"href":"https:\/\/consbelohorizonte.esteri.it\/pt\/wp-json\/wp\/v2\/types\/page"}],"author":[{"embeddable":true,"href":"https:\/\/consbelohorizonte.esteri.it\/pt\/wp-json\/wp\/v2\/users\/3"}],"replies":[{"embeddable":true,"href":"https:\/\/consbelohorizonte.esteri.it\/pt\/wp-json\/wp\/v2\/comments?post=94"}],"version-history":[{"count":4,"href":"https:\/\/consbelohorizonte.esteri.it\/pt\/wp-json\/wp\/v2\/pages\/94\/revisions"}],"predecessor-version":[{"id":4722,"href":"https:\/\/consbelohorizonte.esteri.it\/pt\/wp-json\/wp\/v2\/pages\/94\/revisions\/4722"}],"up":[{"embeddable":true,"href":"https:\/\/consbelohorizonte.esteri.it\/pt\/wp-json\/wp\/v2\/pages\/34"}],"wp:attachment":[{"href":"https:\/\/consbelohorizonte.esteri.it\/pt\/wp-json\/wp\/v2\/media?parent=94"}],"curies":[{"name":"wp","href":"https:\/\/api.w.org\/{rel}","templated":true}]}}