{"id":93,"date":"2022-12-09T19:04:39","date_gmt":"2022-12-09T22:04:39","guid":{"rendered":"https:\/\/consbelohorizonte.esteri.it\/chi-siamo\/la-sede\/"},"modified":"2022-12-09T19:17:43","modified_gmt":"2022-12-09T18:17:43","slug":"la-sede","status":"publish","type":"page","link":"https:\/\/consbelohorizonte.esteri.it\/pt\/chi-siamo\/la-sede\/","title":{"rendered":"A Sede"},"content":{"rendered":"<p>A sede do Consulado da It\u00e1lia em Belo Horizonte encontra-se na\u00a0Rua Alagoas 721, no bairro Funcion\u00e1rios,\u00a0tamb\u00e9m conhecido como\u00a0\u201cSavassi\u201d, pr\u00f3ximo ao centro da cidade,\u00a0\u00e0 200 metros da Pra\u00e7a da Liberdade.<\/p>\n<p>Endere\u00e7o completo:\u00a0<strong>Rua Alagoas, 721 &#8211; CEP 30130-165 &#8211; Savassi &#8211; Belo Horizonte (MG)<\/strong><\/p>\n<p>Localiza\u00e7\u00e3o:\u00a0<strong><a href=\"https:\/\/www.google.it\/maps\/place\/R.+Alagoas,+721+-+Funcion%C3%A1rios,+Belo+Horizonte+-+MG,+30130-160,+Brasil\/@-19.9335101,-43.9377568,17z\/data=!3m1!4b1!4m5!3m4!1s0xa699dce9598c6d:0xa490d9f5d07a2dc7!8m2!3d-19.9335152!4d-43.9355681\">veja mapa<\/a><\/p>\n<p><\/strong>Na porta do Consulado param as seguintes linhas de\u00a0\u00f4nibus: 4111 e 6030. O ponto de \u00f4nibus foi denominado &#8220;Consulado da Italia&#8221; em homenagem \u00e0 nossa sede.<\/p>\n<p>Pouco mais \u00e0 frente do Consulado, h\u00e1 um ponto de\u00a0taxi.<\/p>\n<p>Al\u00e9m disso, nas intermedia\u00e7oes do Consulado, h\u00e1 varios estacionamentos.<\/p>\n","protected":false},"excerpt":{"rendered":"A sede do Consulado da It\u00e1lia em Belo Horizonte encontra-se na\u00a0Rua Alagoas 721, no bairro Funcion\u00e1rios,\u00a0tamb\u00e9m conhecido como\u00a0\u201cSavassi\u201d, pr\u00f3ximo ao centro da cidade,\u00a0\u00e0 200 metros da Pra\u00e7a da Liberdade. Endere\u00e7o completo:\u00a0Rua Alagoas, 721 &#8211; CEP 30130-165 &#8211; Savassi &#8211; Belo Horizonte (MG) Localiza\u00e7\u00e3o:\u00a0veja mapa Na porta do Consulado param as seguintes linhas de\u00a0\u00f4nibus: 4111 e [&hellip;]","protected":false},"author":3,"featured_media":0,"parent":34,"menu_order":2,"comment_status":"closed","ping_status":"closed","template":"","meta":{"footnotes":""},"class_list":["post-93","page","type-page","status-publish","hentry"],"_links":{"self":[{"href":"https:\/\/consbelohorizonte.esteri.it\/pt\/wp-json\/wp\/v2\/pages\/93","targetHints":{"allow":["GET"]}}],"collection":[{"href":"https:\/\/consbelohorizonte.esteri.it\/pt\/wp-json\/wp\/v2\/pages"}],"about":[{"href":"https:\/\/consbelohorizonte.esteri.it\/pt\/wp-json\/wp\/v2\/types\/page"}],"author":[{"embeddable":true,"href":"https:\/\/consbelohorizonte.esteri.it\/pt\/wp-json\/wp\/v2\/users\/3"}],"replies":[{"embeddable":true,"href":"https:\/\/consbelohorizonte.esteri.it\/pt\/wp-json\/wp\/v2\/comments?post=93"}],"version-history":[{"count":0,"href":"https:\/\/consbelohorizonte.esteri.it\/pt\/wp-json\/wp\/v2\/pages\/93\/revisions"}],"up":[{"embeddable":true,"href":"https:\/\/consbelohorizonte.esteri.it\/pt\/wp-json\/wp\/v2\/pages\/34"}],"wp:attachment":[{"href":"https:\/\/consbelohorizonte.esteri.it\/pt\/wp-json\/wp\/v2\/media?parent=93"}],"curies":[{"name":"wp","href":"https:\/\/api.w.org\/{rel}","templated":true}]}}