{"id":5864,"date":"2026-01-16T10:00:47","date_gmt":"2026-01-16T13:00:47","guid":{"rendered":"https:\/\/consbelohorizonte.esteri.it\/?page_id=5864"},"modified":"2026-03-10T12:47:24","modified_gmt":"2026-03-10T15:47:24","slug":"referendum-costituzionale-confermativo-2026","status":"publish","type":"page","link":"https:\/\/consbelohorizonte.esteri.it\/pt\/servizi-consolari-e-visti\/servizi-per-il-cittadino-italiano\/servizi-elettorali\/referendum-costituzionale-confermativo-2026\/","title":{"rendered":"Referendo Constitucional Confirmat\u00f3rio 2026"},"content":{"rendered":"<p>Por decreto do Presidente da Rep\u00fablica de 13\/01\/2026, publicado no Di\u00e1rio Oficial da Rep\u00fablica Italiana em 14\/01\/2026, foi fixada para os dias <strong>22 e 23 de MAR\u00c7O de 2026<\/strong> a data do referendo previsto no art. 138 da Constitui\u00e7\u00e3o para a modifica\u00e7\u00e3o de alguns artigos da Constitui\u00e7\u00e3o (denominada \u201cReforma da Justi\u00e7a\u201d).<\/p>\n<p>Todas as informa\u00e7\u00f5es relativas ao referendo e \u00e0s modalidades de vota\u00e7\u00e3o ser\u00e3o publicadas nesta p\u00e1gina.<\/p>\n<p>09.03.2026 &#8211; <a href=\"https:\/\/consbelohorizonte.esteri.it\/pt\/news\/dal_consolato\/2026\/03\/referendo-constitucional-2026-emissao-da-segunda-via-do-material-eleitoral\/\">REFERENDO CONSTITUCIONAL 2026: EMISS\u00c3O DA SEGUNDA VIA DO MATERIAL ELEITORAL<\/a><\/p>\n<p>26.01.2026 &#8211; <a href=\"https:\/\/consbelohorizonte.esteri.it\/pt\/news\/dal_consolato\/2026\/01\/referendo-2026-opcao-dos-eleitores-temporariamente-no-exterior\/\">OP\u00c7\u00c3O DOS ELEITORES TEMPORARIAMENTE NO EXTERIOR<\/a><\/p>\n<p>15.01.2026 \u2013 <a href=\"https:\/\/consbelohorizonte.esteri.it\/pt\/news\/dal_consolato\/2026\/01\/referendo-constitucional-confirmatorio-dias-22-e-23-de-marco-de-2026\/\">VOTO POR CORRESPOND\u00caNCIA DOS CIDAD\u00c3OS ITALIANOS NO EXTERIOR E OP\u00c7\u00c3O PELO VOTO NA IT\u00c1LIA<\/a><\/p>\n","protected":false},"excerpt":{"rendered":"Por decreto do Presidente da Rep\u00fablica de 13\/01\/2026, publicado no Di\u00e1rio Oficial da Rep\u00fablica Italiana em 14\/01\/2026, foi fixada para os dias 22 e 23 de MAR\u00c7O de 2026 a data do referendo previsto no art. 138 da Constitui\u00e7\u00e3o para a modifica\u00e7\u00e3o de alguns artigos da Constitui\u00e7\u00e3o (denominada \u201cReforma da Justi\u00e7a\u201d). Todas as informa\u00e7\u00f5es relativas [&hellip;]","protected":false},"author":20,"featured_media":0,"parent":202,"menu_order":0,"comment_status":"closed","ping_status":"closed","template":"","meta":{"footnotes":""},"class_list":["post-5864","page","type-page","status-publish","hentry"],"_links":{"self":[{"href":"https:\/\/consbelohorizonte.esteri.it\/pt\/wp-json\/wp\/v2\/pages\/5864","targetHints":{"allow":["GET"]}}],"collection":[{"href":"https:\/\/consbelohorizonte.esteri.it\/pt\/wp-json\/wp\/v2\/pages"}],"about":[{"href":"https:\/\/consbelohorizonte.esteri.it\/pt\/wp-json\/wp\/v2\/types\/page"}],"author":[{"embeddable":true,"href":"https:\/\/consbelohorizonte.esteri.it\/pt\/wp-json\/wp\/v2\/users\/20"}],"replies":[{"embeddable":true,"href":"https:\/\/consbelohorizonte.esteri.it\/pt\/wp-json\/wp\/v2\/comments?post=5864"}],"version-history":[{"count":5,"href":"https:\/\/consbelohorizonte.esteri.it\/pt\/wp-json\/wp\/v2\/pages\/5864\/revisions"}],"predecessor-version":[{"id":6088,"href":"https:\/\/consbelohorizonte.esteri.it\/pt\/wp-json\/wp\/v2\/pages\/5864\/revisions\/6088"}],"up":[{"embeddable":true,"href":"https:\/\/consbelohorizonte.esteri.it\/pt\/wp-json\/wp\/v2\/pages\/202"}],"wp:attachment":[{"href":"https:\/\/consbelohorizonte.esteri.it\/pt\/wp-json\/wp\/v2\/media?parent=5864"}],"curies":[{"name":"wp","href":"https:\/\/api.w.org\/{rel}","templated":true}]}}