{"id":4793,"date":"2025-06-23T17:21:28","date_gmt":"2025-06-23T20:21:28","guid":{"rendered":"https:\/\/consbelohorizonte.esteri.it\/?page_id=4793"},"modified":"2026-03-03T11:33:09","modified_gmt":"2026-03-03T14:33:09","slug":"reaquisicao-da-cidadania","status":"publish","type":"page","link":"https:\/\/consbelohorizonte.esteri.it\/pt\/servizi-consolari-e-visti\/servizi-per-il-cittadino-straniero\/cittadinanza\/reaquisicao-da-cidadania\/","title":{"rendered":"Reaquisi\u00e7\u00e3o da cidadania"},"content":{"rendered":"<p style=\"text-align: justify;\">O artigo 1-ter prev\u00ea que quem nasceu na It\u00e1lia ou nela residiu por pelo menos dois anos consecutivos, e tenha perdido a cidadania em aplica\u00e7\u00e3o de disposi\u00e7\u00f5es espec\u00edficas da Lei n\u00ba 555 de 1912, at\u00e9 <strong>e n\u00e3o al\u00e9m<\/strong> de 15 de agosto de 1992, poder\u00e1 readquiri-la se fizer uma <strong>declara\u00e7\u00e3o nesse sentido entre 1\u00ba de julho de 2025 e 31 de dezembro de 2027<\/strong>.<\/p>\n<p style=\"text-align: justify;\">Esses procedimentos de reaquisi\u00e7\u00e3o da cidadania estar\u00e3o sujeitos a uma <strong>taxa reduzida de 250 euros<\/strong>, a ser paga, exclusivamente com cart\u00e3o de d\u00e9bito, neste Consulado Geral no momento da apresenta\u00e7\u00e3o formal do pedido. Recomenda-se verificar junto ao banco se o limite di\u00e1rio de pagamento \u00e9 suficiente para efetuar o pagamento da relativa taxa consular.<\/p>\n<p style=\"text-align: justify;\">Para apresentar a Declara\u00e7\u00e3o, \u00e9 necess\u00e1rio preencher o pedido e enviar-lo por Correios ao endere\u00e7o do Consulado Geral da It\u00e1lia em Belo Horizonte:<\/p>\n<p style=\"padding-left: 80px; text-align: justify;\"><strong>Aos cuidados do SETOR DE CIDADANIA<\/strong><\/p>\n<p style=\"padding-left: 80px; text-align: justify;\"><strong>Pedido para Declara\u00e7\u00e3o de reaquisi\u00e7\u00e3o da cidadania italiana<\/strong><\/p>\n<p style=\"padding-left: 80px; text-align: justify;\">Rua Alagoas, 721 &#8211;\u00a030130-165 Belo Horizonte-MG<\/p>\n<p style=\"text-align: justify;\">Inicialmente, ser\u00e3o aceitos os pedidos enviados at\u00e9 o <strong>31 de agosto. Ser\u00e1 considerada v\u00e1lida a data do carimbo postal.<\/strong><\/p>\n<p style=\"text-align: justify;\">Posteriormente, ap\u00f3s a an\u00e1lise dos pedidos recebidos neste per\u00edodo, ser\u00e3o abertas novas vagas para o envio de mais solicita\u00e7\u00f5es. A abertura de novas vagas ser\u00e1 publicada na se\u00e7\u00e3o das not\u00edcias do site deste Consulado Geral e redes sociais.<\/p>\n<p style=\"text-align: justify;\">A seguinte documenta\u00e7\u00e3o dever\u00e1 ser anexada ao pedido:<\/p>\n<ol style=\"text-align: justify;\">\n<li>c\u00f3pia de um documento de identifica\u00e7\u00e3o v\u00e1lido: carteira de identidade (RG) emitida h\u00e1 menos de 10 anos ou CNI (Carteira de Identidade Nacional), passaporte ou CNH (que indique o local de nascimento),<\/li>\n<li>certid\u00e3o de nascimento integral (de inteiro teor) e respectiva tradu\u00e7\u00e3o juramentada, ambas apostiladas;<\/li>\n<li>eventual certificado hist\u00f3rico de resid\u00eancia emitido pelo Comune italiano competente;<\/li>\n<li>eventual certificado de naturaliza\u00e7\u00e3o e respectiva tradu\u00e7\u00e3o juramentada, ambas apostiladas.<\/li>\n<\/ol>\n<p>ATEN\u00c7\u00c3O: N\u00e3o s\u00e3o aceitos documentos eletr\u00f4nicos\/digitais, apostilas digitais e tradu\u00e7\u00f5es assinadas digitalmente.<\/p>\n","protected":false},"excerpt":{"rendered":"O artigo 1-ter prev\u00ea que quem nasceu na It\u00e1lia ou nela residiu por pelo menos dois anos consecutivos, e tenha perdido a cidadania em aplica\u00e7\u00e3o de disposi\u00e7\u00f5es espec\u00edficas da Lei n\u00ba 555 de 1912, at\u00e9 e n\u00e3o al\u00e9m de 15 de agosto de 1992, poder\u00e1 readquiri-la se fizer uma declara\u00e7\u00e3o nesse sentido entre 1\u00ba de [&hellip;]","protected":false},"author":20,"featured_media":0,"parent":210,"menu_order":0,"comment_status":"closed","ping_status":"closed","template":"","meta":{"footnotes":""},"class_list":["post-4793","page","type-page","status-publish","hentry"],"_links":{"self":[{"href":"https:\/\/consbelohorizonte.esteri.it\/pt\/wp-json\/wp\/v2\/pages\/4793","targetHints":{"allow":["GET"]}}],"collection":[{"href":"https:\/\/consbelohorizonte.esteri.it\/pt\/wp-json\/wp\/v2\/pages"}],"about":[{"href":"https:\/\/consbelohorizonte.esteri.it\/pt\/wp-json\/wp\/v2\/types\/page"}],"author":[{"embeddable":true,"href":"https:\/\/consbelohorizonte.esteri.it\/pt\/wp-json\/wp\/v2\/users\/20"}],"replies":[{"embeddable":true,"href":"https:\/\/consbelohorizonte.esteri.it\/pt\/wp-json\/wp\/v2\/comments?post=4793"}],"version-history":[{"count":5,"href":"https:\/\/consbelohorizonte.esteri.it\/pt\/wp-json\/wp\/v2\/pages\/4793\/revisions"}],"predecessor-version":[{"id":6033,"href":"https:\/\/consbelohorizonte.esteri.it\/pt\/wp-json\/wp\/v2\/pages\/4793\/revisions\/6033"}],"up":[{"embeddable":true,"href":"https:\/\/consbelohorizonte.esteri.it\/pt\/wp-json\/wp\/v2\/pages\/210"}],"wp:attachment":[{"href":"https:\/\/consbelohorizonte.esteri.it\/pt\/wp-json\/wp\/v2\/media?parent=4793"}],"curies":[{"name":"wp","href":"https:\/\/api.w.org\/{rel}","templated":true}]}}