{"id":4752,"date":"2025-04-08T15:13:17","date_gmt":"2025-04-08T18:13:17","guid":{"rendered":"https:\/\/consbelohorizonte.esteri.it\/?page_id=4752"},"modified":"2025-08-01T15:10:30","modified_gmt":"2025-08-01T18:10:30","slug":"registro-de-nascimento-2","status":"publish","type":"page","link":"https:\/\/consbelohorizonte.esteri.it\/pt\/servizi-consolari-e-visti\/servizi-per-il-cittadino-italiano\/stato-civile\/registro-de-nascimento-2\/","title":{"rendered":"Registro de Nascimento"},"content":{"rendered":"<div class=\"entry-content\">\n<p>Para a transcri\u00e7\u00e3o das certid\u00f5es de nascimento de menores nascidos no Brasil, por favor verificar as informa\u00e7\u00f5es na pagina:<\/p>\n<p><a href=\"https:\/\/consbelohorizonte.esteri.it\/pt\/servizi-consolari-e-visti\/servizi-per-il-cittadino-straniero\/cittadinanza\/novos-casos-de-aquisicao-da-cidadania-no-exterior-filhos-menores-de-cidadaos-que-nao-transmitem-automaticamente-a-cidadania-italiana\/\">Novos casos de aquisi\u00e7\u00e3o da cidadania no exterior (filhos menores de cidad\u00e3os que n\u00e3o transmitem automaticamente a cidadania italiana) \u2013 Consolato Generale d&#8217;Italia Belo Horizonte<\/a><\/p>\n<\/div>\n","protected":false},"excerpt":{"rendered":"Para a transcri\u00e7\u00e3o das certid\u00f5es de nascimento de menores nascidos no Brasil, por favor verificar as informa\u00e7\u00f5es na pagina: Novos casos de aquisi\u00e7\u00e3o da cidadania no exterior (filhos menores de cidad\u00e3os que n\u00e3o transmitem automaticamente a cidadania italiana) \u2013 Consolato Generale d&#8217;Italia Belo Horizonte","protected":false},"author":20,"featured_media":0,"parent":200,"menu_order":1,"comment_status":"closed","ping_status":"closed","template":"","meta":{"footnotes":""},"class_list":["post-4752","page","type-page","status-publish","hentry"],"_links":{"self":[{"href":"https:\/\/consbelohorizonte.esteri.it\/pt\/wp-json\/wp\/v2\/pages\/4752","targetHints":{"allow":["GET"]}}],"collection":[{"href":"https:\/\/consbelohorizonte.esteri.it\/pt\/wp-json\/wp\/v2\/pages"}],"about":[{"href":"https:\/\/consbelohorizonte.esteri.it\/pt\/wp-json\/wp\/v2\/types\/page"}],"author":[{"embeddable":true,"href":"https:\/\/consbelohorizonte.esteri.it\/pt\/wp-json\/wp\/v2\/users\/20"}],"replies":[{"embeddable":true,"href":"https:\/\/consbelohorizonte.esteri.it\/pt\/wp-json\/wp\/v2\/comments?post=4752"}],"version-history":[{"count":2,"href":"https:\/\/consbelohorizonte.esteri.it\/pt\/wp-json\/wp\/v2\/pages\/4752\/revisions"}],"predecessor-version":[{"id":5163,"href":"https:\/\/consbelohorizonte.esteri.it\/pt\/wp-json\/wp\/v2\/pages\/4752\/revisions\/5163"}],"up":[{"embeddable":true,"href":"https:\/\/consbelohorizonte.esteri.it\/pt\/wp-json\/wp\/v2\/pages\/200"}],"wp:attachment":[{"href":"https:\/\/consbelohorizonte.esteri.it\/pt\/wp-json\/wp\/v2\/media?parent=4752"}],"curies":[{"name":"wp","href":"https:\/\/api.w.org\/{rel}","templated":true}]}}