{"id":4490,"date":"2025-04-08T16:25:53","date_gmt":"2025-04-08T19:25:53","guid":{"rendered":"https:\/\/consbelohorizonte.esteri.it\/?page_id=4490"},"modified":"2026-03-03T13:23:11","modified_gmt":"2026-03-03T16:23:11","slug":"registro-de-divorcio","status":"publish","type":"page","link":"https:\/\/consbelohorizonte.esteri.it\/pt\/servizi-consolari-e-visti\/servizi-per-il-cittadino-italiano\/stato-civile\/registro-de-divorcio\/","title":{"rendered":"Registro de div\u00f3rcio"},"content":{"rendered":"<p>Enviar POR CORREIO, aos cuidados do Setor de Registro Civil, a seguinte documenta\u00e7\u00e3o:<\/p>\n<p>1) Requerimento de transcri\u00e7\u00e3o do div\u00f3rcio <a href=\"https:\/\/consbelohorizonte.esteri.it\/wp-content\/uploads\/2024\/01\/Richiesta-Trascrizione-Divorzio.doc\"><strong>(clique aqui)<\/strong><\/a>;<br \/>\n2) Declara\u00e7\u00e3o substitutiva do ato de notoriedade <a href=\"https:\/\/consbelohorizonte.esteri.it\/wp-content\/uploads\/2024\/01\/Dichiarazione-sostitutiva-divorzio-sentenza.doc\"><strong>(clique aqui)<\/strong><\/a> ;<br \/>\n3)\u00a0<strong>Senten\u00e7a do div\u00f3rcio<\/strong>\u00a0com especifica\u00e7\u00e3o do\u00a0<strong>tr\u00e2nsito em julgado<\/strong>, com carimbo do Forum competente de c\u00f3pia conforme ao original e rubrica do Poder Judici\u00e1rio ou do Escriv\u00e3o, apostilada em cart\u00f3rio;<br \/>\nLembramos que as senten\u00e7as de separa\u00e7\u00e3o n\u00e3o s\u00e3o reconhecidas pela normativa italiana.<br \/>\n4) Certid\u00e3o de casamento DE INTEIRO TEOR em original emitida pelo cart\u00f3rio de registro civil brasileiro, recente (emitida h\u00e1, no m\u00e1ximo, um ano), com a\u00a0<strong>averba\u00e7\u00e3o do div\u00f3rcio transitado em julgado<\/strong> e apostilada em cart\u00f3rio;<br \/>\n5) Tradu\u00e7\u00e3o para o italiano dos documentos citados nos itens 3 e 4 feita por um tradutor juramentado <strong><a href=\"https:\/\/jucemg.mg.gov.br\/pagina\/99\/italiano\">(clique aqui)<\/a><\/strong> e apostilada em cart\u00f3rio;<br \/>\n6) Fotoc\u00f3pia do comprovante de resid\u00eancia e do documento de identidade do requerente.<\/p>\n<p>ATEN\u00c7\u00c3O: N\u00e3o s\u00e3o aceitos documentos eletr\u00f4nicos\/digitais, apostilas digitais e tradu\u00e7\u00f5es assinadas digitalmente.<\/p>\n<p>No caso de\u00a0<strong>div\u00f3rcio extrajudicial<\/strong> (Lei brasileira n\u00ba 11.441, de 4\/1\/2007), o interessado deve enviar:<br \/>\n1) Requerimento de transcri\u00e7\u00e3o do div\u00f3rcio <a href=\"https:\/\/consbelohorizonte.esteri.it\/wp-content\/uploads\/2024\/01\/Richiesta-Trascrizione-Divorzio.doc\"><strong>(clique aqui);<\/strong><\/a><br \/>\n2) Declara\u00e7\u00e3o substitutiva do ato de notoriedade <a href=\"https:\/\/consbelohorizonte.esteri.it\/wp-content\/uploads\/2024\/01\/Dichiarazione-sostitutiva-divorzio-amministrativo.doc\"><strong>(clique aqui);<\/strong><\/a><br \/>\n3) Escritura p\u00fablica de div\u00f3rcio em original emitida pelo cart\u00f3rio competente e apostilada em cart\u00f3rio;<br \/>\n4) Certid\u00e3o de casamento DE INTEIRO TEOR em original emitida pelo cart\u00f3rio de registro civil brasileiro, recente (emitida h\u00e1, no m\u00e1ximo, um ano),\u00a0<strong>com a averba\u00e7\u00e3o do div\u00f3rcio<\/strong> e apostilada em cart\u00f3rio;<br \/>\n5) Tradu\u00e7\u00e3o para o italiano dos documentos citados nos itens 3 e 4 feita por um tradutor juramentado <strong><a href=\"https:\/\/jucemg.mg.gov.br\/pagina\/99\/italiano\">(clique aqui)<\/a><\/strong> e apostilada em cart\u00f3rio;<br \/>\n6) Fotoc\u00f3pia do comprovante de resid\u00eancia e do documento de identidade do requerente.<\/p>\n<p>ATEN\u00c7\u00c3O: N\u00e3o s\u00e3o aceitos documentos eletr\u00f4nicos\/digitais, apostilas digitais e tradu\u00e7\u00f5es assinadas digitalmente.<\/p>\n<p><strong>Todos os documentos de Registro Civil dever\u00e3o ser enviados EXCLUSIVAMENTE por correio (carta simples, registrada ou Sedex, a escolha do requerente). No campo destinat\u00e1rio do envelope dever\u00e1 constar:<\/strong><\/p>\n<p>A\/C Setor de REGISTRO CIVIL<br \/>\nConsulado da It\u00e1lia em Belo Horizonte<br \/>\nRua Alagoas, 721. Savassi<br \/>\nBelo Horizonte (MG). CEP: 30130-165<\/p>\n","protected":false},"excerpt":{"rendered":"Enviar POR CORREIO, aos cuidados do Setor de Registro Civil, a seguinte documenta\u00e7\u00e3o: 1) Requerimento de transcri\u00e7\u00e3o do div\u00f3rcio (clique aqui); 2) Declara\u00e7\u00e3o substitutiva do ato de notoriedade (clique aqui) ; 3)\u00a0Senten\u00e7a do div\u00f3rcio\u00a0com especifica\u00e7\u00e3o do\u00a0tr\u00e2nsito em julgado, com carimbo do Forum competente de c\u00f3pia conforme ao original e rubrica do Poder Judici\u00e1rio ou do [&hellip;]","protected":false},"author":20,"featured_media":0,"parent":200,"menu_order":4,"comment_status":"closed","ping_status":"closed","template":"","meta":{"footnotes":""},"class_list":["post-4490","page","type-page","status-publish","hentry"],"_links":{"self":[{"href":"https:\/\/consbelohorizonte.esteri.it\/pt\/wp-json\/wp\/v2\/pages\/4490","targetHints":{"allow":["GET"]}}],"collection":[{"href":"https:\/\/consbelohorizonte.esteri.it\/pt\/wp-json\/wp\/v2\/pages"}],"about":[{"href":"https:\/\/consbelohorizonte.esteri.it\/pt\/wp-json\/wp\/v2\/types\/page"}],"author":[{"embeddable":true,"href":"https:\/\/consbelohorizonte.esteri.it\/pt\/wp-json\/wp\/v2\/users\/20"}],"replies":[{"embeddable":true,"href":"https:\/\/consbelohorizonte.esteri.it\/pt\/wp-json\/wp\/v2\/comments?post=4490"}],"version-history":[{"count":2,"href":"https:\/\/consbelohorizonte.esteri.it\/pt\/wp-json\/wp\/v2\/pages\/4490\/revisions"}],"predecessor-version":[{"id":6037,"href":"https:\/\/consbelohorizonte.esteri.it\/pt\/wp-json\/wp\/v2\/pages\/4490\/revisions\/6037"}],"up":[{"embeddable":true,"href":"https:\/\/consbelohorizonte.esteri.it\/pt\/wp-json\/wp\/v2\/pages\/200"}],"wp:attachment":[{"href":"https:\/\/consbelohorizonte.esteri.it\/pt\/wp-json\/wp\/v2\/media?parent=4490"}],"curies":[{"name":"wp","href":"https:\/\/api.w.org\/{rel}","templated":true}]}}