{"id":4487,"date":"2025-04-08T16:24:47","date_gmt":"2025-04-08T19:24:47","guid":{"rendered":"https:\/\/consbelohorizonte.esteri.it\/?page_id=4487"},"modified":"2026-03-03T13:22:44","modified_gmt":"2026-03-03T16:22:44","slug":"registro-de-obito","status":"publish","type":"page","link":"https:\/\/consbelohorizonte.esteri.it\/pt\/servizi-consolari-e-visti\/servizi-per-il-cittadino-italiano\/stato-civile\/registro-de-obito\/","title":{"rendered":"Registro de \u00f3bito"},"content":{"rendered":"<p>Enviar POR CORREIO, aos cuidados do Setor de Registro Civil, a seguinte documenta\u00e7\u00e3o:<strong><br \/>\n<\/strong><\/p>\n<p>1) Requerimento de transcri\u00e7\u00e3o da certid\u00e3o de \u00f3bito\u00a0 <a href=\"https:\/\/consbelohorizonte.esteri.it\/wp-content\/uploads\/2024\/01\/Richiesta-Trascrizione-Certificato-Morte.doc\"><strong>(clique aqui)<\/strong><\/a>;<br \/>\n2)\u00a0<strong>Certid\u00e3o de \u00f3bito<\/strong> em original emitida pelo cart\u00f3rio de registro civil brasileiro e apostilada em cart\u00f3rio;<br \/>\n3) Tradu\u00e7\u00e3o da certid\u00e3o de \u00f3bito para a l\u00edngua italiana feita por um tradutor juramentado <strong><a href=\"https:\/\/jucemg.mg.gov.br\/pagina\/99\/italiano\">(clique aqui)<\/a><\/strong> e apostilada em cart\u00f3rio.<\/p>\n<p>ATEN\u00c7\u00c3O: N\u00e3o s\u00e3o aceitos documentos eletr\u00f4nicos\/digitais, apostilas digitais e tradu\u00e7\u00f5es assinadas digitalmente.<\/p>\n<p><strong>Todos os documentos de Registro Civil dever\u00e3o ser enviados EXCLUSIVAMENTE por correio (carta simples, registrada ou Sedex, a escolha do requerente). No campo destinat\u00e1rio do envelope dever\u00e1 constar:<\/strong><\/p>\n<p>A\/C Setor de REGISTRO CIVIL<br \/>\nConsulado da It\u00e1lia em Belo Horizonte<br \/>\nRua Alagoas, 721. Savassi<br \/>\nBelo Horizonte (MG). CEP: 30130-165<\/p>\n","protected":false},"excerpt":{"rendered":"Enviar POR CORREIO, aos cuidados do Setor de Registro Civil, a seguinte documenta\u00e7\u00e3o: 1) Requerimento de transcri\u00e7\u00e3o da certid\u00e3o de \u00f3bito\u00a0 (clique aqui); 2)\u00a0Certid\u00e3o de \u00f3bito em original emitida pelo cart\u00f3rio de registro civil brasileiro e apostilada em cart\u00f3rio; 3) Tradu\u00e7\u00e3o da certid\u00e3o de \u00f3bito para a l\u00edngua italiana feita por um tradutor juramentado (clique [&hellip;]","protected":false},"author":20,"featured_media":0,"parent":200,"menu_order":5,"comment_status":"closed","ping_status":"closed","template":"","meta":{"footnotes":""},"class_list":["post-4487","page","type-page","status-publish","hentry"],"_links":{"self":[{"href":"https:\/\/consbelohorizonte.esteri.it\/pt\/wp-json\/wp\/v2\/pages\/4487","targetHints":{"allow":["GET"]}}],"collection":[{"href":"https:\/\/consbelohorizonte.esteri.it\/pt\/wp-json\/wp\/v2\/pages"}],"about":[{"href":"https:\/\/consbelohorizonte.esteri.it\/pt\/wp-json\/wp\/v2\/types\/page"}],"author":[{"embeddable":true,"href":"https:\/\/consbelohorizonte.esteri.it\/pt\/wp-json\/wp\/v2\/users\/20"}],"replies":[{"embeddable":true,"href":"https:\/\/consbelohorizonte.esteri.it\/pt\/wp-json\/wp\/v2\/comments?post=4487"}],"version-history":[{"count":2,"href":"https:\/\/consbelohorizonte.esteri.it\/pt\/wp-json\/wp\/v2\/pages\/4487\/revisions"}],"predecessor-version":[{"id":6035,"href":"https:\/\/consbelohorizonte.esteri.it\/pt\/wp-json\/wp\/v2\/pages\/4487\/revisions\/6035"}],"up":[{"embeddable":true,"href":"https:\/\/consbelohorizonte.esteri.it\/pt\/wp-json\/wp\/v2\/pages\/200"}],"wp:attachment":[{"href":"https:\/\/consbelohorizonte.esteri.it\/pt\/wp-json\/wp\/v2\/media?parent=4487"}],"curies":[{"name":"wp","href":"https:\/\/api.w.org\/{rel}","templated":true}]}}