{"id":4475,"date":"2025-04-08T16:05:50","date_gmt":"2025-04-08T19:05:50","guid":{"rendered":"https:\/\/consbelohorizonte.esteri.it\/?page_id=4475"},"modified":"2026-03-03T13:24:00","modified_gmt":"2026-03-03T16:24:00","slug":"sentencas-de-adocao","status":"publish","type":"page","link":"https:\/\/consbelohorizonte.esteri.it\/pt\/servizi-consolari-e-visti\/servizi-per-il-cittadino-italiano\/stato-civile\/sentencas-de-adocao\/","title":{"rendered":"Senten\u00e7as de ado\u00e7\u00e3o"},"content":{"rendered":"<h6><strong>O Decreto-lei de 28 de mar\u00e7o de 2025, n\u00ba 36 (<a href=\"https:\/\/www.gazzettaufficiale.it\/eli\/id\/2025\/03\/28\/25G00049\/SG\">ler aqui na gazzetta ufficiale<\/a>), que estabelece disposi\u00e7\u00f5es urgentes em mat\u00e9ria de cidadania, modificou os requisitos para a transmiss\u00e3o da cidadania.<\/strong><\/h6>\n<p>Enquanto se aguarda a convers\u00e3o do Decreto-lei, apresentam-se as seguintes disposi\u00e7\u00f5es operacionais:<\/p>\n<ul>\n<li>Todos os pedidos de transcri\u00e7\u00e3o de certid\u00e3o de nascimento de filhos menores de cidad\u00e3os italianos, devidamente apresentados junto a esta Sede consular at\u00e9 o dia 27 de mar\u00e7o de 2025 (ser\u00e3o levados em considera\u00e7\u00e3o os pedidos enviados ao Consulado ou recebidos por correio e\/ou mediante atendimento presencial no guich\u00ea at\u00e9 essa data), ser\u00e3o analisados e avaliados de acordo com a legisla\u00e7\u00e3o em vigor antes da ado\u00e7\u00e3o do referido Decreto-lei.<\/li>\n<li>Todos os pedidos de transcri\u00e7\u00e3o de certid\u00e3o de nascimento de filhos menores posteriores a 27 de mar\u00e7o de 2025 ser\u00e3o analisados e avaliados de acordo com as altera\u00e7\u00f5es estabelecidas pelo referido Decreto-lei. Em particular, ser\u00e1 encaminhado ao Munic\u00edpio italiano competente o pedido de transcri\u00e7\u00e3o dos registros de nascimento de menores que sejam:<\/li>\n<li>Filhos de cidad\u00e3o(\u00e3os) italiano(s) nascido(s) na It\u00e1lia;<\/li>\n<li>Netos de cidad\u00e3o(\u00e3os) italiano(s) nascido(s) na It\u00e1lia;<\/li>\n<li>Filhos de cidad\u00e3o(\u00e3os) italiano(s) nascido(s) no exterior que tenha(m) vivido na It\u00e1lia por pelo menos 2 (dois) anos consecutivos, mesmo antes de ser(em) reconhecido(s) como italiano(s), desde que tenha(m) residido na It\u00e1lia antes do nascimento do filho menor (mediante a obten\u00e7\u00e3o do certificado hist\u00f3rico de resid\u00eancia emitido pelo Munic\u00edpio italiano competente);<\/li>\n<li>Filhos de cidad\u00e3o(\u00e3os) italiano(s) que n\u00e3o possuam outra cidadania (mediante a obten\u00e7\u00e3o da documenta\u00e7\u00e3o que comprove que o filho menor \u00e9 ap\u00e1trida).<\/li>\n<\/ul>\n<p>Lembra-se que a paternidade\/maternidade socioafetiva n\u00e3o \u00e9 atualmente reconhecida pela legisla\u00e7\u00e3o italiana.<\/p>\n<p><strong>Enviar POR CORREIO, aos cuidados do Setor de Registro Civil, a seguinte documenta\u00e7\u00e3o:<\/strong><\/p>\n<p>1) Formul\u00e1rio de solicita\u00e7\u00e3o do envio da senten\u00e7a ao Tribunal de Menores na It\u00e1lia assinado pelos dois genitores <a href=\"https:\/\/consbelohorizonte.esteri.it\/wp-content\/uploads\/2024\/01\/Richiesta-invio-sentenza-al-Tribunale-dei-Minori-Modello.doc\"><strong>(clique aqui);<\/strong><\/a><br \/>\n2) Declara\u00e7\u00e3o substitutiva do ato de notoriedade <a href=\"https:\/\/consbelohorizonte.esteri.it\/wp-content\/uploads\/2024\/01\/Dichiarazione-sostitutiva-sentenza-adozione.doc\"><strong>(clique aqui);<\/strong><\/a><br \/>\n3) C\u00f3pia conforme da senten\u00e7a de ado\u00e7\u00e3o com especifica\u00e7\u00e3o do tr\u00e2nsito em julgado, apostilada em cart\u00f3rio (a senten\u00e7a estrangeira de ado\u00e7\u00e3o n\u00e3o \u00e9 considerada automaticamente v\u00e1lida na It\u00e1lia);<br \/>\n4) Certid\u00e3o de nascimento\u00a0<strong>DE INTEIRO TEOR<\/strong> em original emitida pelo cart\u00f3rio de registro civil brasileiro, recente (emitida h\u00e1, no m\u00e1ximo, um ano) e apostilada em cart\u00f3rio;<br \/>\n5) Tradu\u00e7\u00e3o para o italiano dos documentos citados nos pontos 3 e 4 acima, feita por um tradutor juramentado <strong><a href=\"https:\/\/jucemg.mg.gov.br\/pagina\/99\/italiano\">(clique aqui)<\/a><\/strong> e apostilada em cart\u00f3rio;<br \/>\n6) C\u00f3pia dos documentos de identidade v\u00e1lidos dos dois genitores.<\/p>\n<p>ATEN\u00c7\u00c3O: N\u00e3o s\u00e3o aceitos documentos eletr\u00f4nicos\/digitais, apostilas digitais e tradu\u00e7\u00f5es assinadas digitalmente.<\/p>\n<p><strong>Todos os documentos de Registro Civil dever\u00e3o ser enviados EXCLUSIVAMENTE por correio (carta simples, registrada ou Sedex, a escolha do requerente). No campo destinat\u00e1rio do envelope dever\u00e1 constar:<\/strong><\/p>\n<p>A\/C Setor de REGISTRO CIVIL<br \/>\nConsulado da It\u00e1lia em Belo Horizonte<br \/>\nRua Alagoas, 721. Savassi<br \/>\nBelo Horizonte (MG). CEP: 30130-165<\/p>\n","protected":false},"excerpt":{"rendered":"O Decreto-lei de 28 de mar\u00e7o de 2025, n\u00ba 36 (ler aqui na gazzetta ufficiale), que estabelece disposi\u00e7\u00f5es urgentes em mat\u00e9ria de cidadania, modificou os requisitos para a transmiss\u00e3o da cidadania. Enquanto se aguarda a convers\u00e3o do Decreto-lei, apresentam-se as seguintes disposi\u00e7\u00f5es operacionais: Todos os pedidos de transcri\u00e7\u00e3o de certid\u00e3o de nascimento de filhos menores [&hellip;]","protected":false},"author":20,"featured_media":0,"parent":200,"menu_order":2,"comment_status":"closed","ping_status":"closed","template":"","meta":{"footnotes":""},"class_list":["post-4475","page","type-page","status-publish","hentry"],"_links":{"self":[{"href":"https:\/\/consbelohorizonte.esteri.it\/pt\/wp-json\/wp\/v2\/pages\/4475","targetHints":{"allow":["GET"]}}],"collection":[{"href":"https:\/\/consbelohorizonte.esteri.it\/pt\/wp-json\/wp\/v2\/pages"}],"about":[{"href":"https:\/\/consbelohorizonte.esteri.it\/pt\/wp-json\/wp\/v2\/types\/page"}],"author":[{"embeddable":true,"href":"https:\/\/consbelohorizonte.esteri.it\/pt\/wp-json\/wp\/v2\/users\/20"}],"replies":[{"embeddable":true,"href":"https:\/\/consbelohorizonte.esteri.it\/pt\/wp-json\/wp\/v2\/comments?post=4475"}],"version-history":[{"count":3,"href":"https:\/\/consbelohorizonte.esteri.it\/pt\/wp-json\/wp\/v2\/pages\/4475\/revisions"}],"predecessor-version":[{"id":6039,"href":"https:\/\/consbelohorizonte.esteri.it\/pt\/wp-json\/wp\/v2\/pages\/4475\/revisions\/6039"}],"up":[{"embeddable":true,"href":"https:\/\/consbelohorizonte.esteri.it\/pt\/wp-json\/wp\/v2\/pages\/200"}],"wp:attachment":[{"href":"https:\/\/consbelohorizonte.esteri.it\/pt\/wp-json\/wp\/v2\/media?parent=4475"}],"curies":[{"name":"wp","href":"https:\/\/api.w.org\/{rel}","templated":true}]}}