{"id":4354,"date":"2025-04-03T16:07:38","date_gmt":"2025-04-03T19:07:38","guid":{"rendered":"https:\/\/consbelohorizonte.esteri.it\/?page_id=4354"},"modified":"2025-05-26T09:28:08","modified_gmt":"2025-05-26T12:28:08","slug":"referendos-abrogativos-2025","status":"publish","type":"page","link":"https:\/\/consbelohorizonte.esteri.it\/pt\/servizi-consolari-e-visti\/servizi-per-il-cittadino-italiano\/servizi-elettorali\/referendos-abrogativos-2025\/","title":{"rendered":"Referendos abrogativos 2025"},"content":{"rendered":"<p><strong>Sobre o que ser\u00e1 a vota\u00e7\u00e3o?<\/strong><\/p>\n<p>Por meio dos Decretos do Presidente da Rep\u00fablica de 31\/03\/2025, publicados na Gazzetta Ufficiale, Serie Generale, n\u00ba 75, de 31\/03\/2025, foram convocados 5 referendos populares abrogativos para:<\/p>\n<p><strong>1. Cidadania italiana:<\/strong> Redu\u00e7\u00e3o do tempo m\u00ednimo de resid\u00eancia legal na It\u00e1lia para estrangeiros extracomunit\u00e1rios maiores de idade, de 10 para 5 anos, para solicita\u00e7\u00e3o da cidadania italiana.<br \/>\n<strong>2. Contrato de trabalho com prote\u00e7\u00f5es progressivas<\/strong> \u2013 regulamenta\u00e7\u00e3o de demiss\u00f5es il\u00edcitas: Revoga\u00e7\u00e3o.<br \/>\n<strong>3. Pequenas empresas \u2013<\/strong> demiss\u00f5es e indeniza\u00e7\u00f5es correspondentes: Revoga\u00e7\u00e3o parcial.<br \/>\n<strong>4.<\/strong> Revoga\u00e7\u00e3o parcial das normas sobre prazos nos <strong>contratos de trabalho subordinado<\/strong>, dura\u00e7\u00e3o m\u00e1xima e condi\u00e7\u00f5es para prorroga\u00e7\u00f5es e renova\u00e7\u00f5es.<br \/>\n<strong>5.<\/strong> <strong>Exclus\u00e3o da responsabilidade solid\u00e1ria do contratante<\/strong>, do empreiteiro e do subempreiteiro por acidentes sofridos por trabalhadores da empresa contratada ou subcontratada, quando decorrentes de riscos espec\u00edficos inerentes \u00e0 atividade dessas empresas: Revoga\u00e7\u00e3o.<\/p>\n<p>&nbsp;<\/p>\n<p><strong>Quem pode votar no exterior?<\/strong><\/p>\n<p>\u2022 Eleitores registrados no AIRE (Anagrafe degli Italiani Residenti all\u2019Estero \u2013 Cadastro dos Italianos Residentes no Exterior), que receber\u00e3o o envelope eleitoral diretamente no endere\u00e7o de resid\u00eancia no exterior.<br \/>\n\u2022 Italianos temporariamente no exterior por pelo menos tr\u00eas meses, exclusivamente POR MOTIVOS DE TRABALHO, ESTUDO OU TRATAMENTO M\u00c9DICO, assim como seus familiares que residam com eles no exterior.<\/p>\n<p><strong>ATEN\u00c7\u00c3O<\/strong>: o eleitor temporariamente no exterior deve apresentar um pedido espec\u00edfico ao seu Munic\u00edpio (Comune) de resid\u00eancia na It\u00e1lia AT\u00c9 7 DE MAIO para receber o envelope eleitoral.<\/p>\n<p>&nbsp;<\/p>\n<p><strong>Quando ser\u00e1 a vota\u00e7\u00e3o?<\/strong><\/p>\n<p>\u2022 <strong>Na It\u00e1lia, a vota\u00e7\u00e3o ocorrer\u00e1 no domingo, 8 de junho, e na segunda-feira, 9 de junho de 2025.<\/strong><\/p>\n<p><strong>Eleitores no exterior votam antecipadamente, por correspond\u00eancia<\/strong>. Os envelopes com o material eleitoral ser\u00e3o enviados ao endere\u00e7o de resid\u00eancia at\u00e9 21 DE MAIO.<\/p>\n<p><strong>ATEN\u00c7\u00c3O<\/strong>: eleitores que at\u00e9 25 DE MAIO ainda n\u00e3o tiverem recebido o envelope eleitoral poder\u00e3o entrar em contato com o respectivo escrit\u00f3rio consular de refer\u00eancia para solicitar a SEGUNDA VIA.<\/p>\n<p><strong>belohorizonte.elettorale@esteri.it<\/strong><\/p>\n<p><strong>Como votar?<\/strong><\/p>\n<p>A <strong>vota\u00e7\u00e3o ser\u00e1 feita por correspond\u00eancia.<\/strong> As c\u00e9dulas devem ser devolvidas ao consulado, seguindo rigorosamente <strong>as instru\u00e7\u00f5es contidas no informativo que se encontra dentro do envelope eleitoral<\/strong> e utilizando apenas o material fornecido. Somente as c\u00e9dulas entregues ao respectivo escrit\u00f3rio consular <strong>AT\u00c9 AS 16 HORAS (hor\u00e1rio local)<\/strong> da quinta-feira, 5 DE JUNHO, ser\u00e3o enviadas para a It\u00e1lia para a apura\u00e7\u00e3o dos votos.<\/p>\n<p>&nbsp;<\/p>\n<p><strong>Veja Tamb\u00e9m:<\/strong><\/p>\n<h1 class=\"entry-title h3\"><a href=\"https:\/\/consbelohorizonte.esteri.it\/pt\/news\/dal_consolato\/2025\/04\/4334\/\">Referendos abrogativos de 08 e 09 de junho de 2025 \u2013 Voto pelo correio dos cidad\u00e3os italianos residentes no exterior e op\u00e7\u00e3o pelo voto na it\u00e1lia<\/a><\/h1>\n<h1 class=\"entry-title h3\"><\/h1>\n","protected":false},"excerpt":{"rendered":"Sobre o que ser\u00e1 a vota\u00e7\u00e3o? Por meio dos Decretos do Presidente da Rep\u00fablica de 31\/03\/2025, publicados na Gazzetta Ufficiale, Serie Generale, n\u00ba 75, de 31\/03\/2025, foram convocados 5 referendos populares abrogativos para: 1. Cidadania italiana: Redu\u00e7\u00e3o do tempo m\u00ednimo de resid\u00eancia legal na It\u00e1lia para estrangeiros extracomunit\u00e1rios maiores de idade, de 10 para 5 [&hellip;]","protected":false},"author":20,"featured_media":4358,"parent":202,"menu_order":0,"comment_status":"closed","ping_status":"closed","template":"","meta":{"footnotes":""},"class_list":["post-4354","page","type-page","status-publish","has-post-thumbnail","hentry"],"_links":{"self":[{"href":"https:\/\/consbelohorizonte.esteri.it\/pt\/wp-json\/wp\/v2\/pages\/4354","targetHints":{"allow":["GET"]}}],"collection":[{"href":"https:\/\/consbelohorizonte.esteri.it\/pt\/wp-json\/wp\/v2\/pages"}],"about":[{"href":"https:\/\/consbelohorizonte.esteri.it\/pt\/wp-json\/wp\/v2\/types\/page"}],"author":[{"embeddable":true,"href":"https:\/\/consbelohorizonte.esteri.it\/pt\/wp-json\/wp\/v2\/users\/20"}],"replies":[{"embeddable":true,"href":"https:\/\/consbelohorizonte.esteri.it\/pt\/wp-json\/wp\/v2\/comments?post=4354"}],"version-history":[{"count":4,"href":"https:\/\/consbelohorizonte.esteri.it\/pt\/wp-json\/wp\/v2\/pages\/4354\/revisions"}],"predecessor-version":[{"id":4581,"href":"https:\/\/consbelohorizonte.esteri.it\/pt\/wp-json\/wp\/v2\/pages\/4354\/revisions\/4581"}],"up":[{"embeddable":true,"href":"https:\/\/consbelohorizonte.esteri.it\/pt\/wp-json\/wp\/v2\/pages\/202"}],"wp:featuredmedia":[{"embeddable":true,"href":"https:\/\/consbelohorizonte.esteri.it\/pt\/wp-json\/wp\/v2\/media\/4358"}],"wp:attachment":[{"href":"https:\/\/consbelohorizonte.esteri.it\/pt\/wp-json\/wp\/v2\/media?parent=4354"}],"curies":[{"name":"wp","href":"https:\/\/api.w.org\/{rel}","templated":true}]}}