{"id":428,"date":"2023-04-22T18:02:30","date_gmt":"2023-04-22T21:02:30","guid":{"rendered":"https:\/\/consbelohorizonte.esteri.it\/servizi-consolari-e-visti\/servizi-per-il-cittadino-italiano\/modulistica-e-tariffe-consolari\/"},"modified":"2026-04-01T11:33:08","modified_gmt":"2026-04-01T14:33:08","slug":"modulistica-e-tariffe-consolari","status":"publish","type":"page","link":"https:\/\/consbelohorizonte.esteri.it\/pt\/servizi-consolari-e-visti\/servizi-per-il-cittadino-italiano\/modulistica-e-tariffe-consolari\/","title":{"rendered":"Formul\u00e1rios, Tarifas Consulares e Links"},"content":{"rendered":"<p><strong>TARIFAS CONSULARES em vigor a partir de 01\/04\/2026<\/strong><\/p>\n<ul>\n<li><strong>Cidadania:<\/strong> R$ <strong>3.808,90<\/strong> =&gt; pagamento com cart\u00e3o de d\u00e9bito.<\/li>\n<li><strong>Passaporte:<\/strong> R$ <strong>739,03<\/strong>\u00a0=&gt; pagamento com cart\u00e3o de d\u00e9bito.<\/li>\n<li><strong>Declara\u00e7\u00e3o de Valor:<\/strong> R$ <strong>317,75<\/strong>\u00a0=&gt; pagamento com cart\u00e3o de d\u00e9bito.<\/li>\n<li><strong>Carteira de identidade: R$ 140,43<\/strong>\u00a0=&gt;pagamento com cart\u00e3o de d\u00e9bito.<\/li>\n<\/ul>\n<p>&nbsp;<\/p>\n<p><strong>MAIS INFORMA\u00c7\u00d5ES SOBRE ESTAS E OUTRAS TARIFAS =&gt; <\/strong><a href=\"https:\/\/consbelohorizonte.esteri.it\/wp-content\/uploads\/2026\/04\/2\u00b0-da-01.04.2026.xls\">AQUI<\/a><\/p>\n<p><strong>FORMUL\u00c1RIOS<\/strong><\/p>\n<p><strong>Prote\u00e7\u00e3o dos dados pessoais: modelos de informativos para os usu\u00e1rios sobre os servi\u00e7os consulares.<\/strong><\/p>\n<ul>\n<li><a href=\"https:\/\/consbelohorizonte.esteri.it\/wp-content\/uploads\/2023\/04\/informativa-per-pratiche-di-cittadinanza.pdf\">informativo sobre os pedidos de cidadania<\/a><\/li>\n<li><a href=\"https:\/\/consbelohorizonte.esteri.it\/wp-content\/uploads\/2023\/04\/informativa-su-restanti-servizi-consolari.pdf\">informativo sobre os outros servi\u00e7os consulares<\/a><\/li>\n<\/ul>\n<p>&nbsp;<\/p>\n<p><strong>Assist\u00eancia<\/strong><\/p>\n<ul>\n<li><a href=\"https:\/\/consbelohorizonte.esteri.it\/wp-content\/uploads\/2023\/04\/Richiesta-assistenza-diretta-autocertificazione.pdf\">Solicita\u00e7\u00e3o de aux\u00edlio (&#8220;autocertificazione&#8221;)<\/a><\/li>\n<li><a href=\"https:\/\/consbelohorizonte.esteri.it\/wp-content\/uploads\/2023\/04\/Richiesta-assistenza-diretta-autocertificazione.pdf\">Solicita\u00e7\u00e3o do certificado de direito \u00e0 pens\u00e3o italiana<\/a><\/li>\n<\/ul>\n<p>&nbsp;<\/p>\n<p><strong>&#8220;Codice fiscale&#8221;<\/strong><\/p>\n<ul>\n<li><a href=\"https:\/\/consbelohorizonte.esteri.it\/wp-content\/uploads\/2023\/04\/Modulo-per-richiesta-di-codice-fiscale-CF-mod.-AA4-8.pdf\">Formul\u00e1rio para solicita\u00e7\u00e3o do &#8220;Codice fiscale&#8221; (CF mod. AA4-8)<\/a><\/li>\n<li><a href=\"https:\/\/consbelohorizonte.esteri.it\/wp-content\/uploads\/2023\/04\/Istruzioni-per-rilascio-del-Codice-Fiscale.pdf\">Instru\u00e7\u00f5es para a emiss\u00e3o do &#8220;Codice fiscale&#8221;<\/a><\/li>\n<\/ul>\n<p>&nbsp;<\/p>\n<p><strong>Cidadania por descend\u00eancia<\/strong><\/p>\n<ul>\n<li><a href=\"https:\/\/consbelohorizonte.esteri.it\/wp-content\/uploads\/2023\/04\/Modello-per-richiedere-latto-di-nascita-al-Comune.doc\">Modelo para solicitar a certid\u00e3o de nascimento do &#8220;dante causa&#8221; ao &#8220;Comune&#8221;<\/a><\/li>\n<li><a href=\"https:\/\/consbelohorizonte.esteri.it\/wp-content\/uploads\/2023\/04\/Albero-genealogico-PDF.pdf\">\u00c1rvore genealogica (PDF)<\/a><\/li>\n<li><a href=\"https:\/\/consbelohorizonte.esteri.it\/wp-content\/uploads\/2023\/04\/Albero-genealogico-PDF.pdf\">\u00c1rvore genealogica<\/a><a href=\"https:\/\/consbelohorizonte.esteri.it\/wp-content\/uploads\/2023\/04\/Albero-genealogico-Excell.xls\"> (Excell)<\/a><\/li>\n<li><a href=\"https:\/\/consbelohorizonte.esteri.it\/wp-content\/uploads\/2024\/05\/scheda_anagrafica-1.doc\">Ficha de cadastro<\/a><\/li>\n<li><a href=\"https:\/\/consbelohorizonte.esteri.it\/wp-content\/uploads\/2024\/05\/Dichiarazione-sostitutiva-dell\u00b4atto-di-notorieta-per-le-sentenze-di-divorzio.doc\">&#8220;Dichiarazione sostitutiva dell&#8217;atto di notoriet\u00e0&#8221; (senten\u00e7as de div\u00f3rcio)<\/a><\/li>\n<li><a href=\"https:\/\/consbelohorizonte.esteri.it\/wp-content\/uploads\/2023\/04\/Dichiarazione-sostitutiva-dell\u00b4atto-di-notorieta-per-gli-atti-pubblici-di-divorzio-consensuale.doc\">&#8220;Dichiarazione sostitutiva dell&#8217;atto di notoriet\u00e0&#8221; (div\u00f3rcios administrativos)<\/a><\/li>\n<li><a href=\"https:\/\/consbelohorizonte.esteri.it\/wp-content\/uploads\/2024\/10\/Modulo-di-riconoscimento-di-paternita-maternita-di-figlio-MINORE-di-14-anni-1.pdf\">Modelo de reconhecimento de paternidade\/maternidade de filhos MENORES de 14 anos<\/a><\/li>\n<li><a href=\"https:\/\/consbelohorizonte.esteri.it\/wp-content\/uploads\/2024\/10\/Modulo-di-riconoscimento-di-paternita-maternita-di-figlio-MAGGIORE-di-14-anni-1.pdf\">Modelo de reconhecimento de paternidade\/maternidade de filhos MAIORES de 14 anos<\/a><\/li>\n<li><a href=\"https:\/\/consbelohorizonte.esteri.it\/wp-content\/uploads\/2023\/04\/Modulo-di-richiesta-trascrizione-dellatto-di-nascita-ed-iscrizione-allAIRE-di-figli-MINORE.doc\">Formul\u00e1rio para solicitar o registro da certid\u00e3o de nascimento e a inscri\u00e7\u00e3o ao &#8220;AIRE&#8221; de filhos MENORES<\/a><\/li>\n<\/ul>\n<p>&nbsp;<\/p>\n<p><strong>Cidadania por casamento<\/strong><\/p>\n<ul>\n<li><a href=\"https:\/\/consbelohorizonte.esteri.it\/wp-content\/uploads\/2023\/04\/Modello-per-richiedere-latto-di-nascita-al-Comune.doc\">Modelo para solicitar a certid\u00e3o de casamento ao &#8220;Comune&#8221;<\/a><\/li>\n<li><a href=\"https:\/\/consbelohorizonte.esteri.it\/wp-content\/uploads\/2024\/05\/Modulo-Richiesta-Cittadinanza-per-matrimonio-prima-del-27-04-83-compilata-al-computer1-4.doc\">Formul\u00e1rio para solicitar<\/a><a href=\"https:\/\/consbelohorizonte.esteri.it\/wp-content\/uploads\/2024\/05\/Modulo-Richiesta-Cittadinanza-per-matrimonio-prima-del-27-04-83-compilata-al-computer1-3.doc\"> a cidadania por casamento (antes de 27\/04\/83) preenchida no computador<\/a><\/li>\n<li><a href=\"https:\/\/consbelohorizonte.esteri.it\/wp-content\/uploads\/2023\/04\/Scheda-anagrafica.doc\">Ficha de cadastro<\/a><a href=\"https:\/\/consbelohorizonte.esteri.it\/wp-content\/uploads\/2024\/05\/Modulo-Richiesta-Cittadinanza-per-matrimonio-prima-del-27-04-83-compilata-al-computer1-3.doc\"> (naturaliza\u00e7\u00e3o por casamento)<\/a><\/li>\n<\/ul>\n<p>&nbsp;<\/p>\n<p><strong>Passaportes<\/strong><\/p>\n<ul>\n<li><a href=\"https:\/\/consbelohorizonte.esteri.it\/wp-content\/uploads\/2024\/01\/MODULO-DI-RICHIESTA-PER-MAGGIORENI-1-.doc\">Formul\u00e1rio de solicita\u00e7\u00e3o do passaporte para maiores<\/a><\/li>\n<li><a href=\"https:\/\/consbelohorizonte.esteri.it\/wp-content\/uploads\/2024\/01\/MODULO-DI-RICHIESTA-PER-MINORENI-.doc\">Formul\u00e1rio de solicita\u00e7\u00e3o do passaporte para menores<\/a><\/li>\n<li><a href=\"https:\/\/consbelohorizonte.esteri.it\/wp-content\/uploads\/2023\/04\/Atto-di-assenso-minore.docx\">&#8220;Atto di assenso&#8221; (menores)<\/a><\/li>\n<li><a href=\"https:\/\/consbelohorizonte.esteri.it\/wp-content\/uploads\/2023\/04\/Dichiarazione-di-accompagnamento.doc\">Autoriza\u00e7\u00e3o para viagem acompanhado<\/a><\/li>\n<li><a href=\"https:\/\/consbelohorizonte.esteri.it\/wp-content\/uploads\/2023\/04\/Attestazione-di-dichiarazione-di-accompagnamento.doc\">Atestado<\/a><a href=\"https:\/\/consbelohorizonte.esteri.it\/wp-content\/uploads\/2023\/04\/Dichiarazione-di-accompagnamento.doc\">\u00a0para viagem acompanhado<\/a><\/li>\n<li><a href=\"https:\/\/consbelohorizonte.esteri.it\/wp-content\/uploads\/2025\/12\/ALL.1-MODULO-UNIFORME.pdf\">Formulario para EU ETD<\/a><\/li>\n<\/ul>\n<p>&nbsp;<\/p>\n<p><strong>AIRE<\/strong><\/p>\n<ul>\n<li><a href=\"https:\/\/consbelohorizonte.esteri.it\/wp-content\/uploads\/2023\/04\/Scheda-anagrafica.doc\">Ficha de cadastro (solicita\u00e7\u00e3o de inscri\u00e7\u00e3o ao AIRE)<\/a><\/li>\n<li><a href=\"https:\/\/consbelohorizonte.esteri.it\/wp-content\/uploads\/2023\/04\/Scheda-anagrafica.doc\">Ficha de cadastro para cidad\u00e3os menores<\/a><a href=\"https:\/\/consbelohorizonte.esteri.it\/wp-content\/uploads\/2023\/04\/Scheda-anagrafica-richiesta-iscrizione-allAIRE.doc\"> (solicita\u00e7\u00e3o de inscri\u00e7\u00e3o no &#8220;AIRE&#8221; de cidad\u00e3os menores)<\/a><\/li>\n<li><a href=\"https:\/\/consbelohorizonte.esteri.it\/wp-content\/uploads\/2023\/04\/Richiesta-di-variazione-di-indirizzo.doc\">Solicita\u00e7\u00e3o de mudan\u00e7a de endere\u00e7o<\/a><\/li>\n<li><a href=\"https:\/\/consbelohorizonte.esteri.it\/wp-content\/uploads\/2023\/04\/Prova-di-residenza.doc\">Comprovante de resid\u00eancia<\/a><\/li>\n<\/ul>\n<p>&nbsp;<\/p>\n<p><strong>Registro Civil<\/strong><\/p>\n<ul>\n<li><a href=\"https:\/\/consbelohorizonte.esteri.it\/wp-content\/uploads\/2023\/04\/Richiesta-trascrizione-matrimonio.doc\">Solicita\u00e7\u00e3o de registro do casament<\/a><a href=\"https:\/\/consbelohorizonte.esteri.it\/wp-content\/uploads\/2023\/04\/Richiesta-trascrizione-matrimonio.doc\">o<\/a><\/li>\n<li><a href=\"https:\/\/consbelohorizonte.esteri.it\/wp-content\/uploads\/2023\/04\/Richiesta-trascrizione-nascita.doc\">Solicita\u00e7\u00e3o de registro da <\/a><a href=\"https:\/\/consbelohorizonte.esteri.it\/wp-content\/uploads\/2023\/04\/Richiesta-trascrizione-atto-unione-civile.doc\">uni\u00e3o est\u00e1vel\/casamento entre pessoas de mesmo sexo<\/a><\/li>\n<li><a href=\"https:\/\/consbelohorizonte.esteri.it\/wp-content\/uploads\/2023\/04\/Richiesta-trascrizione-nascita.doc\">Solicita\u00e7\u00e3o de registro do<\/a><a href=\"https:\/\/consbelohorizonte.esteri.it\/wp-content\/uploads\/2023\/04\/Richiesta-trascrizione-morte.doc\"> \u00f3bito<\/a><\/li>\n<li><a href=\"https:\/\/consbelohorizonte.esteri.it\/wp-content\/uploads\/2023\/04\/Richiesta-trascrizione-nascita.doc\">Solicita\u00e7\u00e3o de registro do<\/a><a href=\"https:\/\/consbelohorizonte.esteri.it\/wp-content\/uploads\/2023\/04\/Richiesta-trascrizione-divorzio.doc\"> div\u00f3rcio<\/a><\/li>\n<li><a href=\"https:\/\/consbelohorizonte.esteri.it\/wp-content\/uploads\/2023\/04\/Dichiarazione-sostitutiva-dellatto-di-notorieta-Divorzio-per-via-giudiziale.doc\">&#8220;Dichiarazione sostitutiva dell\u2019atto di notoriet\u00e0&#8221; (senten\u00e7as de div\u00f3rcio)<\/a><\/li>\n<li><a href=\"https:\/\/consbelohorizonte.esteri.it\/wp-content\/uploads\/2023\/04\/Scheda-anagrafica.doc\">Ficha de cadastro (solicita\u00e7\u00e3o de inscri\u00e7\u00e3o ao AIRE)<\/a><\/li>\n<li><a href=\"https:\/\/consbelohorizonte.esteri.it\/wp-content\/uploads\/2023\/04\/Modulo-di-riconoscimento-di-paternita-maternita-di-figlio-MINORE-di-14-anni.pdf\">Modelo de reconhecimento de paternidade\/maternidade de filhos MAIORES de 14 anos<\/a><\/li>\n<\/ul>\n<p>&nbsp;<\/p>\n<p><strong>Estudo<\/strong><\/p>\n<ul>\n<li><a href=\"https:\/\/consbelohorizonte.esteri.it\/wp-content\/uploads\/2023\/04\/Domanda-di-rilascio-della-Dichiarazione-di-Valore.pdf\">Pedido de emiss\u00e3o da Declara\u00e7\u00e3o de Valor<\/a><\/li>\n<li><a href=\"https:\/\/consbelohorizonte.esteri.it\/wp-content\/uploads\/2023\/04\/Modello-di-dichiarazione-di-conclusione-del-I-anno-2-primi-semestri-accademici-di-un-corso-universitario-in-Brasile.docx\">Modelo de declara\u00e7\u00e3o de conclus\u00e3o do I ano \/ 2 primeiros semestres de um curso universit\u00e1rio no Brasil<\/a><\/li>\n<li><a href=\"https:\/\/consbelohorizonte.esteri.it\/wp-content\/uploads\/2023\/04\/Modello-di-dichiarazione-di-autenticita-del-diploma-e-di-durata-legale-del-corso.docx\">Modello di dichiarazione di autenticit\u00e0 del diploma e di durata legale del corso<\/a><\/li>\n<\/ul>\n<p>&nbsp;<\/p>\n<p><strong>Servi\u00e7os Notariais<\/strong><\/p>\n<ul>\n<li><a href=\"https:\/\/consbelohorizonte.esteri.it\/wp-content\/uploads\/2023\/04\/Richiesta-servizi-notarili.pdf\">Solicita\u00e7\u00e3o de servi\u00e7os notariais<\/a><\/li>\n<\/ul>\n<p>&nbsp;<\/p>\n<p><strong>LINKS IMPORTANTES:<\/strong><\/p>\n<ul>\n<li><a href=\"https:\/\/serviziconsolari.esteri.it\/ScoFE\/index.sco\"><strong>FAST IT<\/strong><\/a>\u00a0 Para se inscrever no AIRE e atualizar os dados cadastrais<\/li>\n<li><a href=\"https:\/\/prenotami.esteri.it\/\"><strong>PRENOT@MI<\/strong><\/a>\u00a0 Para agendar atendimento para os servi\u00e7os consulares<\/li>\n<li><a href=\"https:\/\/jucemg.mg.gov.br\/pagina\/99\/italiano\"><strong>JUCEMG<\/strong><\/a>\u00a0 Para os contatos dos tradutores juramentados em Minas Gerais<\/li>\n<\/ul>\n<p>&nbsp;<\/p>\n","protected":false},"excerpt":{"rendered":"TARIFAS CONSULARES em vigor a partir de 01\/04\/2026 Cidadania: R$ 3.808,90 =&gt; pagamento com cart\u00e3o de d\u00e9bito. Passaporte: R$ 739,03\u00a0=&gt; pagamento com cart\u00e3o de d\u00e9bito. Declara\u00e7\u00e3o de Valor: R$ 317,75\u00a0=&gt; pagamento com cart\u00e3o de d\u00e9bito. Carteira de identidade: R$ 140,43\u00a0=&gt;pagamento com cart\u00e3o de d\u00e9bito. &nbsp; MAIS INFORMA\u00c7\u00d5ES SOBRE ESTAS E OUTRAS TARIFAS =&gt; AQUI FORMUL\u00c1RIOS [&hellip;]","protected":false},"author":7,"featured_media":0,"parent":102,"menu_order":0,"comment_status":"closed","ping_status":"closed","template":"","meta":{"footnotes":""},"class_list":["post-428","page","type-page","status-publish","hentry"],"_links":{"self":[{"href":"https:\/\/consbelohorizonte.esteri.it\/pt\/wp-json\/wp\/v2\/pages\/428","targetHints":{"allow":["GET"]}}],"collection":[{"href":"https:\/\/consbelohorizonte.esteri.it\/pt\/wp-json\/wp\/v2\/pages"}],"about":[{"href":"https:\/\/consbelohorizonte.esteri.it\/pt\/wp-json\/wp\/v2\/types\/page"}],"author":[{"embeddable":true,"href":"https:\/\/consbelohorizonte.esteri.it\/pt\/wp-json\/wp\/v2\/users\/7"}],"replies":[{"embeddable":true,"href":"https:\/\/consbelohorizonte.esteri.it\/pt\/wp-json\/wp\/v2\/comments?post=428"}],"version-history":[{"count":8,"href":"https:\/\/consbelohorizonte.esteri.it\/pt\/wp-json\/wp\/v2\/pages\/428\/revisions"}],"predecessor-version":[{"id":6167,"href":"https:\/\/consbelohorizonte.esteri.it\/pt\/wp-json\/wp\/v2\/pages\/428\/revisions\/6167"}],"up":[{"embeddable":true,"href":"https:\/\/consbelohorizonte.esteri.it\/pt\/wp-json\/wp\/v2\/pages\/102"}],"wp:attachment":[{"href":"https:\/\/consbelohorizonte.esteri.it\/pt\/wp-json\/wp\/v2\/media?parent=428"}],"curies":[{"name":"wp","href":"https:\/\/api.w.org\/{rel}","templated":true}]}}