{"id":2731,"date":"2024-01-22T09:19:36","date_gmt":"2024-01-22T12:19:36","guid":{"rendered":"https:\/\/consbelohorizonte.esteri.it\/?page_id=2731"},"modified":"2026-03-13T13:04:29","modified_gmt":"2026-03-13T16:04:29","slug":"carteira-de-identidade-eletronica-cie","status":"publish","type":"page","link":"https:\/\/consbelohorizonte.esteri.it\/pt\/servizi-consolari-e-visti\/servizi-per-il-cittadino-italiano\/carteira-de-identidade-eletronica-cie\/","title":{"rendered":"Carteira de identidade eletr\u00f4nica \u2013 CIE"},"content":{"rendered":"<p><strong>REQUISITOS para requerer uma carteira de identidade eletr\u00f4nica:<\/strong><\/p>\n<ol>\n<li style=\"text-align: justify;\">Possuir a cidadania italiana;<\/li>\n<li style=\"text-align: justify;\">Inscri\u00e7\u00e3o atualizada <a href=\"https:\/\/consbelohorizonte.esteri.it\/pt\/servizi-consolari-e-visti\/servizi-per-il-cittadino-italiano\/anagrafe-degli-italiani-residenti-allestero-aire\/\">no AIRE<\/a>. O cidad\u00e3o italiano que n\u00e3o estiver inscrito no AIRE deve, em primeiro lugar, regularizar o seu registo civil atrav\u00e9s do <a href=\"https:\/\/serviziconsolarionline.esteri.it\/ScoFE\/index.sco;jsessionid=0A4FC5A00ECC83E050F128FD3E7FBA35\">portal FAST-IT<\/a> e aguardar a sua inscri\u00e7\u00e3o no munic\u00edpio italiano competente antes de apresentar o pedido. Para efeitos de inscri\u00e7\u00e3o na base de dados A.I.R.E., \u00e9 indispens\u00e1vel, para os cidad\u00e3os italianos nascidos no exterior, que a certid\u00e3o de nascimento j\u00e1 esteja transcrita nos registos de estado civil do munic\u00edpio;<\/li>\n<li style=\"text-align: justify;\">Resid\u00eancia nesta circunscri\u00e7\u00e3o consular de Minas Gerais;<\/li>\n<\/ol>\n<p><strong>COMO requerer a CIE:<\/strong><\/p>\n<p style=\"text-align: justify;\">A nova Carteira de Identidade Eletr\u00f4nica pode ser solicitada, mediante marca\u00e7\u00e3o pr\u00e9via, atrav\u00e9s da <a href=\"https:\/\/prenotami.esteri.it\/\">plataforma PRENOT@MI<\/a>. \u00c8 poss\u00edvel efetuar um \u00fanico pedido por agregado familiar (pais + filhos menores), especificando-o no campo das notas e anexando a documenta\u00e7\u00e3o relevante para todos os interessados.<\/p>\n<p style=\"text-align: justify;\">A Chancelaria consular pode sempre proceder \u00e0 anula\u00e7\u00e3o autom\u00e1tica da marca\u00e7\u00e3o em caso de falta ou incompletude dos documentos comprovativos, informando o interessado dos motivos da recusa.<\/p>\n<p><strong>DOCUMENTOS a apresentar no dia da marca\u00e7\u00e3o:<\/strong><\/p>\n<ol>\n<li>Uma fotografia padr\u00e3o ICAO (recente, de frente, fundo branco, colorida e formato 35 x 45 mm);<\/li>\n<li>Carteira de identidade italiana ou passaporte italiano v\u00e1lido. Na falta destes, um documento de identifica\u00e7\u00e3o brasileiro (Passaporte v\u00e1lido; RG com menos de 10 anos; CNH se emitida ap\u00f3s junho de 2022) acompanhado do xerox;<\/li>\n<li>Comprovante de resid\u00eancia em nome do\/a requerente, ou em nome dos pais caso o requerente seja menor de idade, original, recente (emitido h\u00e1 menos de 3 meses), e um xerox simples. S\u00e3o aceitos: contas de luz, \u00e1gua, g\u00e1s, boleto de institui\u00e7\u00e3o de ensino com endere\u00e7o do requerente especificado, pagamento de aposentadoria, conta de celular ou correspond\u00eancia banc\u00e1ria como fatura do cart\u00e3o de cr\u00e9dito, recibo do Imposto de Renda (primeira p\u00e1gina), certid\u00e3o do TRE \u2013 Tribunal Regional Eleitoral (onde conste o endere\u00e7o completo com o nome do logradouro e n\u00famero);<\/li>\n<li>Caso o requerente seja menor de 18 anos <a href=\"https:\/\/consbelohorizonte.esteri.it\/wp-content\/uploads\/2023\/04\/Atto-di-assenso-minore.docx\">Atto de assenso<\/a> assinado por ambos os pais;<\/li>\n<li>Cart\u00e3o de d\u00e9bito para pagamento em reais.<\/li>\n<\/ol>\n<p><strong>IMPORTANTE<\/strong><\/p>\n<ul>\n<li style=\"text-align: justify;\">A <strong>presen\u00e7a<\/strong> do <strong>requerente<\/strong> no balc\u00e3o consular \u00e9 <strong>obrigat\u00f3ria<\/strong>.<\/li>\n<li style=\"text-align: justify;\">A CIE <strong>n\u00e3o \u00e9 emitida no dia do agendamento<\/strong>, mas ser\u00e1 posteriormente enviada da It\u00e1lia por correio para o endere\u00e7o declarado pelo requerente. Ser\u00e1 poss\u00edvel verificar o rastreio do envio <a href=\"https:\/\/www.poste.it\/cerca\/index.html\">no site dos Correios italianos<\/a>, introduzindo o n\u00famero de rastreio fornecido no dia do agendamento.<\/li>\n<li style=\"text-align: justify;\">A validade do documento varia conforme a idade do titular: 3 anos (para os menores de 3 anos); 5 anos (para os menores entre 3 e 18 anos); 10 anos (para os adultos);<\/li>\n<li style=\"text-align: justify;\">Os requerentes casados <strong>devem<\/strong> indicar os dados pessoais fornecidos na certid\u00e3o de nascimento e n\u00e3o os posteriores ao casamento;<\/li>\n<li style=\"text-align: justify;\">O estado civil do titular <strong>n\u00e3o \u00e9 especificado<\/strong> na Carteira de Identidade Eletr\u00f4nica e o nome do c\u00f4njuge n\u00e3o pode ser indicado.<\/li>\n<\/ul>\n<p style=\"text-align: justify;\" data-start=\"35\" data-end=\"266\"><strong>NOVIDADE<\/strong><\/p>\n<p style=\"text-align: justify;\" data-start=\"35\" data-end=\"266\">A partir de <strong data-start=\"47\" data-end=\"70\">1\u00ba de junho de 2026<\/strong>, os cidad\u00e3os inscritos no <strong data-start=\"97\" data-end=\"152\">Cadastro de Italianos Residentes no Exterior (AIRE)<\/strong> poder\u00e3o apresentar o pedido para a emiss\u00e3o do <strong data-start=\"197\" data-end=\"232\">cart\u00e3o de identidade eletr\u00f3nico<\/strong>\u00a0em qualquer munic\u00edpio italiano.\u00a0O cart\u00e3o de identidade ser\u00e1 entregue pelas mesmas modalidades previstas no caso de pedido apresentado atrav\u00e9s do <strong data-start=\"381\" data-end=\"394\">Consulado<\/strong>, com a possibilidade de <strong data-start=\"433\" data-end=\"472\">retir\u00e1-lo pessoalmente no munic\u00edpio<\/strong> ou <strong data-start=\"476\" data-end=\"517\">solicitar o seu envio para o exterior<\/strong>.<\/p>\n","protected":false},"excerpt":{"rendered":"REQUISITOS para requerer uma carteira de identidade eletr\u00f4nica: Possuir a cidadania italiana; Inscri\u00e7\u00e3o atualizada no AIRE. O cidad\u00e3o italiano que n\u00e3o estiver inscrito no AIRE deve, em primeiro lugar, regularizar o seu registo civil atrav\u00e9s do portal FAST-IT e aguardar a sua inscri\u00e7\u00e3o no munic\u00edpio italiano competente antes de apresentar o pedido. Para efeitos de [&hellip;]","protected":false},"author":20,"featured_media":0,"parent":102,"menu_order":0,"comment_status":"closed","ping_status":"closed","template":"","meta":{"footnotes":""},"class_list":["post-2731","page","type-page","status-publish","hentry"],"_links":{"self":[{"href":"https:\/\/consbelohorizonte.esteri.it\/pt\/wp-json\/wp\/v2\/pages\/2731","targetHints":{"allow":["GET"]}}],"collection":[{"href":"https:\/\/consbelohorizonte.esteri.it\/pt\/wp-json\/wp\/v2\/pages"}],"about":[{"href":"https:\/\/consbelohorizonte.esteri.it\/pt\/wp-json\/wp\/v2\/types\/page"}],"author":[{"embeddable":true,"href":"https:\/\/consbelohorizonte.esteri.it\/pt\/wp-json\/wp\/v2\/users\/20"}],"replies":[{"embeddable":true,"href":"https:\/\/consbelohorizonte.esteri.it\/pt\/wp-json\/wp\/v2\/comments?post=2731"}],"version-history":[{"count":6,"href":"https:\/\/consbelohorizonte.esteri.it\/pt\/wp-json\/wp\/v2\/pages\/2731\/revisions"}],"predecessor-version":[{"id":6113,"href":"https:\/\/consbelohorizonte.esteri.it\/pt\/wp-json\/wp\/v2\/pages\/2731\/revisions\/6113"}],"up":[{"embeddable":true,"href":"https:\/\/consbelohorizonte.esteri.it\/pt\/wp-json\/wp\/v2\/pages\/102"}],"wp:attachment":[{"href":"https:\/\/consbelohorizonte.esteri.it\/pt\/wp-json\/wp\/v2\/media?parent=2731"}],"curies":[{"name":"wp","href":"https:\/\/api.w.org\/{rel}","templated":true}]}}