{"id":210,"date":"2022-12-12T11:58:05","date_gmt":"2022-12-12T14:58:05","guid":{"rendered":"https:\/\/consbelohorizonte.esteri.it\/servizi-consolari-e-visti\/servizi-per-il-cittadino-straniero\/cittadinanza\/"},"modified":"2025-08-13T09:40:36","modified_gmt":"2025-08-13T12:40:36","slug":"cittadinanza","status":"publish","type":"page","link":"https:\/\/consbelohorizonte.esteri.it\/pt\/servizi-consolari-e-visti\/servizi-per-il-cittadino-straniero\/cittadinanza\/","title":{"rendered":"Cidadania"},"content":{"rendered":"<p>Esclarecendo que a mat\u00e9ria da cidadania se enquadra na esfera de compet\u00eancia do Minist\u00e9rio do Interior, segue-se um panorama da legisla\u00e7\u00e3o vigente, com especial refer\u00eancia aos procedimentos que podem ser ativados neste Consulado Geral.<\/p>\n<p>A <strong>Lei n\u00ba 74, de 23 de maio de 2025<\/strong> (publicada no Di\u00e1rio Oficial de 23\/05\/2025, n\u00ba 118), converteu com modifica\u00e7\u00f5es o Decreto-Lei n\u00ba 36, de 28 de mar\u00e7o de 2025, que disp\u00f5e sobre medidas urgentes em mat\u00e9ria de cidadania.<\/p>\n<p>A cidadania italiana baseia-se no princ\u00edpio do <strong>jus sanguinis<\/strong> (direito de sangue), pelo qual o filho de pai italiano ou m\u00e3e italiana \u00e9 cidad\u00e3o. O novo decreto, conforme convertido, <strong>n\u00e3o modifica este princ\u00edpio fundamental<\/strong>, mas estabelece <strong>importantes limita\u00e7\u00f5es \u00e0 transmiss\u00e3o da cidadania entre gera\u00e7\u00f5es<\/strong>, com base no v\u00ednculo efetivo com a It\u00e1lia e na posse de outra cidadania.<\/p>\n<p style=\"text-align: justify;\">Este Consulado Geral reconhece o direito \u00e0 cidadania italiana com base exclusivamente nas leis, regulamentos e atos administrativos vigentes na It\u00e1lia no momento da entrega da documenta\u00e7\u00e3o. Portanto, as informa\u00e7\u00f5es que seguem poder\u00e3o sofrer altera\u00e7\u00f5es a qualquer momento, em caso de modifica\u00e7\u00f5es na legisla\u00e7\u00e3o italiana.<\/p>\n<p style=\"text-align: justify;\"><strong>Este Consulado Geral n\u00e3o indica despachantes ou intermedi\u00e1rios que ofere\u00e7am consultoria para auxiliar na prepara\u00e7\u00e3o de pedidos de cidadania italiana. Todas as informa\u00e7\u00f5es necess\u00e1rias para obter a cidadania italiana est\u00e3o presentes neste site. Recomenda-se extrema cautela ao contactar empresas que prometem a cidadania italiana mediante pagamento por este servi\u00e7o.<\/strong><\/p>\n<p style=\"text-align: justify;\"><strong>ATENDIMENTO AO P\u00daBLICO<\/strong><\/p>\n<p style=\"text-align: justify;\">O setor de cidadania fornece atendimento presencial, exclusivamente, aos requerentes devidamente agendados.<\/p>\n<p style=\"text-align: justify;\">Para informa\u00e7\u00f5es sobre agendamento <a href=\"https:\/\/consbelohorizonte.esteri.it\/it\/servizi-consolari-e-visti\/servizi-per-il-cittadino-italiano\/modulistica-e-tariffe-consolari\/prenotazione-cittadinanza-iure-sanguinis\/\">(<strong>clicca qui<\/strong>)<\/a>.<\/p>\n<p style=\"text-align: justify;\"><strong>INFORMA\u00c7\u00d5ES<\/strong><\/p>\n<p style=\"text-align: justify;\">Este Consulado responder\u00e1 apenas aos e-mails referentes a quest\u00f5es que n\u00e3o estejam j\u00e1 esclarecidas em nosso site.<\/p>\n<p>Para informa\u00e7\u00f5es sobre:<\/p>\n<ul>\n<li>reconhecimento da <strong>cidadania por descend\u00eancia<\/strong>\u00a0&#8211;\u00a0<a href=\"https:\/\/consbelohorizonte.esteri.it\/pt\/servizi-consolari-e-visti\/servizi-per-il-cittadino-italiano\/modulistica-e-tariffe-consolari\/cidadania-italiana-por-descendencia-jure-sanguinis\/\"><strong>clique aqui<\/strong><\/a><\/li>\n<li><strong>cidadania italiana por casamento \/ <em>unione civile<\/em><\/strong> (art. 5\u00ba da Lei n. 91, de 5 de fevereiro de 1992) &#8211; <a href=\"https:\/\/consbelohorizonte.esteri.it\/pt\/servizi-consolari-e-visti\/servizi-per-il-cittadino-italiano\/modulistica-e-tariffe-consolari\/cidadania-italiana-por-casamento-unione-civile-naturalizacao\/\"><strong>clique aqui<\/strong><\/a><\/li>\n<li><strong>agendamento<\/strong>\u00a0&#8211;\u00a0<a href=\"https:\/\/consbelohorizonte.esteri.it\/pt\/servizi-consolari-e-visti\/servizi-per-il-cittadino-italiano\/modulistica-e-tariffe-consolari\/informacoes-a-respeito-do-agendamento\/\"><strong>clique aqui<\/strong><\/a><\/li>\n<li><strong>declara\u00e7\u00e3o de inten\u00e7\u00e3o de aquisi\u00e7\u00e3o da cidadania italiana, <\/strong>menores por beneficio de lei &#8211;<strong> <a href=\"https:\/\/consbelohorizonte.esteri.it\/pt\/servizi-consolari-e-visti\/servizi-per-il-cittadino-straniero\/cittadinanza\/novos-casos-de-aquisicao-da-cidadania-no-exterior-filhos-menores-de-cidadaos-que-nao-transmitem-automaticamente-a-cidadania-italiana\/\">clique aqui<\/a><\/strong><\/li>\n<li><strong>elei\u00e7\u00e3o da cidadania italiana <\/strong>(\u00a7 2\u00ba, art. 2\u00ba, da Lei n. 91, de 5 de fevereiro de 1992) &#8211; <a href=\"https:\/\/consbelohorizonte.esteri.it\/pt\/servizi-consolari-e-visti\/servizi-per-il-cittadino-italiano\/modulistica-e-tariffe-consolari\/elezione-di-cittadinanza\/\"><strong>clique aqui<\/strong><\/a><\/li>\n<li><strong>certid\u00e3o de n\u00e3o ren\u00fancia<\/strong>\u00a0&#8211;\u00a0<a href=\"https:\/\/consbelohorizonte.esteri.it\/pt\/servizi-consolari-e-visti\/servizi-per-il-cittadino-italiano\/modulistica-e-tariffe-consolari\/certidao-de-nao-renuncia\/\"><strong>clique aqui<\/strong><\/a><\/li>\n<\/ul>\n<p>A se\u00e7\u00e3o de cidadania do site MAECI &#8211;\u00a0<a href=\"https:\/\/www.esteri.it\/it\/servizi-consolari-e-visti\/italiani-all-estero\/cittadinanza\/\"><strong>clique aqui<\/strong><\/a><strong>.<\/strong><\/p>\n<p>Em caso de eventuais d\u00favidas adicionais, por favor, envie as quest\u00f5es para os seguintes endere\u00e7os de e-mail, de acordo com os tipos indicados abaixo:<\/p>\n<p style=\"text-align: justify;\">&#8211;\u00a0<a href=\"mailto:cidadania.belohorizonte@esteri.it\">cidadania.belohorizonte@esteri.it<\/a> (cidadania italiana por descend\u00eancia);<\/p>\n<p style=\"text-align: justify;\">&#8211;\u00a0<a href=\"mailto:casamento.belohorizonte@esteri.it:\">casamento.belohorizonte@esteri.it<\/a> (cidadania italiana por casamento \/ <em>unione civile, art. 5\u00ba da Lei n. 91, de 5 de fevereiro de 1992<\/em>).<\/p>\n<p style=\"text-align: justify;\">\n","protected":false},"excerpt":{"rendered":"Esclarecendo que a mat\u00e9ria da cidadania se enquadra na esfera de compet\u00eancia do Minist\u00e9rio do Interior, segue-se um panorama da legisla\u00e7\u00e3o vigente, com especial refer\u00eancia aos procedimentos que podem ser ativados neste Consulado Geral. A Lei n\u00ba 74, de 23 de maio de 2025 (publicada no Di\u00e1rio Oficial de 23\/05\/2025, n\u00ba 118), converteu com modifica\u00e7\u00f5es [&hellip;]","protected":false},"author":3,"featured_media":0,"parent":103,"menu_order":0,"comment_status":"closed","ping_status":"closed","template":"","meta":{"footnotes":""},"class_list":["post-210","page","type-page","status-publish","hentry"],"_links":{"self":[{"href":"https:\/\/consbelohorizonte.esteri.it\/pt\/wp-json\/wp\/v2\/pages\/210","targetHints":{"allow":["GET"]}}],"collection":[{"href":"https:\/\/consbelohorizonte.esteri.it\/pt\/wp-json\/wp\/v2\/pages"}],"about":[{"href":"https:\/\/consbelohorizonte.esteri.it\/pt\/wp-json\/wp\/v2\/types\/page"}],"author":[{"embeddable":true,"href":"https:\/\/consbelohorizonte.esteri.it\/pt\/wp-json\/wp\/v2\/users\/3"}],"replies":[{"embeddable":true,"href":"https:\/\/consbelohorizonte.esteri.it\/pt\/wp-json\/wp\/v2\/comments?post=210"}],"version-history":[{"count":7,"href":"https:\/\/consbelohorizonte.esteri.it\/pt\/wp-json\/wp\/v2\/pages\/210\/revisions"}],"predecessor-version":[{"id":5311,"href":"https:\/\/consbelohorizonte.esteri.it\/pt\/wp-json\/wp\/v2\/pages\/210\/revisions\/5311"}],"up":[{"embeddable":true,"href":"https:\/\/consbelohorizonte.esteri.it\/pt\/wp-json\/wp\/v2\/pages\/103"}],"wp:attachment":[{"href":"https:\/\/consbelohorizonte.esteri.it\/pt\/wp-json\/wp\/v2\/media?parent=210"}],"curies":[{"name":"wp","href":"https:\/\/api.w.org\/{rel}","templated":true}]}}