{"id":207,"date":"2022-12-12T11:56:57","date_gmt":"2022-12-12T14:56:57","guid":{"rendered":"https:\/\/consbelohorizonte.esteri.it\/servizi-consolari-e-visti\/servizi-per-il-cittadino-italiano\/pensioni-e-sicurezza-sociale\/"},"modified":"2024-04-18T10:15:33","modified_gmt":"2024-04-18T13:15:33","slug":"pensioni-e-sicurezza-sociale","status":"publish","type":"page","link":"https:\/\/consbelohorizonte.esteri.it\/pt\/servizi-consolari-e-visti\/servizi-per-il-cittadino-italiano\/pensioni-e-sicurezza-sociale\/","title":{"rendered":"Pens\u00f5es e seguran\u00e7a social"},"content":{"rendered":"<p><a id=\"Aposentadorias - Informa\u00e7\u00f5es no site do Minist\u00e9rio das Rela\u00e7\u00f5es Exteriores (em italiano)\" href=\"https:\/\/www.esteri.it\/it\/servizi-consolari-e-visti\/italiani-all-estero\/sicurezzasociale\/\"><strong>Aposentadorias &#8211; Informa\u00e7\u00f5es no site do Minist\u00e9rio das Rela\u00e7\u00f5es Exteriores (em italiano)<\/strong><\/a><\/p>\n<p>&nbsp;<\/p>\n<p>Para pedidos de aposentadorias e informa\u00e7\u00f5es sobre esses processos, os interessados devem contatar os seguintes &#8220;Patronatos&#8221;:<\/p>\n<p><strong>PATRONATO INCA<br \/>\n<\/strong>Rua Curitiba, 705, sala 902. Centro<br \/>\nBelo Horizonte (MG)<br \/>\nCEP: 30170-120<br \/>\nTel.: (31) 3272-9910<br \/>\n<strong><a href=\"belohorizonte@incabrasil.org.br\">belohorizonte@incabrasil.org.br<\/a><\/strong><\/p>\n<p><strong>PATRONATO ITAL UIL<br \/>\n<\/strong>Rua dos Guajajaras, 880, sala 406. Centro<br \/>\nBelo Horizonte (MG)<br \/>\nCEP: 30180-106<br \/>\nTel.: (31) 3657-0226<br \/>\n<strong><a href=\"mailto:italbh@uil.org.br\">italbh@uil.org.br<\/a><\/strong><\/p>\n","protected":false},"excerpt":{"rendered":"Aposentadorias &#8211; Informa\u00e7\u00f5es no site do Minist\u00e9rio das Rela\u00e7\u00f5es Exteriores (em italiano) &nbsp; Para pedidos de aposentadorias e informa\u00e7\u00f5es sobre esses processos, os interessados devem contatar os seguintes &#8220;Patronatos&#8221;: PATRONATO INCA Rua Curitiba, 705, sala 902. Centro Belo Horizonte (MG) CEP: 30170-120 Tel.: (31) 3272-9910 belohorizonte@incabrasil.org.br PATRONATO ITAL UIL Rua dos Guajajaras, 880, sala 406. [&hellip;]","protected":false},"author":3,"featured_media":0,"parent":102,"menu_order":0,"comment_status":"closed","ping_status":"closed","template":"","meta":{"footnotes":""},"class_list":["post-207","page","type-page","status-publish","hentry"],"_links":{"self":[{"href":"https:\/\/consbelohorizonte.esteri.it\/pt\/wp-json\/wp\/v2\/pages\/207","targetHints":{"allow":["GET"]}}],"collection":[{"href":"https:\/\/consbelohorizonte.esteri.it\/pt\/wp-json\/wp\/v2\/pages"}],"about":[{"href":"https:\/\/consbelohorizonte.esteri.it\/pt\/wp-json\/wp\/v2\/types\/page"}],"author":[{"embeddable":true,"href":"https:\/\/consbelohorizonte.esteri.it\/pt\/wp-json\/wp\/v2\/users\/3"}],"replies":[{"embeddable":true,"href":"https:\/\/consbelohorizonte.esteri.it\/pt\/wp-json\/wp\/v2\/comments?post=207"}],"version-history":[{"count":3,"href":"https:\/\/consbelohorizonte.esteri.it\/pt\/wp-json\/wp\/v2\/pages\/207\/revisions"}],"predecessor-version":[{"id":3008,"href":"https:\/\/consbelohorizonte.esteri.it\/pt\/wp-json\/wp\/v2\/pages\/207\/revisions\/3008"}],"up":[{"embeddable":true,"href":"https:\/\/consbelohorizonte.esteri.it\/pt\/wp-json\/wp\/v2\/pages\/102"}],"wp:attachment":[{"href":"https:\/\/consbelohorizonte.esteri.it\/pt\/wp-json\/wp\/v2\/media?parent=207"}],"curies":[{"name":"wp","href":"https:\/\/api.w.org\/{rel}","templated":true}]}}