{"id":206,"date":"2022-12-12T11:56:04","date_gmt":"2022-12-12T14:56:04","guid":{"rendered":"https:\/\/consbelohorizonte.esteri.it\/servizi-consolari-e-visti\/servizi-per-il-cittadino-italiano\/codice-fiscale\/"},"modified":"2026-03-30T09:21:06","modified_gmt":"2026-03-30T12:21:06","slug":"codice-fiscale","status":"publish","type":"page","link":"https:\/\/consbelohorizonte.esteri.it\/pt\/servizi-consolari-e-visti\/servizi-per-il-cittadino-italiano\/codice-fiscale\/","title":{"rendered":"Codigo fiscal"},"content":{"rendered":"<p style=\"text-align: justify;\">O <em>Codice fiscale<\/em> \u00e9 o c\u00f3digo alfanum\u00e9rico emitido pela <em>Agenzia delle Entrate<\/em> para identificar o cidad\u00e3o (italiano ou estrangeiro) nas rela\u00e7\u00f5es com administra\u00e7\u00f5es p\u00fablicas, entidades privadas e organismos italianos. Para pessoas f\u00edsicas, o <em>Codice fiscale<\/em> \u00e9 determinado com base nos dados de registro civil.<\/p>\n<p style=\"text-align: justify;\">Qualquer procedimento administrativo (pagamento de taxas, impostos, tarifas etc.) ou atividade contratual (aceite de heran\u00e7a, contratos com entidades p\u00fablicas ou privadas, solicita\u00e7\u00e3o de financiamentos, patroc\u00ednios, loca\u00e7\u00f5es, comodatos de im\u00f3veis, etc.) exige a indica\u00e7\u00e3o do <em>Codice fiscale<\/em> da pessoa que o realiza.<\/p>\n<p><strong>CIDAD\u00c3OS ITALIANOS RESIDENTES NO EXTERIOR E <span style=\"text-decoration: underline;\">INSCRITOS NO AIRE<\/span><\/strong><\/p>\n<p style=\"text-align: justify;\">Os cidad\u00e3os italianos maiores de idade inscritos no AIRE podem solicitar o <em>Codice fiscale<\/em>, para si e para os filhos menores, por meio do <a href=\"https:\/\/serviziconsolari.esteri.it\/home#_blank\">portal <strong>Fast It<\/strong><\/a>, acessando o correspondente servi\u00e7o e seguindo as instru\u00e7\u00f5es. Pelo mesmo portal ser\u00e1 poss\u00edvel baixar o certificado de atribui\u00e7\u00e3o do <em>Codice fiscale<\/em>, ap\u00f3s a conclus\u00e3o do processo.<\/p>\n<p><strong>Como fazer:<\/strong><\/p>\n<ul>\n<li>Acesse o portal <a href=\"https:\/\/serviziconsolari.esteri.it\/home#_blank\">FAST IT<\/a>;<\/li>\n<li>Clique em \u201cAnagrafe Consolare e AIRE\u201d e depois em \u201cAttribuzione Codice fiscale\u201d;<\/li>\n<li>Confirme os dados e envie a solicita\u00e7\u00e3o;<\/li>\n<li>Depois que o Consulado analisar seu pedido, ser\u00e1 poss\u00edvel baixar de forma aut\u00f4noma o certificado de atribui\u00e7\u00e3o do <em>Codice Fiscale<\/em>.<\/li>\n<\/ul>\n<p>Se n\u00e3o conseguir baixar o certificado de atribui\u00e7\u00e3o do <em>Codice Fiscale<\/em>:<\/p>\n<ul>\n<li>Registre-se no portal <a href=\"https:\/\/serviziconsolari.esteri.it\/home#_blank\">FAST IT<\/a> ou acesse com sua conta ativa;<\/li>\n<li>Solicite a \u201cAssocia\u00e7\u00e3o Online\u201d clicando em \u201cAnagrafe Consolare e AIRE\u201d e depois em \u201cVisualizzare la propria scheda anagrafica\u201d;<\/li>\n<li>Voc\u00ea receber\u00e1 um e-mail confirmando a associa\u00e7\u00e3o;<\/li>\n<li>Acesse novamente o portal e fa\u00e7a o download do certificado.<\/li>\n<\/ul>\n<p>&nbsp;<\/p>\n<p><strong>CIDAD\u00c3OS ESTRANGEIROS N\u00c3O RESIDENTES NA IT\u00c1LIA OU ITALIANOS <span style=\"text-decoration: underline;\">N\u00c3O INSCRITOS NO AIRE<\/span><\/strong><\/p>\n<p>Os cidad\u00e3os estrangeiros podem solicitar o Codice fiscale das seguintes formas:<\/p>\n<ul>\n<li><strong>No Consulado italiano competente pela resid\u00eancia<\/strong>;<\/li>\n<\/ul>\n<p>Apresentando o formul\u00e1rio preenchido, c\u00f3pia de documento de identidade e a <span style=\"text-decoration: underline;\">motiva\u00e7\u00e3o da solicita\u00e7\u00e3o<\/span>.<\/p>\n<ul>\n<li><strong>Por procura\u00e7\u00e3o especial<\/strong>, delegando um terceiro a apresentar o pedido diretamente em um escrit\u00f3rio da <em>Agenzia delle Entrate<\/em> na It\u00e1lia (conforme art. 1 do D.M. de 17\/05\/2001, n. 281).<\/li>\n<li><strong>Pessoalmente nos escrit\u00f3rios da Agenzia delle Entrate na It\u00e1lia<\/strong>, ap\u00f3s a entrada no pa\u00eds.<\/li>\n<\/ul>\n<p>Os endere\u00e7os dos escrit\u00f3rios est\u00e3o dispon\u00edveis em: <a href=\"https:\/\/www.agenziaentrate.gov.it\/portale\/\">www.agenziaentrate.gov.it<\/a>.<\/p>\n<p>A <em>Agenzia delle Entrate<\/em> disponibiliza tamb\u00e9m uma <strong><a href=\"https:\/\/www.agenziaentrate.gov.it\/portale\/documents\/20143\/233505\/Folder_CodiceFiscaleStranieri_08+03+23.pdf\/218dc638-ced1-3b2d-f5f2-912686b1f7fe?t=1682082253716\">Mini Guida Codice fiscale per stranieri<\/a><\/strong>, em v\u00e1rias l\u00ednguas. A vers\u00e3o em portugu\u00eas est\u00e1 dispon\u00edvel em: <a href=\"https:\/\/www.agenziaentrate.gov.it\/portale\/documents\/20143\/233505\/Folder_CodiceFiscaleStranieri_Portoghese.pdf\/2428574f-cdda-540a-1253-436adcd4aa84?t=1682082548098\">Mini guia codice fiscale per stranieri (portoghese)<\/a>.<\/p>\n<p><strong>Em particular:<\/strong><\/p>\n<ul>\n<li>Cidad\u00e3os da Uni\u00e3o Europeia que pretendem permanecer na It\u00e1lia podem solicitar o <em>Codice fiscale<\/em> apresentando o modelo AA4\/8 em um escrit\u00f3rio da <em>Agenzia delle Entrate<\/em>. A solicita\u00e7\u00e3o deve ser motivada e acompanhada de um documento v\u00e1lido (passaporte ou carteira de identidade europeia v\u00e1lida no exterior).<\/li>\n<li>Aos cidad\u00e3os de pa\u00edses fora da UE que pretendem permanecer na It\u00e1lia o Codice fiscale \u00e8 atribu\u00eddo:\n<ul>\n<li>pelo <strong>Sportello Unico per l\u2019Immigrazione<\/strong> da <em>Prefettura <\/em>competente por emitir o <em>nulla osta <\/em>ao ingresso de cidad\u00e3os estrangeiros que solicitam <em>Permesso di soggiorno<\/em> por trabalho ou reunifica\u00e7\u00e3o familiar;<\/li>\n<li>pela <strong>Questura<\/strong>, escrit\u00f3rio da <em>Polizia di Stato<\/em>, para os estrangeiros que solicitam outros tipos de <em>Permesso di soggiorno<\/em>.<\/li>\n<\/ul>\n<\/li>\n<\/ul>\n<p><strong><u>Motivos de estudo<\/u><\/strong><strong>:<\/strong><\/p>\n<ul>\n<li>Estrangeiros que permanecem na It\u00e1lia por menos de 90 dias por motivo de estudo podem solicitar o <em>Codice fiscale<\/em> em qualquer escrit\u00f3rio da <em>Agenzia delle Entrate<\/em>.<\/li>\n<li>Os cidad\u00e3os estrangeiros que devem permanecer na It\u00e1lia por mais de 90 dias devem solicitar o <em>Permesso di soggiorno <\/em>junto \u00e0 <em>Questura<\/em> e, nessa fase, receber\u00e1 o<em> codice fiscale<\/em>.<\/li>\n<\/ul>\n<p>&nbsp;<\/p>\n<p><strong>PROCEDIMENTO PARA SOLICITA\u00c7\u00c3O DE CODICE FISCALE PARA ESTRANGEIROS OU ITALIANOS N\u00c3O INSCRITOS NO AIRE NESTE CONSULADO<\/strong><\/p>\n<p><strong>\u00a0<\/strong><strong>Os estrangeiros que, mesmo n\u00e3o tendo que ir \u00e0 It\u00e1lia, precisem do C\u00f3digo Fiscal<\/strong>\u00a0poder\u00e3o enviar por e-mail (<a href=\"mailto:belohorizonte.codicefiscale@esteri.it\">belohorizonte.codicefiscale@esteri.it<\/a>) esplicitando a motiva\u00e7\u00e3o e anexando a seguinte documenta\u00e7\u00e3o:<\/p>\n<ol>\n<li><strong>Formul\u00e1rio<\/strong>(<a href=\"https:\/\/consbelohorizonte.esteri.it\/wp-content\/uploads\/2023\/04\/Modulo-per-richiesta-di-codice-fiscale-CF-mod.-AA4-8.pdf\">clique aqui<\/a>) corretamente preenchido, datado e assinado. Para as instru\u00e7\u00f5es (<a href=\"https:\/\/consbelohorizonte.esteri.it\/wp-content\/uploads\/2023\/04\/Istruzioni-per-rilascio-del-Codice-Fiscale.pdf\">clique aqui<\/a><strong>)<\/strong><\/li>\n<li>C\u00f3pia das p\u00e1ginas onde constam os dados e a assinatura do\u00a0<strong>passaporte v\u00e1lido do requerente<\/strong>.<\/li>\n<li>C\u00f3pia das p\u00e1ginas onde constam os dados e a assinatura do\u00a0<strong>passaporte v\u00e1lido do genitor que assinou o pedido<\/strong>,\u00a0<strong>exclusivamente<\/strong>no caso em que o requerente for menor de idade.<\/li>\n<li>C\u00f3pia de uma\u00a0<strong>comprova\u00e7\u00e3o de resid\u00eancia\u00a0<\/strong>em nome do requerente.\u00a0<strong>Exclusivamente<\/strong>nos casos em que o requerente for menor de idade, a comprova\u00e7\u00e3o de resid\u00eancia dever\u00e1 ser em nome do genitor que assinou o pedido. O comprovante de resid\u00eancia poder\u00e1 ser em nome do c\u00f4njuge, mas ser\u00e1 aceito somente se estiver acompanhado de uma c\u00f3pia recente da certid\u00e3o de casamento.<\/li>\n<\/ol>\n<p>&nbsp;<\/p>\n<p data-start=\"0\" data-end=\"27\"><strong data-start=\"0\" data-end=\"27\">INFORMA\u00c7\u00d5ES IMPORTANTES<\/strong><\/p>\n<ul>\n<li data-start=\"29\" data-end=\"254\">Solicita\u00e7\u00f5es incompletas ou sem os requisitos n\u00e3o ser\u00e3o processadas;<\/li>\n<li data-start=\"29\" data-end=\"254\">N\u00e3o s\u00e3o aceitas solicita\u00e7\u00f5es por intermedi\u00e1rios (exceto pais para menores);<\/li>\n<li data-start=\"29\" data-end=\"254\">Ser\u00e3o consideradas apenas solicita\u00e7\u00f5es de residentes na circunscri\u00e7\u00e3o consular.<\/li>\n<\/ul>\n","protected":false},"excerpt":{"rendered":"O Codice fiscale \u00e9 o c\u00f3digo alfanum\u00e9rico emitido pela Agenzia delle Entrate para identificar o cidad\u00e3o (italiano ou estrangeiro) nas rela\u00e7\u00f5es com administra\u00e7\u00f5es p\u00fablicas, entidades privadas e organismos italianos. Para pessoas f\u00edsicas, o Codice fiscale \u00e9 determinado com base nos dados de registro civil. Qualquer procedimento administrativo (pagamento de taxas, impostos, tarifas etc.) ou atividade [&hellip;]","protected":false},"author":3,"featured_media":0,"parent":102,"menu_order":0,"comment_status":"closed","ping_status":"closed","template":"","meta":{"footnotes":""},"class_list":["post-206","page","type-page","status-publish","hentry"],"_links":{"self":[{"href":"https:\/\/consbelohorizonte.esteri.it\/pt\/wp-json\/wp\/v2\/pages\/206","targetHints":{"allow":["GET"]}}],"collection":[{"href":"https:\/\/consbelohorizonte.esteri.it\/pt\/wp-json\/wp\/v2\/pages"}],"about":[{"href":"https:\/\/consbelohorizonte.esteri.it\/pt\/wp-json\/wp\/v2\/types\/page"}],"author":[{"embeddable":true,"href":"https:\/\/consbelohorizonte.esteri.it\/pt\/wp-json\/wp\/v2\/users\/3"}],"replies":[{"embeddable":true,"href":"https:\/\/consbelohorizonte.esteri.it\/pt\/wp-json\/wp\/v2\/comments?post=206"}],"version-history":[{"count":6,"href":"https:\/\/consbelohorizonte.esteri.it\/pt\/wp-json\/wp\/v2\/pages\/206\/revisions"}],"predecessor-version":[{"id":6155,"href":"https:\/\/consbelohorizonte.esteri.it\/pt\/wp-json\/wp\/v2\/pages\/206\/revisions\/6155"}],"up":[{"embeddable":true,"href":"https:\/\/consbelohorizonte.esteri.it\/pt\/wp-json\/wp\/v2\/pages\/102"}],"wp:attachment":[{"href":"https:\/\/consbelohorizonte.esteri.it\/pt\/wp-json\/wp\/v2\/media?parent=206"}],"curies":[{"name":"wp","href":"https:\/\/api.w.org\/{rel}","templated":true}]}}