{"id":205,"date":"2022-12-12T11:55:41","date_gmt":"2022-12-12T14:55:41","guid":{"rendered":"https:\/\/consbelohorizonte.esteri.it\/servizi-consolari-e-visti\/servizi-per-il-cittadino-italiano\/autoveicoli-e-patenti-di-guida\/"},"modified":"2023-06-20T10:44:23","modified_gmt":"2023-06-20T13:44:23","slug":"autoveicoli-e-patenti-di-guida","status":"publish","type":"page","link":"https:\/\/consbelohorizonte.esteri.it\/pt\/servizi-consolari-e-visti\/servizi-per-il-cittadino-italiano\/autoveicoli-e-patenti-di-guida\/","title":{"rendered":"Ve\u00edculos e cartas de condu\u00e7\u00e3o"},"content":{"rendered":"<p style=\"text-align: left;\" align=\"center\"><strong>RENOVA\u00c7\u00c3O DE CARTEIRA DE MOTORISTA ITALIANA<\/strong><\/p>\n<p>Contato:\u00a0<a href=\"mailto:passaporte.belohorizonte@esteri.it\">passaporte.belohorizonte@esteri.it<\/a><\/p>\n<p>Hor\u00e1rios de funcionamento: segundas, ter\u00e7as, quartas e quintas-feiras, das 8:45 \u00e0s 12:30.<\/p>\n<p><strong>1. QUAIS S\u00c3O OS REQUISITOS PARA RENOVAR A CARTEIRA DE MOTORISTA ITALIANA?<\/strong><br \/>\nO\/a interessado\/a deve ser registrado\/a no AIRE deste Consulado h\u00e1 pelo menos 6 meses e a carteira n\u00e3o pode ter expirado h\u00e1 mais de cinco anos. A renova\u00e7\u00e3o tem validade por dez anos (no caso da carteira de tipo B) a partir da data de renova\u00e7\u00e3o, a menos de restri\u00e7\u00f5es legais.<\/p>\n<p><strong>2. QUAIS S\u00c3O OS DOCUMENTOS NECESS\u00c1RIOS?<\/strong><\/p>\n<p>&#8211; Original e c\u00f3pia da carteira de motorista;<\/p>\n<p>&#8211; Original do atestado m\u00e9dico emitido pelo m\u00e9dico credenciado neste Consulado;<\/p>\n<p>&#8211; Atestado m\u00e9dico oftalmol\u00f3gico (a escolha do m\u00e9dico fica a crit\u00e9rio do requerente);<\/p>\n<p>&#8211; 2 fotos coloridas 3&#215;4;<\/p>\n<p>&#8211; Pagamento da taxa para a renova\u00e7\u00e3o (nos guich\u00eas do Consulado, com cart\u00e3o de debito).<\/p>\n<p><strong>3. QUEM \u00c9 O MEDICO CREDENCIADO DESTE CONSULADO?<\/strong><br \/>\nConforme o \u201cDecreto Consolare di nomina del medico di fiducia di questo Consolato n. 05 del 31.03.2011,\u201d para emitir o certificado de aptid\u00e3o para dirigir entrar em contato com:<\/p>\n<p>Dott. Marcelo Pazzini Lobo de Freitas<\/p>\n<p>Av. Afonso Pena, 2522, sala 704<\/p>\n<p>Tel.: 31- 3261 1158. E-mail:\u00a0<a href=\"mailto:pazzinilf@gmail.com\">pazzinilf@gmail.com<\/a><\/p>\n<p>Permanece para o usu\u00e1rio a faculdade de escolha do m\u00e9dico para realizar exame oftalmol\u00f3gico.<\/p>\n<p>&nbsp;<\/p>\n<p><strong>CONVERS\u00c3O DE CARTEIRAS DE MOTORISTA<\/strong><\/p>\n<p>Em 22 de fevereiro de 2019 entra em vigor, entre It\u00e1lia e Brasil, o Acordo de Reconhecimento Rec\u00edproco em mat\u00e9ria de convers\u00e3o de carteiras de motorista, do dia 02 de novembro de 2016. O acordo prev\u00ea a possibilidade, para os\u00a0brasileiros residentes na It\u00e1lia\u00a0que possu\u00edrem o novo modelo da CNH brasileira, como previsto pela Resolu\u00e7\u00e3o CONTRAN n. 598\/2016, de solicitar a convers\u00e3o para a equivalente carteira de motorista italiana.<\/p>\n","protected":false},"excerpt":{"rendered":"RENOVA\u00c7\u00c3O DE CARTEIRA DE MOTORISTA ITALIANA Contato:\u00a0passaporte.belohorizonte@esteri.it Hor\u00e1rios de funcionamento: segundas, ter\u00e7as, quartas e quintas-feiras, das 8:45 \u00e0s 12:30. 1. QUAIS S\u00c3O OS REQUISITOS PARA RENOVAR A CARTEIRA DE MOTORISTA ITALIANA? O\/a interessado\/a deve ser registrado\/a no AIRE deste Consulado h\u00e1 pelo menos 6 meses e a carteira n\u00e3o pode ter expirado h\u00e1 mais de [&hellip;]","protected":false},"author":3,"featured_media":0,"parent":102,"menu_order":0,"comment_status":"closed","ping_status":"closed","template":"","meta":{"footnotes":""},"class_list":["post-205","page","type-page","status-publish","hentry"],"_links":{"self":[{"href":"https:\/\/consbelohorizonte.esteri.it\/pt\/wp-json\/wp\/v2\/pages\/205","targetHints":{"allow":["GET"]}}],"collection":[{"href":"https:\/\/consbelohorizonte.esteri.it\/pt\/wp-json\/wp\/v2\/pages"}],"about":[{"href":"https:\/\/consbelohorizonte.esteri.it\/pt\/wp-json\/wp\/v2\/types\/page"}],"author":[{"embeddable":true,"href":"https:\/\/consbelohorizonte.esteri.it\/pt\/wp-json\/wp\/v2\/users\/3"}],"replies":[{"embeddable":true,"href":"https:\/\/consbelohorizonte.esteri.it\/pt\/wp-json\/wp\/v2\/comments?post=205"}],"version-history":[{"count":0,"href":"https:\/\/consbelohorizonte.esteri.it\/pt\/wp-json\/wp\/v2\/pages\/205\/revisions"}],"up":[{"embeddable":true,"href":"https:\/\/consbelohorizonte.esteri.it\/pt\/wp-json\/wp\/v2\/pages\/102"}],"wp:attachment":[{"href":"https:\/\/consbelohorizonte.esteri.it\/pt\/wp-json\/wp\/v2\/media?parent=205"}],"curies":[{"name":"wp","href":"https:\/\/api.w.org\/{rel}","templated":true}]}}