{"id":201,"date":"2022-12-12T11:49:29","date_gmt":"2022-12-12T14:49:29","guid":{"rendered":"https:\/\/consbelohorizonte.esteri.it\/servizi-consolari-e-visti\/servizi-per-il-cittadino-italiano\/assistenza-ai-cittadini-allestero\/"},"modified":"2026-04-27T12:35:22","modified_gmt":"2026-04-27T15:35:22","slug":"assistenza-ai-cittadini-allestero","status":"publish","type":"page","link":"https:\/\/consbelohorizonte.esteri.it\/pt\/servizi-consolari-e-visti\/servizi-per-il-cittadino-italiano\/assistenza-ai-cittadini-allestero\/","title":{"rendered":"Assist\u00eancia a cidad\u00e3os no estrangeiro"},"content":{"rendered":"<p>O cidad\u00e3o italiano que se encontrar em situa\u00e7\u00e3o de dificuldade no exterior poder\u00e1 dirigir-se a este Consolado Geral nos seguintes casos:<\/p>\n<ul>\n<li class=\"whitespace-normal break-words pl-2\">assist\u00eancia a detidos<\/li>\n<li class=\"whitespace-normal break-words pl-2\">assist\u00eancia econ\u00f4mica<\/li>\n<li class=\"whitespace-normal break-words pl-2\">assist\u00eancia indireta atrav\u00e9s de Entidades e Associa\u00e7\u00f5es Assistenciais<\/li>\n<li class=\"whitespace-normal break-words pl-2\">assist\u00eancia sanit\u00e1ria<\/li>\n<li class=\"whitespace-normal break-words pl-2\">assist\u00eancia jur\u00eddica<\/li>\n<li class=\"whitespace-normal break-words pl-2\">assist\u00eancia em caso de furto ou extravio de documentos<\/li>\n<li class=\"whitespace-normal break-words pl-2\">assist\u00eancia na busca de compatriotas<\/li>\n<li class=\"whitespace-normal break-words pl-2\">repatriamento consular<\/li>\n<li class=\"whitespace-normal break-words pl-2\">repatriamento de restos mortais<\/li>\n<li class=\"whitespace-normal break-words pl-2\">repatriamento sanit\u00e1rio<\/li>\n<\/ul>\n<p class=\"font-claude-response-body break-words whitespace-normal leading-[1.7]\">Nos termos das disposi\u00e7\u00f5es vigentes, o escrit\u00f3rio consular pode ainda prestar assist\u00eancia \u2013 em interven\u00e7\u00f5es espec\u00edficas \u2013 tamb\u00e9m aos cidad\u00e3os da Uni\u00e3o Europeia.<\/p>\n<p class=\"font-claude-response-body break-words whitespace-normal leading-[1.7]\">Aqueles que se encontram em estado de indig\u00eancia devem enviar solicita\u00e7\u00e3o de assist\u00eancia para o e-mail <a class=\"underline underline underline-offset-2 decoration-1 decoration-current\/40 hover:decoration-current focus:decoration-current\" href=\"mailto:belohorizonte.assistenza@esteri.it\">belohorizonte.assistenza@esteri.it<\/a> anexando o formul\u00e1rio &#8220;<a href=\"https:\/\/consbelohorizonte.esteri.it\/wp-content\/uploads\/2023\/04\/Richiesta-assistenza-diretta-autocertificazione.pdf\">Solicita\u00e7\u00e3o de assist\u00eancia direta<\/a>&#8221; acompanhado dos respectivos anexos solicitados. Solicita\u00e7\u00f5es sem a devida documenta\u00e7\u00e3o n\u00e3o ser\u00e3o analisadas.<\/p>\n<p class=\"font-claude-response-body break-words whitespace-normal leading-[1.7]\">Assist\u00eancia aos cidad\u00e3os italianos no exterior \u2013 informa\u00e7\u00f5es no site do <a href=\"https:\/\/www.esteri.it\/it\/servizi-consolari-e-visti\/italiani-all-estero\/assistenzacittadiniestero\/\">Minist\u00e9rio dos Assuntos Estrangeiros e da Coopera\u00e7\u00e3o Internacional.<\/a><\/p>\n<p>&nbsp;<\/p>\n<p style=\"text-align: justify;\"><strong>EMPR\u00c9STIMOS COM PROMESSA DE DEVOLU\u00c7\u00c3O \u2013 MUDAN\u00c7A NAS MODALIDADES DE REEMBOLSO<\/strong><br \/>\nEm cumprimento \u00e0 obriga\u00e7\u00e3o de ades\u00e3o \u00e0 Plataforma de Recebimentos, a partir de 30 de junho de 2024, as modalidades de reembolso dos empr\u00e9stimos com promessa de devolu\u00e7\u00e3o concedidos nos termos do art. 24, par\u00e1grafo 2, do D. Lgs n\u00ba 71 de 3 de fevereiro de 2011 foram alteradas. Agora \u00e9 poss\u00edvel devolver os empr\u00e9stimos concedidos exclusivamente atrav\u00e9s das seguintes modalidades:<br \/>\na) nos Correios, dirigindo-se ao atendente do balc\u00e3o;<br \/>\nb) atrav\u00e9s do site <a href=\"http:\/\/www.poste.it\" target=\"_new\" rel=\"noreferrer noopener\">www.poste.it<\/a>;<br \/>\nc) no Consulado que concedeu o empr\u00e9stimo ou, quando necess\u00e1rio, em qualquer outro Consulado.<\/p>\n<div id=\"tooltip-tag-f3a23x80\"><\/div>\n<div id=\"tooltip-tag-f3a23x80\"><\/div>\n<div id=\"tooltip-tag-f3a23x80\"><\/div>\n<div id=\"tooltip-tag-f3a23x80\"><\/div>\n<div id=\"tooltip-tag-f3a23x80\"><\/div>\n","protected":false},"excerpt":{"rendered":"O cidad\u00e3o italiano que se encontrar em situa\u00e7\u00e3o de dificuldade no exterior poder\u00e1 dirigir-se a este Consolado Geral nos seguintes casos: assist\u00eancia a detidos assist\u00eancia econ\u00f4mica assist\u00eancia indireta atrav\u00e9s de Entidades e Associa\u00e7\u00f5es Assistenciais assist\u00eancia sanit\u00e1ria assist\u00eancia jur\u00eddica assist\u00eancia em caso de furto ou extravio de documentos assist\u00eancia na busca de compatriotas repatriamento consular repatriamento [&hellip;]","protected":false},"author":3,"featured_media":0,"parent":102,"menu_order":0,"comment_status":"closed","ping_status":"closed","template":"","meta":{"footnotes":""},"class_list":["post-201","page","type-page","status-publish","hentry"],"_links":{"self":[{"href":"https:\/\/consbelohorizonte.esteri.it\/pt\/wp-json\/wp\/v2\/pages\/201","targetHints":{"allow":["GET"]}}],"collection":[{"href":"https:\/\/consbelohorizonte.esteri.it\/pt\/wp-json\/wp\/v2\/pages"}],"about":[{"href":"https:\/\/consbelohorizonte.esteri.it\/pt\/wp-json\/wp\/v2\/types\/page"}],"author":[{"embeddable":true,"href":"https:\/\/consbelohorizonte.esteri.it\/pt\/wp-json\/wp\/v2\/users\/3"}],"replies":[{"embeddable":true,"href":"https:\/\/consbelohorizonte.esteri.it\/pt\/wp-json\/wp\/v2\/comments?post=201"}],"version-history":[{"count":6,"href":"https:\/\/consbelohorizonte.esteri.it\/pt\/wp-json\/wp\/v2\/pages\/201\/revisions"}],"predecessor-version":[{"id":6204,"href":"https:\/\/consbelohorizonte.esteri.it\/pt\/wp-json\/wp\/v2\/pages\/201\/revisions\/6204"}],"up":[{"embeddable":true,"href":"https:\/\/consbelohorizonte.esteri.it\/pt\/wp-json\/wp\/v2\/pages\/102"}],"wp:attachment":[{"href":"https:\/\/consbelohorizonte.esteri.it\/pt\/wp-json\/wp\/v2\/media?parent=201"}],"curies":[{"name":"wp","href":"https:\/\/api.w.org\/{rel}","templated":true}]}}