{"id":198,"date":"2022-12-12T11:44:08","date_gmt":"2022-12-12T14:44:08","guid":{"rendered":"https:\/\/consbelohorizonte.esteri.it\/servizi-consolari-e-visti\/servizi-per-il-cittadino-italiano\/emergency-travel-documents-etd\/"},"modified":"2025-12-22T11:53:46","modified_gmt":"2025-12-22T14:53:46","slug":"emergency-travel-documents-etd","status":"publish","type":"page","link":"https:\/\/consbelohorizonte.esteri.it\/pt\/servizi-consolari-e-visti\/servizi-per-il-cittadino-italiano\/emergency-travel-documents-etd\/","title":{"rendered":"Emergency Travel Documents &#8211; EU ETD"},"content":{"rendered":"<p style=\"text-align: justify;\">Caso um(a) cidad\u00e3o(\u00e3) italiano(a) n\u00e3o residente nesta circunscri\u00e7\u00e3o consular se encontre em uma situa\u00e7\u00e3o de emerg\u00eancia (por exemplo, um turista em tr\u00e2nsito que precisa partir com urg\u00eancia e perde ou tem seu passaporte roubado) e n\u00e3o haja tempo h\u00e1bil para solicitar \u00e0 Questura ou ao Consulado competente o <strong>NADA OBSTA\/PROCURA\u00c7\u00c3O<\/strong> para a emiss\u00e3o de um novo passaporte, o Consulado emite um documento denominado <strong>\u201cEU ETD\u201d<\/strong>, v\u00e1lido exclusivamente para a viagem de retorno. Para obt\u00ea-lo, \u00e9 necess\u00e1rio comparecer ao Consulado com a seguinte documenta\u00e7\u00e3o:<\/p>\n<p style=\"text-align: justify;\">O pedido de EU ETD deve ser apresentado por meio de formul\u00e1rio espec\u00edfico (<a href=\"https:\/\/consbelohorizonte.esteri.it\/wp-content\/uploads\/2025\/12\/ALL.1-MODULO-UNIFORME.pdf\">em anexo<\/a>) e deve ser acompanhado de:<br \/>\na) declara\u00e7\u00e3o de furto ou extravio do passaporte ou de outro documento de viagem, apresentada ao Consulado nos termos dos artigos 46 e 47 do Decreto do Presidente da Rep\u00fablica de 28 de dezembro de 2000, n\u00ba 445, observadas as disposi\u00e7\u00f5es do artigo 76 do mesmo decreto;<br \/>\nb) boletim de ocorr\u00eancia do furto, extravio ou destrui\u00e7\u00e3o do passaporte ou de outro documento de viagem, registrado junto \u00e0s autoridades policiais locais;<br \/>\nc) uma fotografia digital ou digitalizada do requerente, de acordo com as normas estabelecidas no documento 9303 da Organiza\u00e7\u00e3o da Avia\u00e7\u00e3o Civil Internacional (ICAO) sobre documentos de viagem de leitura \u00f3ptica;<br \/>\nd) o bilhete de viagem, quando poss\u00edvel.<\/p>\n<p style=\"text-align: justify;\">Ressalta-se que, nos termos da legisla\u00e7\u00e3o vigente, o EU ETD tem validade correspondente \u00e0 dura\u00e7\u00e3o da viagem para a qual foi emitido, por um per\u00edodo m\u00e1ximo de quinze dias.<\/p>\n<p style=\"text-align: justify;\">A principal novidade em rela\u00e7\u00e3o ao procedimento anterior refere-se \u00e0 obriga\u00e7\u00e3o, por parte do benefici\u00e1rio de um ETD UE, de devolver o documento \u00e0 chegada ao destino \u00e0 pol\u00edcia de fronteira ou a outro posto policial, independentemente do prazo de validade restante. Caso o benefici\u00e1rio de um ETD UE emitido por um Escrit\u00f3rio Consular viaje para um pa\u00eds diferente da It\u00e1lia, ele dever\u00e1 devolver o documento ao Escrit\u00f3rio Consular territorialmente competente pela circunscri\u00e7\u00e3o de resid\u00eancia no pa\u00eds de destino.<\/p>\n","protected":false},"excerpt":{"rendered":"Caso um(a) cidad\u00e3o(\u00e3) italiano(a) n\u00e3o residente nesta circunscri\u00e7\u00e3o consular se encontre em uma situa\u00e7\u00e3o de emerg\u00eancia (por exemplo, um turista em tr\u00e2nsito que precisa partir com urg\u00eancia e perde ou tem seu passaporte roubado) e n\u00e3o haja tempo h\u00e1bil para solicitar \u00e0 Questura ou ao Consulado competente o NADA OBSTA\/PROCURA\u00c7\u00c3O para a emiss\u00e3o de um [&hellip;]","protected":false},"author":3,"featured_media":0,"parent":102,"menu_order":0,"comment_status":"closed","ping_status":"closed","template":"","meta":{"footnotes":""},"class_list":["post-198","page","type-page","status-publish","hentry"],"_links":{"self":[{"href":"https:\/\/consbelohorizonte.esteri.it\/pt\/wp-json\/wp\/v2\/pages\/198","targetHints":{"allow":["GET"]}}],"collection":[{"href":"https:\/\/consbelohorizonte.esteri.it\/pt\/wp-json\/wp\/v2\/pages"}],"about":[{"href":"https:\/\/consbelohorizonte.esteri.it\/pt\/wp-json\/wp\/v2\/types\/page"}],"author":[{"embeddable":true,"href":"https:\/\/consbelohorizonte.esteri.it\/pt\/wp-json\/wp\/v2\/users\/3"}],"replies":[{"embeddable":true,"href":"https:\/\/consbelohorizonte.esteri.it\/pt\/wp-json\/wp\/v2\/comments?post=198"}],"version-history":[{"count":1,"href":"https:\/\/consbelohorizonte.esteri.it\/pt\/wp-json\/wp\/v2\/pages\/198\/revisions"}],"predecessor-version":[{"id":5783,"href":"https:\/\/consbelohorizonte.esteri.it\/pt\/wp-json\/wp\/v2\/pages\/198\/revisions\/5783"}],"up":[{"embeddable":true,"href":"https:\/\/consbelohorizonte.esteri.it\/pt\/wp-json\/wp\/v2\/pages\/102"}],"wp:attachment":[{"href":"https:\/\/consbelohorizonte.esteri.it\/pt\/wp-json\/wp\/v2\/media?parent=198"}],"curies":[{"name":"wp","href":"https:\/\/api.w.org\/{rel}","templated":true}]}}