{"id":1650,"date":"2023-05-16T09:07:49","date_gmt":"2023-05-16T12:07:49","guid":{"rendered":"https:\/\/consbelohorizonte.esteri.it\/?page_id=1650"},"modified":"2024-07-05T11:23:35","modified_gmt":"2024-07-05T14:23:35","slug":"certidao-de-nao-renuncia","status":"publish","type":"page","link":"https:\/\/consbelohorizonte.esteri.it\/pt\/servizi-consolari-e-visti\/servizi-per-il-cittadino-straniero\/cittadinanza\/certidao-de-nao-renuncia\/","title":{"rendered":"Certid\u00e3o de N\u00e3o Ren\u00fancia"},"content":{"rendered":"<p style=\"text-align: justify;\">As pessoas com cidadania brasileira, residentes fora do Brasil e que tenham iniciado um processo de reconhecimento da cidadania italiana <em>jure sanguinis<\/em> no <em>Comune<\/em> ou na representa\u00e7\u00e3o diplom\u00e1tica\/consular de resid\u00eancia, N\u00c3O devem solicitar a este Consulado a emiss\u00e3o da Certid\u00e3o de N\u00e3o Ren\u00fancia.<\/p>\n<p style=\"text-align: justify;\">Tal solicita\u00e7\u00e3o deve ser feita diretamente do <em>Comune<\/em> italiano ou da autoridade diplom\u00e1tica\/consular de resid\u00eancia a este Consulado, exclusivamente via PEC (<a href=\"con.belohorizonte.citt@cert.esteri.it\">con.belohorizonte.citt@cert.esteri.it<\/a>).<\/p>\n<p style=\"text-align: justify;\">A resposta deste Consulado ser\u00e1, sempre e somente via PEC, no prazo de at\u00e9 10 dias \u00fateis a partir da chegada da solicita\u00e7\u00e3o, se essa \u00faltima foi formulada corretamente.<\/p>\n<p style=\"text-align: justify;\">Portanto, pedimos a gentileza de escrever a este Consulado (<a href=\"mailto:cidadania.belohorizonte@esteri.it\">cidadania.belohorizonte@esteri.it<\/a>) SOMENTE em caso de atraso, anexando o comprovante de envio da PEC de solicita\u00e7\u00e3o do <em>Comune<\/em>\/Consulado\/Embaixada.<\/p>\n<p style=\"text-align: justify;\">\n","protected":false},"excerpt":{"rendered":"As pessoas com cidadania brasileira, residentes fora do Brasil e que tenham iniciado um processo de reconhecimento da cidadania italiana jure sanguinis no Comune ou na representa\u00e7\u00e3o diplom\u00e1tica\/consular de resid\u00eancia, N\u00c3O devem solicitar a este Consulado a emiss\u00e3o da Certid\u00e3o de N\u00e3o Ren\u00fancia. Tal solicita\u00e7\u00e3o deve ser feita diretamente do Comune italiano ou da autoridade [&hellip;]","protected":false},"author":7,"featured_media":0,"parent":210,"menu_order":5,"comment_status":"closed","ping_status":"closed","template":"","meta":{"footnotes":""},"class_list":["post-1650","page","type-page","status-publish","hentry"],"_links":{"self":[{"href":"https:\/\/consbelohorizonte.esteri.it\/pt\/wp-json\/wp\/v2\/pages\/1650","targetHints":{"allow":["GET"]}}],"collection":[{"href":"https:\/\/consbelohorizonte.esteri.it\/pt\/wp-json\/wp\/v2\/pages"}],"about":[{"href":"https:\/\/consbelohorizonte.esteri.it\/pt\/wp-json\/wp\/v2\/types\/page"}],"author":[{"embeddable":true,"href":"https:\/\/consbelohorizonte.esteri.it\/pt\/wp-json\/wp\/v2\/users\/7"}],"replies":[{"embeddable":true,"href":"https:\/\/consbelohorizonte.esteri.it\/pt\/wp-json\/wp\/v2\/comments?post=1650"}],"version-history":[{"count":4,"href":"https:\/\/consbelohorizonte.esteri.it\/pt\/wp-json\/wp\/v2\/pages\/1650\/revisions"}],"predecessor-version":[{"id":3444,"href":"https:\/\/consbelohorizonte.esteri.it\/pt\/wp-json\/wp\/v2\/pages\/1650\/revisions\/3444"}],"up":[{"embeddable":true,"href":"https:\/\/consbelohorizonte.esteri.it\/pt\/wp-json\/wp\/v2\/pages\/210"}],"wp:attachment":[{"href":"https:\/\/consbelohorizonte.esteri.it\/pt\/wp-json\/wp\/v2\/media?parent=1650"}],"curies":[{"name":"wp","href":"https:\/\/api.w.org\/{rel}","templated":true}]}}