{"id":1640,"date":"2023-05-16T08:50:46","date_gmt":"2023-05-16T11:50:46","guid":{"rendered":"https:\/\/consbelohorizonte.esteri.it\/?page_id=1640"},"modified":"2024-07-05T11:23:01","modified_gmt":"2024-07-05T14:23:01","slug":"elezione-di-cittadinanza","status":"publish","type":"page","link":"https:\/\/consbelohorizonte.esteri.it\/pt\/servizi-consolari-e-visti\/servizi-per-il-cittadino-straniero\/cittadinanza\/elezione-di-cittadinanza\/","title":{"rendered":"Elei\u00e7\u00e3o de Cidadania"},"content":{"rendered":"<p style=\"text-align: justify;\">\u00c9 cidad\u00e3o italiano o <u>menor de idade<\/u> que foi reconhecido como filho de um cidad\u00e3o italiano ou que foi declarado filho de um cidad\u00e3o italiano por um \u00f3rg\u00e3o jurisdicional <strong>(\u00a7 1\u00ba, art. 2\u00ba, da Lei n. 91\/92)<\/strong>.<\/p>\n<p style=\"text-align: justify;\">No caso em que o reconhecimento ou a declara\u00e7\u00e3o judicial seja relativa a um <u>maior de idade<\/u>, este adquire a cidadania italiana somente se, no prazo de um ano da decis\u00e3o (reconhecimento ou declara\u00e7\u00e3o judicial de paternidade\/maternidade), expressa a pr\u00f3pria vontade em tal sentido por meio de uma \u201celei\u00e7\u00e3o de cidadania\u201d <strong>(\u00a7 2\u00ba, art. 2\u00ba, da Lei n. 91\/92)<\/strong>.<\/p>\n<p style=\"text-align: justify;\">No momento da elei\u00e7\u00e3o, o interessado dever\u00e1 apresentar o comprovante de pagamento da taxa de <strong>250,00 euros<\/strong> para o Minist\u00e9rio do Interior italiano. Tal pagamento dever\u00e1 ser realizado, utilizando as coordenadas abaixo:<\/p>\n<p style=\"text-align: justify;\">Benefici\u00e1rio: Ministero dell\u2019Interno D.L.C.I Cittadinanza<br \/>\nBanco: Poste Italiane S.p.A.<br \/>\nIBAN: IT54D0760103200000000809020<br \/>\nMotivo: Richiesta cittadinanza &#8220;nome e sobrenome requerente&#8221;, Elezione Cittadinanza (Legge n. 91\/92 &#8211; Art. 2, c 2)<br \/>\nBIC\/SWIFT di Poste Italiane: BPPIITRR<\/p>\n<p style=\"text-align: justify;\">A declara\u00e7\u00e3o de elei\u00e7\u00e3o da cidadania, referida no art. 2\u00ba, \u00a7 2\u00ba da Lei, deve ser acompanhada dos seguintes documentos:<\/p>\n<p style=\"text-align: justify;\">&#8211; certid\u00e3o de nascimento, devidamente traduzida e apostilada;<\/p>\n<p style=\"text-align: justify;\">&#8211; certid\u00e3o de reconhecimento de paternidade\/maternidade ou c\u00f3pia autenticada do processo judicial com o qual foi declarada a paternidade ou maternidade, devidamente traduzida e apostilada;<\/p>\n<p style=\"text-align: justify;\">&#8211; certificado de cidadania italiana do genitor;<\/p>\n<p style=\"text-align: justify;\">&#8211; comprovante de pagamento de 250,00 euros ao Minist\u00e9rio do Interior.<\/p>\n<p style=\"text-align: justify;\">Esses \u00faltimos documentos constituem o pressuposto para solicitar a an\u00e1lise em quest\u00e3o.<\/p>\n<p style=\"text-align: justify;\">Por \u00faltimo, \u00e9 de se observar que, em caso de declara\u00e7\u00e3o judicial de reconhecimento efetuada no exterior, a decorr\u00eancia do per\u00edodo de um ano para fazer a declara\u00e7\u00e3o de elei\u00e7\u00e3o da cidadania inicia-se a partir da data em que foi transcrita a senten\u00e7a estrangeira na It\u00e1lia.<\/p>\n<p>Contato: <a href=\"mailto:cidadania.belohorizonte@esteri.it\">cidadania.belohorizonte@esteri.it<\/a><\/p>\n","protected":false},"excerpt":{"rendered":"\u00c9 cidad\u00e3o italiano o menor de idade que foi reconhecido como filho de um cidad\u00e3o italiano ou que foi declarado filho de um cidad\u00e3o italiano por um \u00f3rg\u00e3o jurisdicional (\u00a7 1\u00ba, art. 2\u00ba, da Lei n. 91\/92). No caso em que o reconhecimento ou a declara\u00e7\u00e3o judicial seja relativa a um maior de idade, este [&hellip;]","protected":false},"author":7,"featured_media":0,"parent":210,"menu_order":4,"comment_status":"closed","ping_status":"closed","template":"","meta":{"footnotes":""},"class_list":["post-1640","page","type-page","status-publish","hentry"],"_links":{"self":[{"href":"https:\/\/consbelohorizonte.esteri.it\/pt\/wp-json\/wp\/v2\/pages\/1640","targetHints":{"allow":["GET"]}}],"collection":[{"href":"https:\/\/consbelohorizonte.esteri.it\/pt\/wp-json\/wp\/v2\/pages"}],"about":[{"href":"https:\/\/consbelohorizonte.esteri.it\/pt\/wp-json\/wp\/v2\/types\/page"}],"author":[{"embeddable":true,"href":"https:\/\/consbelohorizonte.esteri.it\/pt\/wp-json\/wp\/v2\/users\/7"}],"replies":[{"embeddable":true,"href":"https:\/\/consbelohorizonte.esteri.it\/pt\/wp-json\/wp\/v2\/comments?post=1640"}],"version-history":[{"count":3,"href":"https:\/\/consbelohorizonte.esteri.it\/pt\/wp-json\/wp\/v2\/pages\/1640\/revisions"}],"predecessor-version":[{"id":3443,"href":"https:\/\/consbelohorizonte.esteri.it\/pt\/wp-json\/wp\/v2\/pages\/1640\/revisions\/3443"}],"up":[{"embeddable":true,"href":"https:\/\/consbelohorizonte.esteri.it\/pt\/wp-json\/wp\/v2\/pages\/210"}],"wp:attachment":[{"href":"https:\/\/consbelohorizonte.esteri.it\/pt\/wp-json\/wp\/v2\/media?parent=1640"}],"curies":[{"name":"wp","href":"https:\/\/api.w.org\/{rel}","templated":true}]}}