{"id":1637,"date":"2023-05-15T11:47:35","date_gmt":"2023-05-15T14:47:35","guid":{"rendered":"https:\/\/consbelohorizonte.esteri.it\/?page_id=1637"},"modified":"2025-08-13T08:55:38","modified_gmt":"2025-08-13T11:55:38","slug":"cidadania-italiana-por-casamento-unione-civile-naturalizacao","status":"publish","type":"page","link":"https:\/\/consbelohorizonte.esteri.it\/pt\/servizi-consolari-e-visti\/servizi-per-il-cittadino-straniero\/cittadinanza\/cidadania-italiana-por-casamento-unione-civile-naturalizacao\/","title":{"rendered":"Cidadania Italiana por Casamento \/ &#8220;Unione Civile&#8221;  (Naturaliza\u00e7\u00e3o), conforme o Art. 5 da lei 91 de 05\/02\/1992"},"content":{"rendered":"<p style=\"text-align: justify;\">Atualmente a naturaliza\u00e7\u00e3o por casamento \u00e9 regulada pela Lei n\u00b0 91 de 5 de fevereiro de 1992 (art. 5, 6, 7 e 8) e modifica\u00e7\u00f5es subsequentes.<\/p>\n<p style=\"text-align: justify;\">Desta forma, esta se\u00e7\u00e3o \u00e9 dedicada a:<\/p>\n<ol style=\"text-align: justify;\">\n<li>esposas de cidad\u00e3o italiano por descend\u00eancia; esposas de descendentes de trentinos (ou seja, aqueles que adquiriram a cidadania italiana pela lei 379\/2000) casados a qualquer tempo;<\/li>\n<li>homens que se casaram com cidad\u00e3 italiana por descend\u00eancia;<\/li>\n<li>c\u00f4njuge de uni\u00e3o homoafetiva de cidad\u00e3o(\u00e3) italiano(a) por descend\u00eancia.<\/li>\n<\/ol>\n<p style=\"text-align: justify;\"><strong>ATEN\u00c7\u00c3O<\/strong><\/p>\n<p style=\"text-align: justify;\">A lei n. 132 de 01\/12\/2018 estabelece que o reconhecimento da cidadania italiana nos termos do art. 5 e 9 da Lei n. 91 de 05\/02\/1992 s\u00f3 pode ser concedido com comprovado e adequado conhecimento da l\u00edngua italiana. Sendo assim, a subse\u00e7\u00e3o dedicada \u00e0 naturaliza\u00e7\u00e3o italiana por casamento \u00e9 descrita inteiramente em italiano.<\/p>\n<p style=\"text-align: justify;\"><strong>Portanto, ser\u00e3o rejeitados todos os pedidos de cidadania por casamento que n\u00e3o contenham os certificados relativos ao adequado conhecimento da l\u00edngua italiana.<\/strong><\/p>\n<p style=\"text-align: justify;\">Em conformidade com a normativa vigente, as instru\u00e7\u00f5es para o requerimento de naturaliza\u00e7\u00e3o por casamento\/\u201dunione civile\u201d est\u00e3o dispon\u00edveis somente em italiano, <a href=\"https:\/\/consbelohorizonte.esteri.it\/it\/servizi-consolari-e-visti\/servizi-per-il-cittadino-straniero\/cittadinanza\/cittadinanza-per-matrimonio-unione-civile-ai-sensi-dellart-5-della-legge-5-febbraio-1992-n-91\/\">clique aqui<\/a>.<\/p>\n<p>&nbsp;<\/p>\n<p><strong>\u00a0<\/strong>Contato: <a href=\"cidadania.belohorizonte@esteri.it\">cidadania.belohorizonte@esteri.it<\/a><\/p>\n","protected":false},"excerpt":{"rendered":"Atualmente a naturaliza\u00e7\u00e3o por casamento \u00e9 regulada pela Lei n\u00b0 91 de 5 de fevereiro de 1992 (art. 5, 6, 7 e 8) e modifica\u00e7\u00f5es subsequentes. Desta forma, esta se\u00e7\u00e3o \u00e9 dedicada a: esposas de cidad\u00e3o italiano por descend\u00eancia; esposas de descendentes de trentinos (ou seja, aqueles que adquiriram a cidadania italiana pela lei 379\/2000) [&hellip;]","protected":false},"author":7,"featured_media":0,"parent":210,"menu_order":2,"comment_status":"closed","ping_status":"closed","template":"","meta":{"footnotes":""},"class_list":["post-1637","page","type-page","status-publish","hentry"],"_links":{"self":[{"href":"https:\/\/consbelohorizonte.esteri.it\/pt\/wp-json\/wp\/v2\/pages\/1637","targetHints":{"allow":["GET"]}}],"collection":[{"href":"https:\/\/consbelohorizonte.esteri.it\/pt\/wp-json\/wp\/v2\/pages"}],"about":[{"href":"https:\/\/consbelohorizonte.esteri.it\/pt\/wp-json\/wp\/v2\/types\/page"}],"author":[{"embeddable":true,"href":"https:\/\/consbelohorizonte.esteri.it\/pt\/wp-json\/wp\/v2\/users\/7"}],"replies":[{"embeddable":true,"href":"https:\/\/consbelohorizonte.esteri.it\/pt\/wp-json\/wp\/v2\/comments?post=1637"}],"version-history":[{"count":6,"href":"https:\/\/consbelohorizonte.esteri.it\/pt\/wp-json\/wp\/v2\/pages\/1637\/revisions"}],"predecessor-version":[{"id":5306,"href":"https:\/\/consbelohorizonte.esteri.it\/pt\/wp-json\/wp\/v2\/pages\/1637\/revisions\/5306"}],"up":[{"embeddable":true,"href":"https:\/\/consbelohorizonte.esteri.it\/pt\/wp-json\/wp\/v2\/pages\/210"}],"wp:attachment":[{"href":"https:\/\/consbelohorizonte.esteri.it\/pt\/wp-json\/wp\/v2\/media?parent=1637"}],"curies":[{"name":"wp","href":"https:\/\/api.w.org\/{rel}","templated":true}]}}