{"id":1586,"date":"2023-05-09T13:32:18","date_gmt":"2023-05-09T16:32:18","guid":{"rendered":"https:\/\/consbelohorizonte.esteri.it\/?page_id=1586"},"modified":"2025-06-27T15:19:10","modified_gmt":"2025-06-27T18:19:10","slug":"cidadania-italiana-por-descendencia-jure-sanguinis","status":"publish","type":"page","link":"https:\/\/consbelohorizonte.esteri.it\/pt\/servizi-consolari-e-visti\/servizi-per-il-cittadino-straniero\/cittadinanza\/cidadania-italiana-por-descendencia-jure-sanguinis\/","title":{"rendered":"Cidadania Italiana por Descend\u00eancia \u2013 \u201cJure Sanguinis\u201d"},"content":{"rendered":"<p><strong>INFORMA\u00c7\u00d5ES GERAIS<\/strong><\/p>\n<p>&nbsp;<\/p>\n<p>A Lei n\u00ba 74, de 23 de maio de 2025 (publicada no Di\u00e1rio Oficial de 23\/05\/2025, n\u00ba 118), converteu com modifica\u00e7\u00f5es o Decreto-Lei n\u00ba 36, de 28 de mar\u00e7o de 2025, que disp\u00f5e sobre medidas urgentes em mat\u00e9ria de cidadania.<br \/>\nA cidadania italiana baseia-se no princ\u00edpio do\u00a0<strong>jus sanguinis<\/strong>\u00a0(direito de sangue), pelo qual o filho de pai italiano ou m\u00e3e italiana \u00e9 cidad\u00e3o. O novo decreto, conforme convertido,\u00a0<strong>n\u00e3o modifica este princ\u00edpio fundamental<\/strong>, mas estabelece\u00a0<strong>importantes limita\u00e7\u00f5es \u00e0 transmiss\u00e3o da cidadania entre gera\u00e7\u00f5es<\/strong>, com base no v\u00ednculo efetivo com a It\u00e1lia e na posse de outra cidadania.<\/p>\n<p>&nbsp;<\/p>\n<p>Clique nas se\u00e7\u00f5es para mais informa\u00e7\u00f5es:<\/p>\n<ul>\n<li><a href=\"https:\/\/consbelohorizonte.esteri.it\/pt\/servizi-consolari-e-visti\/servizi-per-il-cittadino-straniero\/cittadinanza\/cidadania-italiana-por-descendencia-jure-sanguinis\/cidadania-para-maiores-de-idade-nascidos-no-exterior\/\">Cidadania para maiores de idade nascidos no exterior<\/a>;<\/li>\n<li><a href=\"https:\/\/consbelohorizonte.esteri.it\/pt\/servizi-consolari-e-visti\/servizi-per-il-cittadino-straniero\/cittadinanza\/cidadania-italiana-por-descendencia-jure-sanguinis\/novos-casos-de-aquisicao-da-cidadania-no-exterior-filhos-menores-de-cidadaos-que-nao-transmitem-automaticamente-a-cidadania-italiana\/\">Novos casos de aquisi\u00e7\u00e3o da cidadania no exterior (filhos menores de cidad\u00e3os que n\u00e3o transmitem automaticamente a cidadania italiana);<\/a><\/li>\n<li><a href=\"https:\/\/consbelohorizonte.esteri.it\/pt\/servizi-consolari-e-visti\/servizi-per-il-cittadino-straniero\/cittadinanza\/cidadania-italiana-por-descendencia-jure-sanguinis\/reaquisicao-da-cidadania\/\">Reaquisi\u00e7\u00e3o da cidadania.<\/a><\/li>\n<\/ul>\n","protected":false},"excerpt":{"rendered":"INFORMA\u00c7\u00d5ES GERAIS &nbsp; A Lei n\u00ba 74, de 23 de maio de 2025 (publicada no Di\u00e1rio Oficial de 23\/05\/2025, n\u00ba 118), converteu com modifica\u00e7\u00f5es o Decreto-Lei n\u00ba 36, de 28 de mar\u00e7o de 2025, que disp\u00f5e sobre medidas urgentes em mat\u00e9ria de cidadania. A cidadania italiana baseia-se no princ\u00edpio do\u00a0jus sanguinis\u00a0(direito de sangue), pelo qual [&hellip;]","protected":false},"author":7,"featured_media":4900,"parent":210,"menu_order":1,"comment_status":"closed","ping_status":"closed","template":"","meta":{"footnotes":""},"class_list":["post-1586","page","type-page","status-publish","has-post-thumbnail","hentry"],"_links":{"self":[{"href":"https:\/\/consbelohorizonte.esteri.it\/pt\/wp-json\/wp\/v2\/pages\/1586","targetHints":{"allow":["GET"]}}],"collection":[{"href":"https:\/\/consbelohorizonte.esteri.it\/pt\/wp-json\/wp\/v2\/pages"}],"about":[{"href":"https:\/\/consbelohorizonte.esteri.it\/pt\/wp-json\/wp\/v2\/types\/page"}],"author":[{"embeddable":true,"href":"https:\/\/consbelohorizonte.esteri.it\/pt\/wp-json\/wp\/v2\/users\/7"}],"replies":[{"embeddable":true,"href":"https:\/\/consbelohorizonte.esteri.it\/pt\/wp-json\/wp\/v2\/comments?post=1586"}],"version-history":[{"count":8,"href":"https:\/\/consbelohorizonte.esteri.it\/pt\/wp-json\/wp\/v2\/pages\/1586\/revisions"}],"predecessor-version":[{"id":4796,"href":"https:\/\/consbelohorizonte.esteri.it\/pt\/wp-json\/wp\/v2\/pages\/1586\/revisions\/4796"}],"up":[{"embeddable":true,"href":"https:\/\/consbelohorizonte.esteri.it\/pt\/wp-json\/wp\/v2\/pages\/210"}],"wp:featuredmedia":[{"embeddable":true,"href":"https:\/\/consbelohorizonte.esteri.it\/pt\/wp-json\/wp\/v2\/media\/4900"}],"wp:attachment":[{"href":"https:\/\/consbelohorizonte.esteri.it\/pt\/wp-json\/wp\/v2\/media?parent=1586"}],"curies":[{"name":"wp","href":"https:\/\/api.w.org\/{rel}","templated":true}]}}