{"id":103,"date":"2022-12-09T19:12:21","date_gmt":"2022-12-09T22:12:21","guid":{"rendered":"https:\/\/consbelohorizonte.esteri.it\/servizi-consolari-e-visti\/servizi-per-il-cittadino-straniero\/"},"modified":"2025-08-05T08:30:13","modified_gmt":"2025-08-05T11:30:13","slug":"servizi-per-il-cittadino-straniero","status":"publish","type":"page","link":"https:\/\/consbelohorizonte.esteri.it\/pt\/servizi-consolari-e-visti\/servizi-per-il-cittadino-straniero\/","title":{"rendered":"Servi\u00e7os para o cidad\u00e3o estrangeiro"},"content":{"rendered":"<p style=\"text-align: justify;\"><strong>Controles de seguran\u00e7a na entrada e informa\u00e7\u00f5es para o acesso:<\/strong><\/p>\n<p style=\"text-align: justify;\">Informamos os usu\u00e1rios que, devido as normas de seguran\u00e7a adotadas pela sede consular, \u00e9 proibida a entrada no edif\u00edcio de:<\/p>\n<ul style=\"text-align: justify;\">\n<li style=\"text-align: justify;\">aparelhos eletr\u00f4nicos (computadores, celulares, tablets e similares),<\/li>\n<li style=\"text-align: justify;\">armas,<\/li>\n<li style=\"text-align: justify;\">bolsas, mochilas, malas, guarda-chuvas, capacetes e qualquer acess\u00f3rio que esconda o rosto.<\/li>\n<\/ul>\n<p style=\"text-align: justify;\">Por tais raz\u00f5es pedimos aos visitantes que se apresentem na entrada do edif\u00edcio portando consigo o m\u00ednimo indispens\u00e1vel, de forma a evitar perda de tempo.<\/p>\n<p style=\"text-align: justify;\">Os visitantes dever\u00e3o trazer um documento de identidade, com emiss\u00e3o n\u00e3o superior a 10 anos, sem ser digital, para que sejam identificados.<\/p>\n<p style=\"text-align: justify;\">Em respeito a esta Institui\u00e7\u00e3o, os usu\u00e1rios, acompanhantes e visitantes s\u00e3o convidados a portar trajes adequados ao ambiente consular. N\u00e3o \u00e9 permitido entrar com blusas e bermudas curtas, minissaias, chinelos, vestidos excessivamente decotados, regatas.<\/p>\n","protected":false},"excerpt":{"rendered":"Controles de seguran\u00e7a na entrada e informa\u00e7\u00f5es para o acesso: Informamos os usu\u00e1rios que, devido as normas de seguran\u00e7a adotadas pela sede consular, \u00e9 proibida a entrada no edif\u00edcio de: aparelhos eletr\u00f4nicos (computadores, celulares, tablets e similares), armas, bolsas, mochilas, malas, guarda-chuvas, capacetes e qualquer acess\u00f3rio que esconda o rosto. Por tais raz\u00f5es pedimos aos [&hellip;]","protected":false},"author":3,"featured_media":0,"parent":32,"menu_order":0,"comment_status":"closed","ping_status":"closed","template":"","meta":{"footnotes":""},"class_list":["post-103","page","type-page","status-publish","hentry"],"_links":{"self":[{"href":"https:\/\/consbelohorizonte.esteri.it\/pt\/wp-json\/wp\/v2\/pages\/103","targetHints":{"allow":["GET"]}}],"collection":[{"href":"https:\/\/consbelohorizonte.esteri.it\/pt\/wp-json\/wp\/v2\/pages"}],"about":[{"href":"https:\/\/consbelohorizonte.esteri.it\/pt\/wp-json\/wp\/v2\/types\/page"}],"author":[{"embeddable":true,"href":"https:\/\/consbelohorizonte.esteri.it\/pt\/wp-json\/wp\/v2\/users\/3"}],"replies":[{"embeddable":true,"href":"https:\/\/consbelohorizonte.esteri.it\/pt\/wp-json\/wp\/v2\/comments?post=103"}],"version-history":[{"count":2,"href":"https:\/\/consbelohorizonte.esteri.it\/pt\/wp-json\/wp\/v2\/pages\/103\/revisions"}],"predecessor-version":[{"id":5227,"href":"https:\/\/consbelohorizonte.esteri.it\/pt\/wp-json\/wp\/v2\/pages\/103\/revisions\/5227"}],"up":[{"embeddable":true,"href":"https:\/\/consbelohorizonte.esteri.it\/pt\/wp-json\/wp\/v2\/pages\/32"}],"wp:attachment":[{"href":"https:\/\/consbelohorizonte.esteri.it\/pt\/wp-json\/wp\/v2\/media?parent=103"}],"curies":[{"name":"wp","href":"https:\/\/api.w.org\/{rel}","templated":true}]}}