{"id":102,"date":"2022-12-09T19:11:52","date_gmt":"2022-12-09T22:11:52","guid":{"rendered":"https:\/\/consbelohorizonte.esteri.it\/servizi-consolari-e-visti\/servizi-per-il-cittadino-italiano\/"},"modified":"2023-07-28T14:04:32","modified_gmt":"2023-07-28T17:04:32","slug":"servizi-per-il-cittadino-italiano","status":"publish","type":"page","link":"https:\/\/consbelohorizonte.esteri.it\/pt\/servizi-consolari-e-visti\/servizi-per-il-cittadino-italiano\/","title":{"rendered":"Servi\u00e7os para o cidad\u00e3o italiano"},"content":{"rendered":"<p style=\"text-align: justify;\"><strong>Os servi\u00e7os consulares s\u00e3o oferecidos de acordo com os principios de igualdade, imparcialidade, efici\u00eancia e transpar\u00eancia.<\/strong><\/p>\n<p style=\"text-align: justify;\"><em><strong>Este Consulado desconselha publicamente a utiliza\u00e7\u00e3o de intermedi\u00e1rios para a solicita\u00e7\u00e3o de servi\u00e7os consulares, prezando por uma comunica\u00e7\u00e3o direta e trasparente com aqueles que necessitam do nosso aux\u00edlio.<\/strong><\/em><\/p>\n<p style=\"text-align: justify;\">Os Consulados garantem a prote\u00e7\u00e3o a todos os compatriotas em caso de viola\u00e7\u00e3o dos direitos fundamentais e de limita\u00e7\u00e3o ou priva\u00e7\u00e3o da liberdade pessoal. Al\u00e9m disso garantem assist\u00eancia para os casos de emerg\u00eancia, para a busca de familiares, para a documenta\u00e7\u00e3o de sucess\u00e3o abertas no exterior e para a repatria\u00e7\u00e3o de corpos.<\/p>\n<p style=\"text-align: justify;\">O conjunto dos servi\u00e7os oferecidos \u00e9 descrito no website do\u00a0<a href=\"http:\/\/www.esteri.it\/mae\/it\/italiani_nel_mondo\/serviziconsolari\/\">Ministero Affari Esteri e della Cooperazione Internazionale<\/a>.<\/p>\n<p style=\"text-align: justify;\"><strong>Controles de seguran\u00e7a na entrada<\/strong><\/p>\n<p style=\"text-align: justify;\">Informamos os usu\u00e1rios que, devido as normas de seguran\u00e7a adotadas pela sede consular, \u00e9 proibida a entrada no edif\u00edcio de: armas, aparelhos eletr\u00f4nicos (computadores, celulares, tablets e similares), guarda-chuvas, capacetes ou qualquer acess\u00f3rio que esconda o rosto.<\/p>\n<p style=\"text-align: justify;\">Os visitantes dever\u00e3o trazer um documento de identidade, com emiss\u00e3o n\u00e3o superior a 10 anos, para que sejam identificados. Bolsas, mochilas e outros volumes s\u00e3o vetados. Por tais raz\u00f5es pedimos aos visitantes que se apresentem na entrada do edif\u00edcio portando consigo o m\u00ednimo indispens\u00e1vel, de forma a evitar perda de tempo.<\/p>\n<p>ATEN\u00c7\u00c3O: Em respeito a esta Institui\u00e7\u00e3o os usu\u00e1rios, acompanhantes e visitantes s\u00e3o convidados a portar trajes adequados ao ambiente consular. N\u00e3o \u00e9 permitido entrar com roupa inadequada ao ambiente consular (blusas e bermudas curtas, minissaias, chinelos e chinelos de dedo, vestidos excessivamente decotados, regatas).<\/p>\n","protected":false},"excerpt":{"rendered":"Os servi\u00e7os consulares s\u00e3o oferecidos de acordo com os principios de igualdade, imparcialidade, efici\u00eancia e transpar\u00eancia. Este Consulado desconselha publicamente a utiliza\u00e7\u00e3o de intermedi\u00e1rios para a solicita\u00e7\u00e3o de servi\u00e7os consulares, prezando por uma comunica\u00e7\u00e3o direta e trasparente com aqueles que necessitam do nosso aux\u00edlio. Os Consulados garantem a prote\u00e7\u00e3o a todos os compatriotas em caso [&hellip;]","protected":false},"author":3,"featured_media":0,"parent":32,"menu_order":0,"comment_status":"closed","ping_status":"closed","template":"","meta":{"footnotes":""},"class_list":["post-102","page","type-page","status-publish","hentry"],"_links":{"self":[{"href":"https:\/\/consbelohorizonte.esteri.it\/pt\/wp-json\/wp\/v2\/pages\/102","targetHints":{"allow":["GET"]}}],"collection":[{"href":"https:\/\/consbelohorizonte.esteri.it\/pt\/wp-json\/wp\/v2\/pages"}],"about":[{"href":"https:\/\/consbelohorizonte.esteri.it\/pt\/wp-json\/wp\/v2\/types\/page"}],"author":[{"embeddable":true,"href":"https:\/\/consbelohorizonte.esteri.it\/pt\/wp-json\/wp\/v2\/users\/3"}],"replies":[{"embeddable":true,"href":"https:\/\/consbelohorizonte.esteri.it\/pt\/wp-json\/wp\/v2\/comments?post=102"}],"version-history":[{"count":0,"href":"https:\/\/consbelohorizonte.esteri.it\/pt\/wp-json\/wp\/v2\/pages\/102\/revisions"}],"up":[{"embeddable":true,"href":"https:\/\/consbelohorizonte.esteri.it\/pt\/wp-json\/wp\/v2\/pages\/32"}],"wp:attachment":[{"href":"https:\/\/consbelohorizonte.esteri.it\/pt\/wp-json\/wp\/v2\/media?parent=102"}],"curies":[{"name":"wp","href":"https:\/\/api.w.org\/{rel}","templated":true}]}}