{"id":101,"date":"2022-12-09T19:08:40","date_gmt":"2022-12-09T18:08:40","guid":{"rendered":"https:\/\/consbelohorizonte.esteri.it\/italia-e-brasile\/cooperazione-allo-sviluppo\/"},"modified":"2022-12-09T19:22:06","modified_gmt":"2022-12-09T18:22:06","slug":"cooperazione-allo-sviluppo","status":"publish","type":"page","link":"https:\/\/consbelohorizonte.esteri.it\/pt\/italia-e-brasile\/cooperazione-allo-sviluppo\/","title":{"rendered":"Coopera\u00e7\u00e3o para o desenvolvimento"},"content":{"rendered":"<p><strong>Financiamentos e Investimentos<br \/>\n<\/strong><\/p>\n<p>SIMEST S.p.A.<\/p>\n<p>Financi\u00e1ria de desenvolvimento e promo\u00e7\u00e3o das empresas italianas no exterior<\/p>\n<p>\u2022 Sociedade controlada pelo Governo italiano que detem 76% do pacote acion\u00e1rio. S\u00e3o partecipantes desta sociedae bancos, empresas e associa\u00e7\u00f5es emprenditoriais e de categoria;<\/p>\n<p>\u2022 promove e apoia as atividades no exterior de todas as empresas italianas, com particular aten\u00e7\u00e3o \u00e0s pequenas e m\u00e9dias empresas, inclusive aquelas comerciais, artesanais e turisticas, al\u00e9m de cooperativas, cons\u00f3rcios e outros organismos econ\u00f4micos, atrav\u00e9s de dois principais canais de atividades: o apoio aos interc\u00e2mbios comerciais e aos investimentos no exterior;<\/p>\n<p>\u2022 fornece servi\u00e7os de assist\u00eancia e legal para todas as fases da realiza\u00e7\u00e3o do investimento no exterior;<\/p>\n<p>\u2022 fornece suporte financeiro aos investimentos de empresas italianas no exterior atrav\u00e9s da gest\u00e3o de incentivos e agiliza\u00e7\u00f5es diretas;<\/p>\n<p>\u2022 a partecipa\u00e7\u00e3o da SIMEST no capital das empresas estrangeiras consente a compartilhamento de riscos potenciaisda nova iniciativa com um partner institucional que investe capital pr\u00f3rpio e coloca a disposi\u00e7\u00e3o a pr\u00f3pria experi\u00eancia adquirida em in\u00fameros projetos em v\u00e1rias partes do mundo.<\/p>\n<p><a href=\"http:\/\/www.simest.it\/\"><strong>Visite o site<\/strong><\/a><\/p>\n","protected":false},"excerpt":{"rendered":"Financiamentos e Investimentos SIMEST S.p.A. Financi\u00e1ria de desenvolvimento e promo\u00e7\u00e3o das empresas italianas no exterior \u2022 Sociedade controlada pelo Governo italiano que detem 76% do pacote acion\u00e1rio. S\u00e3o partecipantes desta sociedae bancos, empresas e associa\u00e7\u00f5es emprenditoriais e de categoria; \u2022 promove e apoia as atividades no exterior de todas as empresas italianas, com particular aten\u00e7\u00e3o [&hellip;]","protected":false},"author":3,"featured_media":0,"parent":33,"menu_order":0,"comment_status":"closed","ping_status":"closed","template":"","meta":{"footnotes":""},"class_list":["post-101","page","type-page","status-publish","hentry"],"_links":{"self":[{"href":"https:\/\/consbelohorizonte.esteri.it\/pt\/wp-json\/wp\/v2\/pages\/101","targetHints":{"allow":["GET"]}}],"collection":[{"href":"https:\/\/consbelohorizonte.esteri.it\/pt\/wp-json\/wp\/v2\/pages"}],"about":[{"href":"https:\/\/consbelohorizonte.esteri.it\/pt\/wp-json\/wp\/v2\/types\/page"}],"author":[{"embeddable":true,"href":"https:\/\/consbelohorizonte.esteri.it\/pt\/wp-json\/wp\/v2\/users\/3"}],"replies":[{"embeddable":true,"href":"https:\/\/consbelohorizonte.esteri.it\/pt\/wp-json\/wp\/v2\/comments?post=101"}],"version-history":[{"count":0,"href":"https:\/\/consbelohorizonte.esteri.it\/pt\/wp-json\/wp\/v2\/pages\/101\/revisions"}],"up":[{"embeddable":true,"href":"https:\/\/consbelohorizonte.esteri.it\/pt\/wp-json\/wp\/v2\/pages\/33"}],"wp:attachment":[{"href":"https:\/\/consbelohorizonte.esteri.it\/pt\/wp-json\/wp\/v2\/media?parent=101"}],"curies":[{"name":"wp","href":"https:\/\/api.w.org\/{rel}","templated":true}]}}