{"id":100,"date":"2022-12-09T19:08:08","date_gmt":"2022-12-09T22:08:08","guid":{"rendered":"https:\/\/consbelohorizonte.esteri.it\/italia-e-brasile\/diplomazia-scientifica\/"},"modified":"2022-12-09T19:21:36","modified_gmt":"2022-12-09T18:21:36","slug":"diplomazia-scientifica","status":"publish","type":"page","link":"https:\/\/consbelohorizonte.esteri.it\/pt\/italia-e-brasile\/diplomazia-scientifica\/","title":{"rendered":"Diplomacia cient\u00edfica"},"content":{"rendered":"<p>Conte\u00fado dispon\u00edvel apenas em italiano<\/p>\n","protected":false},"excerpt":{"rendered":"Conte\u00fado dispon\u00edvel apenas em italiano","protected":false},"author":3,"featured_media":0,"parent":33,"menu_order":0,"comment_status":"closed","ping_status":"closed","template":"","meta":{"footnotes":""},"class_list":["post-100","page","type-page","status-publish","hentry"],"_links":{"self":[{"href":"https:\/\/consbelohorizonte.esteri.it\/pt\/wp-json\/wp\/v2\/pages\/100","targetHints":{"allow":["GET"]}}],"collection":[{"href":"https:\/\/consbelohorizonte.esteri.it\/pt\/wp-json\/wp\/v2\/pages"}],"about":[{"href":"https:\/\/consbelohorizonte.esteri.it\/pt\/wp-json\/wp\/v2\/types\/page"}],"author":[{"embeddable":true,"href":"https:\/\/consbelohorizonte.esteri.it\/pt\/wp-json\/wp\/v2\/users\/3"}],"replies":[{"embeddable":true,"href":"https:\/\/consbelohorizonte.esteri.it\/pt\/wp-json\/wp\/v2\/comments?post=100"}],"version-history":[{"count":0,"href":"https:\/\/consbelohorizonte.esteri.it\/pt\/wp-json\/wp\/v2\/pages\/100\/revisions"}],"up":[{"embeddable":true,"href":"https:\/\/consbelohorizonte.esteri.it\/pt\/wp-json\/wp\/v2\/pages\/33"}],"wp:attachment":[{"href":"https:\/\/consbelohorizonte.esteri.it\/pt\/wp-json\/wp\/v2\/media?parent=100"}],"curies":[{"name":"wp","href":"https:\/\/api.w.org\/{rel}","templated":true}]}}