{"id":72,"date":"2022-12-09T19:11:52","date_gmt":"2022-12-09T18:11:52","guid":{"rendered":"https:\/\/consbelohorizonte.esteri.it\/?page_id=72"},"modified":"2023-07-28T14:01:15","modified_gmt":"2023-07-28T17:01:15","slug":"servizi-per-il-cittadino-italiano","status":"publish","type":"page","link":"https:\/\/consbelohorizonte.esteri.it\/it\/servizi-consolari-e-visti\/servizi-per-il-cittadino-italiano\/","title":{"rendered":"Servizi per il cittadino italiano"},"content":{"rendered":"<p style=\"text-align: justify;\"><strong>I servizi consolari sono erogati secondo principi di eguaglianza, imparzialit\u00e0, efficienza e trasparenza.<\/strong><\/p>\n<p style=\"text-align: justify;\"><em><strong>Questo Consolato sconsiglia pubblicamente l&#8217;utilizzo di intermediari per il disbrigo delle pratiche consolari, privilegiando una comunicazione diretta e trasparente con coloro che necessitano di assistenza.<\/strong><\/em><\/p>\n<p style=\"text-align: justify;\">I Consolati assicurano a tutti i connazionali tutela in caso di violazione dei loro diritti fondamentali e di limitazione o privazione della loro libert\u00e0 personale. Inoltre assicurano assistenza per i casi di emergenza, per la ricerca di familiari, per le pratiche di successione aperte all&#8217;estero e per il rimpatrio delle salme.<\/p>\n<p style=\"text-align: justify;\">L&#8217;insieme dei servizi erogati \u00e8 descritto sul\u00a0sito del\u00a0<a href=\"http:\/\/www.esteri.it\/mae\/it\/italiani_nel_mondo\/serviziconsolari\/\">Ministero Affari Esteri\u00a0e della Cooperazione Internazionale<\/a>.<\/p>\n<p style=\"text-align: justify;\"><strong>Controlli di sicurezza per l&#8217;ingresso al Consolato<\/strong><\/p>\n<p style=\"text-align: justify;\">Si avvisano gli utenti che, a causa delle norme di sicurezza adottate, all\u2019interno del Consolato \u00e8 vietato l\u2019ingresso di: armi, apparecchiature elettroniche (computer, tablet, cellulari e simili), ombrelli, caschi da moto o qualsiasi altro accessorio atto a occultare le forme del viso. Borse, zaini ed altri volumi sono vietati: per tali ragioni si invitano gli utenti a presentarsi in Consolato portando con s\u00e9 il minimo indispensabile, al fine di evitare perdite di tempo.<\/p>\n<p style=\"text-align: justify;\">Si raccomanda inoltre di portare sempre con s\u00e9 un documento di identit\u00e0 valido, emesso da non pi\u00f9 di 10 anni, che sar\u00e0 usato per l&#8217;identificazione.<\/p>\n<p>ATTENZIONE: In visita agli Uffici di questo Consolato, gli utenti, accompagnanti e visitatori sono invitati a vestire con adeguato decoro ed usare consono abbigliamento, nel rispetto dell\u2019Istituzione sede periferica dello Stato. \u00c8 vietato l\u2019ingresso con abbigliamento succinto e comunque non consono agli spazi di questo Consolato. (camicetta e pantaloncini corti, minigonna, ciabatta e infradito, vestiti eccessivamente scollati, canottiere).<\/p>\n","protected":false},"excerpt":{"rendered":"I servizi consolari sono erogati secondo principi di eguaglianza, imparzialit\u00e0, efficienza e trasparenza. Questo Consolato sconsiglia pubblicamente l&#8217;utilizzo di intermediari per il disbrigo delle pratiche consolari, privilegiando una comunicazione diretta e trasparente con coloro che necessitano di assistenza. I Consolati assicurano a tutti i connazionali tutela in caso di violazione dei loro diritti fondamentali e [&hellip;]","protected":false},"author":3,"featured_media":0,"parent":16,"menu_order":0,"comment_status":"closed","ping_status":"closed","template":"","meta":{"footnotes":""},"class_list":["post-72","page","type-page","status-publish","hentry"],"_links":{"self":[{"href":"https:\/\/consbelohorizonte.esteri.it\/it\/wp-json\/wp\/v2\/pages\/72","targetHints":{"allow":["GET"]}}],"collection":[{"href":"https:\/\/consbelohorizonte.esteri.it\/it\/wp-json\/wp\/v2\/pages"}],"about":[{"href":"https:\/\/consbelohorizonte.esteri.it\/it\/wp-json\/wp\/v2\/types\/page"}],"author":[{"embeddable":true,"href":"https:\/\/consbelohorizonte.esteri.it\/it\/wp-json\/wp\/v2\/users\/3"}],"replies":[{"embeddable":true,"href":"https:\/\/consbelohorizonte.esteri.it\/it\/wp-json\/wp\/v2\/comments?post=72"}],"version-history":[{"count":0,"href":"https:\/\/consbelohorizonte.esteri.it\/it\/wp-json\/wp\/v2\/pages\/72\/revisions"}],"up":[{"embeddable":true,"href":"https:\/\/consbelohorizonte.esteri.it\/it\/wp-json\/wp\/v2\/pages\/16"}],"wp:attachment":[{"href":"https:\/\/consbelohorizonte.esteri.it\/it\/wp-json\/wp\/v2\/media?parent=72"}],"curies":[{"name":"wp","href":"https:\/\/api.w.org\/{rel}","templated":true}]}}