{"id":70,"date":"2022-12-09T19:08:08","date_gmt":"2022-12-09T18:08:08","guid":{"rendered":"https:\/\/consbelohorizonte.esteri.it\/?page_id=70"},"modified":"2023-12-04T17:34:18","modified_gmt":"2023-12-04T20:34:18","slug":"diplomazia-scientifica","status":"publish","type":"page","link":"https:\/\/consbelohorizonte.esteri.it\/it\/italia-e-brasile\/diplomazia-scientifica\/","title":{"rendered":"Diplomazia scientifica"},"content":{"rendered":"<p style=\"text-align: justify;\">La cooperazione scientifica e tecnologica fra Italia e Brasile \u00e8 di grande rilevanza per i due Paesi, considerando gli stretti legami che li uniscono e gli importanti interessi economici basati sull\u2019innovazione tecnologica. La cooperazione scientifica e tecnologica si basa su due componenti, quella industriale e quella accademica.<\/p>\n<h3 style=\"text-align: justify;\"><strong>Settori di rilievo della Cooperazione Brasile-Italia<\/strong><\/h3>\n<p style=\"text-align: justify;\">In base all\u2019<a href=\"https:\/\/ambbrasilia.esteri.it\/ambasciata_brasilia\/resource\/doc\/2022\/02\/bilbra062.pdf\"><strong>Accordo di Cooperazione Scientifica e Tecnologica\u00a0fra Brasile e Italia<\/strong><\/a>, firmato a Roma il giorno 12 dicembre 1997, i due Paesi\u00a0hanno messo a punto un Programma Esecutivo grazie al quale saranno implementate azioni di sostegno alla ricerca scientifica e tecnologica, mediante il finanziamento della mobilit\u00e0 dei ricercatori in progetti di ricerca congiunti, nelle aree d\u2019interesse prioritario che le due Parti hanno gi\u00e0 individuato:<\/p>\n<ol>\n<li style=\"text-align: justify;\">a) Scienze di Base: Matematica, Fisica, Chimica e Biologia;<\/li>\n<li style=\"text-align: justify;\">b) Tecnologia degli Alimenti;<\/li>\n<li style=\"text-align: justify;\">c) Tecnologia Industriale: standardizzazione e normalizzazione;<\/li>\n<li style=\"text-align: justify;\">d) Tecnologie per l\u2019Inclusione Sociale;<\/li>\n<li style=\"text-align: justify;\">e) Materiali Avanzati;<\/li>\n<li style=\"text-align: justify;\">f) Astrofisica;<\/li>\n<li style=\"text-align: justify;\">g) Ingegneria;<\/li>\n<li style=\"text-align: justify;\">h) Ambiente;<\/li>\n<li style=\"text-align: justify;\">I) Energie rinnovabili;<\/li>\n<li style=\"text-align: justify;\">L) Reti di telecomunicazioni.<\/li>\n<\/ol>\n<p>============<\/p>\n<h3><strong>Informa\u00e7\u00e3o em portugu\u00eas<\/strong><\/h3>\n<p>A coopera\u00e7\u00e3o cient\u00edfica e tecnol\u00f3gica \u00e9 de grande import\u00e2ncia para os dois pa\u00edses, considerando os la\u00e7os que unem Italia e Brasil e os importantes interesses econ\u00f4micos baseados na inova\u00e7\u00e3o tecnol\u00f3gica. A coopera\u00e7\u00e3o cient\u00edfica e tecnol\u00f3gica \u00e9 baseada em dois componentes, industrial e acad\u00eamico.<\/p>\n<h3>Setores relevantes da Coopera\u00e7\u00e3o Brasil-It\u00e1lia<\/h3>\n<p>Com base no\u00a0<a href=\"https:\/\/ambbrasilia.esteri.it\/wp-content\/uploads\/2023\/04\/bilbra062.pdf\">Acordo de Coopera\u00e7\u00e3o Cient\u00edfica e Tecnol\u00f3gica entre Brasil e It\u00e1lia, firmado com Roma em 12 de dezembro de 1997<\/a>,\u00a0gra\u00e7as ao qual ser\u00e3o implementadas a\u00e7\u00f5es de apoio para todos os recursos cient\u00edficos e tecnol\u00f3gicos, mediante financiamento do mobilidade de investigadores em projectos de investiga\u00e7\u00e3o conjuntos, nas \u00e1reas de interesse priorit\u00e1rio j\u00e1 identificadas pelas duas Partes:<\/p>\n<ol>\n<li>a) Ci\u00eancias B\u00e1sicas: Matem\u00e1tica, F\u00edsica, Qu\u00edmica e Biologia;<\/li>\n<li>b) Tecnologia de Alimentos;<\/li>\n<li>c) Tecnologia industrial: padroniza\u00e7\u00e3o e normaliza\u00e7\u00e3o;<\/li>\n<li>d) Tecnologias de Inclus\u00e3o Social;<\/li>\n<li>e) Materiais Avan\u00e7ados;<\/li>\n<li>f) Astrof\u00edsica;<\/li>\n<li>g) Engenharia;<\/li>\n<li>h) Meio Ambiente;<\/li>\n<li>i) Energias renov\u00e1veis;<\/li>\n<li>l) Redes de telecomunica\u00e7\u00f5es.<\/li>\n<\/ol>\n","protected":false},"excerpt":{"rendered":"La cooperazione scientifica e tecnologica fra Italia e Brasile \u00e8 di grande rilevanza per i due Paesi, considerando gli stretti legami che li uniscono e gli importanti interessi economici basati sull\u2019innovazione tecnologica. La cooperazione scientifica e tecnologica si basa su due componenti, quella industriale e quella accademica. Settori di rilievo della Cooperazione Brasile-Italia In base [&hellip;]","protected":false},"author":3,"featured_media":0,"parent":13,"menu_order":0,"comment_status":"closed","ping_status":"closed","template":"","meta":{"footnotes":""},"class_list":["post-70","page","type-page","status-publish","hentry"],"_links":{"self":[{"href":"https:\/\/consbelohorizonte.esteri.it\/it\/wp-json\/wp\/v2\/pages\/70","targetHints":{"allow":["GET"]}}],"collection":[{"href":"https:\/\/consbelohorizonte.esteri.it\/it\/wp-json\/wp\/v2\/pages"}],"about":[{"href":"https:\/\/consbelohorizonte.esteri.it\/it\/wp-json\/wp\/v2\/types\/page"}],"author":[{"embeddable":true,"href":"https:\/\/consbelohorizonte.esteri.it\/it\/wp-json\/wp\/v2\/users\/3"}],"replies":[{"embeddable":true,"href":"https:\/\/consbelohorizonte.esteri.it\/it\/wp-json\/wp\/v2\/comments?post=70"}],"version-history":[{"count":3,"href":"https:\/\/consbelohorizonte.esteri.it\/it\/wp-json\/wp\/v2\/pages\/70\/revisions"}],"predecessor-version":[{"id":2370,"href":"https:\/\/consbelohorizonte.esteri.it\/it\/wp-json\/wp\/v2\/pages\/70\/revisions\/2370"}],"up":[{"embeddable":true,"href":"https:\/\/consbelohorizonte.esteri.it\/it\/wp-json\/wp\/v2\/pages\/13"}],"wp:attachment":[{"href":"https:\/\/consbelohorizonte.esteri.it\/it\/wp-json\/wp\/v2\/media?parent=70"}],"curies":[{"name":"wp","href":"https:\/\/api.w.org\/{rel}","templated":true}]}}