{"id":65,"date":"2022-12-09T19:05:34","date_gmt":"2022-12-09T18:05:34","guid":{"rendered":"https:\/\/consbelohorizonte.esteri.it\/?page_id=65"},"modified":"2024-05-23T09:49:13","modified_gmt":"2024-05-23T12:49:13","slug":"numeri-di-emergenza","status":"publish","type":"page","link":"https:\/\/consbelohorizonte.esteri.it\/it\/chi-siamo\/numeri-di-emergenza\/","title":{"rendered":"Numeri di emergenza"},"content":{"rendered":"<p>Per informazioni generali ed operative sulla sicurezza in Brasile, consulta il sito dell\u2019Unit\u00e0 di crisi della Farnesina \u201c<a href=\"http:\/\/www.viaggiaresicuri.it\/\">Viaggiare Sicuri<\/a>\u201d.<\/p>\n<p>Se programmi un viaggio o risiedi in Brasile, non dimenticare di registrarti al sito\u00a0<a href=\"https:\/\/www.dovesiamonelmondo.it\/home.html\">\u201cDove siamo nel Mondo<\/a>&#8221; per essere rintracciato in caso di emergenza.<\/p>\n<p><strong>ESCLUSIVAMENTE PER I CITTADINI ITALIANI<\/strong><\/p>\n<p>Solo per gravi emergenze (catastrofe naturale, attentato, incidenti) nelle ore di chiusura dell&#8217;Ufficio:<strong>\u00a00055 31 97110-3746<\/strong>\u00a0(da luned\u00ec a gioved\u00ec dalle ore 15:40 alle ore 21:00; venerd\u00ec dalle ore 14:30 alle ore 21:00, sabato e festivi dalle ore 9:00 alle ore 21:00).<\/p>\n<p><strong>Questo numero non fornisce informazioni su cittadinanza, passaporti, visti o altri servizi consolari.<\/strong><\/p>\n<p>Per tali informazioni consultare le pertinenti pagine di questo sito.<\/p>\n","protected":false},"excerpt":{"rendered":"Per informazioni generali ed operative sulla sicurezza in Brasile, consulta il sito dell\u2019Unit\u00e0 di crisi della Farnesina \u201cViaggiare Sicuri\u201d. Se programmi un viaggio o risiedi in Brasile, non dimenticare di registrarti al sito\u00a0\u201cDove siamo nel Mondo&#8221; per essere rintracciato in caso di emergenza. ESCLUSIVAMENTE PER I CITTADINI ITALIANI Solo per gravi emergenze (catastrofe naturale, attentato, [&hellip;]","protected":false},"author":3,"featured_media":0,"parent":11,"menu_order":6,"comment_status":"closed","ping_status":"closed","template":"","meta":{"footnotes":""},"class_list":["post-65","page","type-page","status-publish","hentry"],"_links":{"self":[{"href":"https:\/\/consbelohorizonte.esteri.it\/it\/wp-json\/wp\/v2\/pages\/65","targetHints":{"allow":["GET"]}}],"collection":[{"href":"https:\/\/consbelohorizonte.esteri.it\/it\/wp-json\/wp\/v2\/pages"}],"about":[{"href":"https:\/\/consbelohorizonte.esteri.it\/it\/wp-json\/wp\/v2\/types\/page"}],"author":[{"embeddable":true,"href":"https:\/\/consbelohorizonte.esteri.it\/it\/wp-json\/wp\/v2\/users\/3"}],"replies":[{"embeddable":true,"href":"https:\/\/consbelohorizonte.esteri.it\/it\/wp-json\/wp\/v2\/comments?post=65"}],"version-history":[{"count":1,"href":"https:\/\/consbelohorizonte.esteri.it\/it\/wp-json\/wp\/v2\/pages\/65\/revisions"}],"predecessor-version":[{"id":3141,"href":"https:\/\/consbelohorizonte.esteri.it\/it\/wp-json\/wp\/v2\/pages\/65\/revisions\/3141"}],"up":[{"embeddable":true,"href":"https:\/\/consbelohorizonte.esteri.it\/it\/wp-json\/wp\/v2\/pages\/11"}],"wp:attachment":[{"href":"https:\/\/consbelohorizonte.esteri.it\/it\/wp-json\/wp\/v2\/media?parent=65"}],"curies":[{"name":"wp","href":"https:\/\/api.w.org\/{rel}","templated":true}]}}