{"id":63,"date":"2022-12-09T19:04:39","date_gmt":"2022-12-09T18:04:39","guid":{"rendered":"https:\/\/consbelohorizonte.esteri.it\/?page_id=63"},"modified":"2024-05-23T09:48:54","modified_gmt":"2024-05-23T12:48:54","slug":"la-sede","status":"publish","type":"page","link":"https:\/\/consbelohorizonte.esteri.it\/it\/chi-siamo\/la-sede\/","title":{"rendered":"La Sede"},"content":{"rendered":"<p><strong><img loading=\"lazy\" decoding=\"async\" class=\"alignnone size-medium wp-image-30 img-fluid\" src=\"https:\/\/consbelohorizonte.esteri.it\/wp-content\/uploads\/2022\/12\/photo-2018-09-20-08-54-26-300x225.jpeg\" alt=\"\" width=\"300\" height=\"225\" srcset=\"https:\/\/consbelohorizonte.esteri.it\/wp-content\/uploads\/2022\/12\/photo-2018-09-20-08-54-26-300x225.jpeg 300w, https:\/\/consbelohorizonte.esteri.it\/wp-content\/uploads\/2022\/12\/photo-2018-09-20-08-54-26-1024x768.jpeg 1024w, https:\/\/consbelohorizonte.esteri.it\/wp-content\/uploads\/2022\/12\/photo-2018-09-20-08-54-26-768x576.jpeg 768w, https:\/\/consbelohorizonte.esteri.it\/wp-content\/uploads\/2022\/12\/photo-2018-09-20-08-54-26.jpeg 1140w\" sizes=\"auto, (max-width: 300px) 100vw, 300px\" \/><\/strong><\/p>\n<p><strong>Indirizzo completo:<\/strong>\u00a0Rua Alagoas, 721 &#8211; CEP 30130-165 &#8211; Savassi &#8211; Belo Horizonte (MG)<\/p>\n<p>Quartiere Funcion\u00e1rios, conosciuto anche come &#8220;Savassi&#8221;, vicino al centro della citt\u00e0, a 200 metri dalla Pra\u00e7a da Liberdade,<br \/>\nLocalizzazione:\u00a0<a href=\"https:\/\/www.google.it\/maps\/place\/R.+Alagoas,+721+-+Funcion%C3%A1rios,+Belo+Horizonte+-+MG,+30130-160,+Brasil\/@-19.9335101,-43.9377568,17z\/data=!3m1!4b1!4m5!3m4!1s0xa699dce9598c6d:0xa490d9f5d07a2dc7!8m2!3d-19.9335152!4d-43.9355681\"><strong>vedi cartina<\/strong><\/a><\/p>\n<p>Gli<strong>\u00a0autobus<\/strong>\u00a0che si fermano davanti al Consolato sono le linee\u00a0<strong>4111<\/strong>\u00a0e\u00a0<strong>6030<\/strong>.<\/p>\n<p>La\u00a0<strong>fermata\u00a0<\/strong>\u00e9 stata denominata &#8220;<strong>Consulado da Italia<\/strong>&#8221; in nostro onore.<\/p>\n<p>Pochi metri dopo l&#8217;entrata del Consolato vi \u00e8 una fermata di<strong>\u00a0taxi<\/strong>.<\/p>\n","protected":false},"excerpt":{"rendered":"Indirizzo completo:\u00a0Rua Alagoas, 721 &#8211; CEP 30130-165 &#8211; Savassi &#8211; Belo Horizonte (MG) Quartiere Funcion\u00e1rios, conosciuto anche come &#8220;Savassi&#8221;, vicino al centro della citt\u00e0, a 200 metri dalla Pra\u00e7a da Liberdade, Localizzazione:\u00a0vedi cartina Gli\u00a0autobus\u00a0che si fermano davanti al Consolato sono le linee\u00a04111\u00a0e\u00a06030. La\u00a0fermata\u00a0\u00e9 stata denominata &#8220;Consulado da Italia&#8221; in nostro onore. Pochi metri dopo l&#8217;entrata [&hellip;]","protected":false},"author":3,"featured_media":0,"parent":11,"menu_order":2,"comment_status":"closed","ping_status":"closed","template":"","meta":{"footnotes":""},"class_list":["post-63","page","type-page","status-publish","hentry"],"_links":{"self":[{"href":"https:\/\/consbelohorizonte.esteri.it\/it\/wp-json\/wp\/v2\/pages\/63","targetHints":{"allow":["GET"]}}],"collection":[{"href":"https:\/\/consbelohorizonte.esteri.it\/it\/wp-json\/wp\/v2\/pages"}],"about":[{"href":"https:\/\/consbelohorizonte.esteri.it\/it\/wp-json\/wp\/v2\/types\/page"}],"author":[{"embeddable":true,"href":"https:\/\/consbelohorizonte.esteri.it\/it\/wp-json\/wp\/v2\/users\/3"}],"replies":[{"embeddable":true,"href":"https:\/\/consbelohorizonte.esteri.it\/it\/wp-json\/wp\/v2\/comments?post=63"}],"version-history":[{"count":1,"href":"https:\/\/consbelohorizonte.esteri.it\/it\/wp-json\/wp\/v2\/pages\/63\/revisions"}],"predecessor-version":[{"id":3140,"href":"https:\/\/consbelohorizonte.esteri.it\/it\/wp-json\/wp\/v2\/pages\/63\/revisions\/3140"}],"up":[{"embeddable":true,"href":"https:\/\/consbelohorizonte.esteri.it\/it\/wp-json\/wp\/v2\/pages\/11"}],"wp:attachment":[{"href":"https:\/\/consbelohorizonte.esteri.it\/it\/wp-json\/wp\/v2\/media?parent=63"}],"curies":[{"name":"wp","href":"https:\/\/api.w.org\/{rel}","templated":true}]}}