{"id":5204,"date":"2025-08-04T16:53:05","date_gmt":"2025-08-04T19:53:05","guid":{"rendered":"https:\/\/consbelohorizonte.esteri.it\/?page_id=5204"},"modified":"2026-03-03T11:30:15","modified_gmt":"2026-03-03T14:30:15","slug":"minorenni-riconoscimento-della-cittadinanza-italiana-per-nascita-art-1-%c2%a71-e-art-3-bis-da-lei-91-1992","status":"publish","type":"page","link":"https:\/\/consbelohorizonte.esteri.it\/it\/servizi-consolari-e-visti\/servizi-per-il-cittadino-straniero\/cittadinanza\/minorenni-riconoscimento-della-cittadinanza-italiana-per-nascita-art-1-%c2%a71-e-art-3-bis-da-lei-91-1992\/","title":{"rendered":"Minorenni \u2013 Riconoscimento della cittadinanza italiana per nascita \u2013 Art. 1, \u00a71 e art. 3-bis da Lei 91\/1992"},"content":{"rendered":"<ol>\n<li>Figli minorenni di cittadini jure sanguinis (discendenza) sui quali non si applicano le limitazioni previste dall&#8217;art. 3-bis della Legge 91\/1992 \u2013 figli o nipoti di cittadino esclusivamente italiano (art. 3-bis, \u00a71, lettera c);<\/li>\n<li>Figli di cittadino italiano che ha vissuto in Italia per almeno due anni ininterrotti dopo il riconoscimento della cittadinanza italiana e prima della nascita o adozione del figlio (art. 3-bis, \u00a71, lettera d);<\/li>\n<li>Figli di cittadino italiano che non possiedono alcuna altra cittadinanza (mediante presentazione della documentazione comprovante che il minore \u00e8 apolide).<\/li>\n<\/ol>\n<p style=\"text-align: justify;\">Saranno registrati come cittadini italiani per nascita, e non per beneficio di legge.<\/p>\n<p style=\"text-align: justify;\">Ad esempio, se il richiedente ha un ascendente di secondo grado (nonno\/nonna) esclusivamente italiano, dopo la verifica dell&#8217;assenza di interruzioni nella linea di trasmissione della cittadinanza, egli potr\u00e0 avere riconosciuta la cittadinanza sin dalla nascita. Ma, se il genitore ha rinunciato o perso la cittadinanza italiana prima della nascita del(o) figlio(a) o durante la sua minorit\u00e0, si considera che ci sia stata un&#8217;interruzione della linea di trasmissione della cittadinanza italiana e il minore non potr\u00e0 avere diritto al riconoscimento.<\/p>\n<p style=\"text-align: justify;\">D&#8217;altro canto, se il\/la nonno\/a \u00e8 esclusivamente italiano\/a, ma il\/la padre\/madre non \u00e8 stato\/a riconosciuto\/a cittadino\/a in precedenza, ma ha diritto al riconoscimento, tuttavia il\/a figlio\/a potr\u00e0 comunque ottenere il riconoscimento della cittadinanza.<\/p>\n<p style=\"text-align: justify;\"><strong>Spetta al richiedente dimostrare che gli ascendenti in questione non avessero altra cittadinanza oltre quella italiana al momento del loro eventuale decesso o della nascita del minore.<\/strong><\/p>\n<p>Documentazione obbligatoria:<\/p>\n<ol>\n<li>certificato di non naturalizzazione dell&#8217;ascendente di primo o secondo grado che consente la trasmissione della cittadinanza italiana (art. 3-bis, \u00a71, lettere c e d della L. 91\/1992) e relativa traduzione giurata, entrambe munite di apostille;<\/li>\n<li>certificato di nascita dell&#8217;ascendente di primo o secondo grado che consente la trasmissione della cittadinanza italiana (art. 3-bis, \u00a71, lettere c e d della L. 91\/1992), rilasciato dal Comune italiano competente, in cui emerga la registrazione della cittadinanza italiana per nascita, nel caso non sia stata riconosciuta presso questo Consolato Generale;<\/li>\n<li>quando la trasmissione sia avvenuta tramite un ascendente di secondo grado, [nonno o nonna esclusivamente italiani(a)], certificato di nascita del genitore del minorenne accompagnato dalla relativa traduzione giurata, entrambe munite di apostille, che dimostri la filiazione proveniente da cittadino esclusivamente italiano;<\/li>\n<li>copia del RNE (Registro Nazionale degli Stranieri) dell&#8217;ascendente di primo o secondo grado che consente la trasmissione della cittadinanza italiana (art. 3-bis, \u00a71, lettera c e d della L. 91\/1992);<\/li>\n<li>certificato di nascita in forma integrale del minore accompagnato dalla relativa traduzione giurata, entrambe munite di apostilla;<\/li>\n<li>richiesta di trascrizione del certificato di nascita, firmata da entrambi i genitori, accompagnata da una copia di un documento d&#8217;identit\u00e0 valido di entrambi i genitori \u2013 carta d&#8217;identit\u00e0 emessa meno di 10 anni fa, CIN (Carta d&#8217;Identit\u00e0 Nazionale), passaporto, CNH (Carta Nazionale di Abilitazione, con indicazione del luogo di nascita), carta d\u2019identit\u00e0 o passaporto italiani;<\/li>\n<li>eventuale dichiarazione di riconoscimento di paternit\u00e0\/maternit\u00e0 e relativa traduzione giurata, entrambe corredate da apostilla.<\/li>\n<\/ol>\n<p>ATTENZIONE: Non si accettano traduzioni firmate digitalmente, documenti elettronici\/digitali e <em>Apostille<\/em> digitali.<\/p>\n<p style=\"text-align: justify;\">Se i genitori non fossero legalmente sposati al momento della nascita del minore e non risulti nel certificato di nascita che i genitori sono stati dichiaranti, sar\u00e0 necessario presentare, oltre al modulo di trascrizione, un atto pubblico di riconoscimento di paternit\u00e0\/maternit\u00e0 firmato dal genitore che non ha dichiarato esplicitamente la filiazione nel certificato di nascita del figlio. Nel caso di figli che non hanno ancora compiuto 14 anni, \u00e8 necessario che nell&#8217;atto pubblico di paternit\u00e0\/maternit\u00e0 sia presente il consenso al riconoscimento da parte del genitore che ha dichiarato la nascita del figlio nel certificato di nascita, secondo il modello di dichiarazione di figlio minore di 14 anni. Se il figlio ha gi\u00e0 compiuto 14 anni, sar\u00e0 necessario che nell&#8217;atto pubblico di paternit\u00e0\/maternit\u00e0 sia presente il consenso del minore al proprio riconoscimento, secondo il modello di dichiarazione di figlio maggiore di 14 anni.<\/p>\n<p style=\"text-align: justify;\">In entrambi i casi, sar\u00e0 necessario presentare la relativa traduzione giurata dell&#8217;atto pubblico, entrambe apostillate.<\/p>\n<p style=\"text-align: justify;\">La procedura sopra descritta deve essere seguita anche nei casi di genitori che si sono sposati dopo la nascita del figlio.<\/p>\n<p style=\"text-align: justify;\">Per richiedere la trascrizione dei certificati di nascita di questi minori, \u00e8 necessario inviare tutta la documentazione sopra descritta per posta all&#8217;indirizzo del Consolato Generale d&#8217;Italia a Belo Horizonte:<\/p>\n<p style=\"text-align: justify;\">All\u00b4attenzione del SETTORE DI STATO CIVILE<\/p>\n<p style=\"text-align: justify;\"><strong>Richiesta di trascrizione di nascita<\/strong><\/p>\n<p style=\"text-align: justify;\">Rua Alagoas, 721 \u2013 30130-165 Belo Horizonte-MG<\/p>\n<p style=\"text-align: justify;\">A causa dell&#8217;elevato numero di richieste ricevute dal settore cittadinanza, non \u00e8 possibile confermare il ricevimento delle domande inviate per posta. Per avere questo riscontro, si consiglia di inviare tutta la documentazione con Ricevuta di Ritorno (AR) &#8211; servizio aggiuntivo delle poste che consente di comprovare la consegna dell&#8217;oggetto al destinatario.<\/p>\n","protected":false},"excerpt":{"rendered":"Figli minorenni di cittadini jure sanguinis (discendenza) sui quali non si applicano le limitazioni previste dall&#8217;art. 3-bis della Legge 91\/1992 \u2013 figli o nipoti di cittadino esclusivamente italiano (art. 3-bis, \u00a71, lettera c); Figli di cittadino italiano che ha vissuto in Italia per almeno due anni ininterrotti dopo il riconoscimento della cittadinanza italiana e prima [&hellip;]","protected":false},"author":4,"featured_media":0,"parent":166,"menu_order":0,"comment_status":"closed","ping_status":"closed","template":"","meta":{"footnotes":""},"class_list":["post-5204","page","type-page","status-publish","hentry"],"_links":{"self":[{"href":"https:\/\/consbelohorizonte.esteri.it\/it\/wp-json\/wp\/v2\/pages\/5204","targetHints":{"allow":["GET"]}}],"collection":[{"href":"https:\/\/consbelohorizonte.esteri.it\/it\/wp-json\/wp\/v2\/pages"}],"about":[{"href":"https:\/\/consbelohorizonte.esteri.it\/it\/wp-json\/wp\/v2\/types\/page"}],"author":[{"embeddable":true,"href":"https:\/\/consbelohorizonte.esteri.it\/it\/wp-json\/wp\/v2\/users\/4"}],"replies":[{"embeddable":true,"href":"https:\/\/consbelohorizonte.esteri.it\/it\/wp-json\/wp\/v2\/comments?post=5204"}],"version-history":[{"count":2,"href":"https:\/\/consbelohorizonte.esteri.it\/it\/wp-json\/wp\/v2\/pages\/5204\/revisions"}],"predecessor-version":[{"id":6025,"href":"https:\/\/consbelohorizonte.esteri.it\/it\/wp-json\/wp\/v2\/pages\/5204\/revisions\/6025"}],"up":[{"embeddable":true,"href":"https:\/\/consbelohorizonte.esteri.it\/it\/wp-json\/wp\/v2\/pages\/166"}],"wp:attachment":[{"href":"https:\/\/consbelohorizonte.esteri.it\/it\/wp-json\/wp\/v2\/media?parent=5204"}],"curies":[{"name":"wp","href":"https:\/\/api.w.org\/{rel}","templated":true}]}}