{"id":4785,"date":"2025-06-23T17:20:36","date_gmt":"2025-06-23T20:20:36","guid":{"rendered":"https:\/\/consbelohorizonte.esteri.it\/?page_id=4785"},"modified":"2026-03-03T14:41:48","modified_gmt":"2026-03-03T17:41:48","slug":"nuovi-casi-di-acquisto-della-cittadinanza-allestero-figli-minorenni-di-cittadini-che-non-trasmettono-automaticamente-la-cittadinanza-italiana","status":"publish","type":"page","link":"https:\/\/consbelohorizonte.esteri.it\/it\/servizi-consolari-e-visti\/servizi-per-il-cittadino-straniero\/cittadinanza\/nuovi-casi-di-acquisto-della-cittadinanza-allestero-figli-minorenni-di-cittadini-che-non-trasmettono-automaticamente-la-cittadinanza-italiana\/","title":{"rendered":"Minorenni &#8211; Acquisto della cittadinanza italiana per beneficio di legge"},"content":{"rendered":"<p style=\"text-align: justify;\"><strong><u>MINORENNI NATI PRIMA DEL 24 MAGGIO 2025 &#8211; Art.1, comma 1-ter del DL 36\/2025<\/u><\/strong><\/p>\n<p style=\"text-align: justify;\">I figli minorenni alla data del 23 maggio 2025 possono ottenere la cittadinanza per beneficio di legge, se i genitori (o il tutore) firmano, <strong>entro il 31 maggio 2029<\/strong>, la \u201cDichiarazione di volont\u00e0 d\u2019acquisto\u201d della cittadinanza italiana. I figli minorenni alla data del 23 maggio 2025, che nel frattempo sono diventati maggiorenni, dovranno presentare la dichiarazione di persona.<\/p>\n<p><strong>La dichiarazione di volont\u00e0 \u00e8 esente del pagamento della tassa.<\/strong><\/p>\n<p style=\"text-align: justify;\">Il processo \u00e8 stato organizzato nel seguente modo:<\/p>\n<ol style=\"text-align: justify;\">\n<li><span style=\"text-decoration: underline;\"><strong>INVIO DELLA DOCUMENTAZIONE PER ANALISI PRELIMINARE<\/strong><\/span><\/li>\n<\/ol>\n<p style=\"text-align: justify;\">Per firmare la Dichiarazione \u00e8 necessario compilare la richiesta e l\u00b4autodichiarazione e, insieme alla documentazione elencata in calce, inviarla per posta all\u2019indirizzo del Consolato Generale d\u2019Italia in Belo Horizonte:<\/p>\n<p style=\"padding-left: 40px; text-align: justify;\">C.A. Uff. Cittadinanza &#8211;\u00a0<strong>Istanza per Dichiarazione di volont\u00e0 <u>minori al 23\/05\/2025<\/u><\/strong><\/p>\n<p style=\"padding-left: 40px; text-align: justify;\">Rua Alagoas, 721 &#8211;\u00a030130-165 Belo Horizonte-MG<\/p>\n<p style=\"text-align: justify;\">A causa della mole di richieste ricevute dall&#8217;Ufficio Cittadinanza non \u00e8 possibile confermare l&#8217;avvenuta ricezione delle istanze inviate per posta. Si consiglia quindi, di scegliere presso l\u00b4Ufficio postale il servizio di posta registrata in modo da poter rintracciarne la consegna sul sito delle Poste.<\/p>\n<p style=\"text-align: justify;\">Alle istanze dovr\u00e0 essere allegata la seguente documentazione:<\/p>\n<ol style=\"text-align: justify;\">\n<li><a href=\"https:\/\/consbelohorizonte.esteri.it\/wp-content\/uploads\/2025\/08\/mod.-8-ISTANZA-dich-gen-ITA-volonta-acquisto-citt-it-figli-minori-al-24.01.2025-04.08.2025.pdf\">istanza e autodichiarazione<\/a> (<em>Mod. 8<\/em>) per figli minori alla data del 23 maggio 2025 firmata dal genitore italiano oppure <a href=\"https:\/\/consbelohorizonte.esteri.it\/wp-content\/uploads\/2025\/08\/mod.-9-ISTANZA-dich-MIN-divenuto-MAG-volonta-acquisto-citt-it-01.08.2025.pdf\">istanza e autodichiarazione<\/a> (<em>Mod. 9<\/em>) per figli minori alla data del 23 maggio 2025 che sono diventati maggiorenni entro il 31 maggio 2026 firmata dal genitore italiano e dal\/dalla dichiarante;<\/li>\n<li>copia del passaporto (preferibilmente italiano) ovvero della carta d\u2019identit\u00e0 (preferibilmente italiana) del genitore italiano;<\/li>\n<li>copia del passaporto o del documento di identit\u00e0 (oppure documentazione comprovante la condizione di unico genitore o di tutore del\/la minore e relativa traduzione giurata, entrambi muniti di <em style=\"text-align: justify;\">apostille<\/em><span style=\"text-align: justify;\">);<\/span><\/li>\n<li>Prova di residenza;<\/li>\n<li>atto di nascita integrale (<em style=\"text-align: justify;\">de inteiro teor<\/em><span style=\"text-align: justify;\">) del minore e relativa traduzione giurata, entrambi muniti di <\/span><em style=\"text-align: justify;\">apostille<\/em><span style=\"text-align: justify;\">;<\/span><\/li>\n<li>eventuale dichiarazione di riconoscimento della paternit\u00e0\/maternit\u00e0 e relativa traduzione giurata, entrambi muniti di <em style=\"text-align: justify;\">apostille.<\/em><\/li>\n<\/ol>\n<p style=\"padding-left: 120px; text-align: justify;\">Se il minore fosse nato da genitori non legalmente coniugati e se nel suo il certificato di nascita <strong>non fosse riportata la dicitura <em>foram declarantes os pais<\/em><\/strong><u>,<\/u> sar\u00e0 necessario presentare l\u2019<a href=\"https:\/\/consbelohorizonte.esteri.it\/wp-content\/uploads\/2025\/07\/modulo_richiesta_trascrizione_atto_di_nascita_02_2020.doc\">istanza di trascrizione<\/a> della nascita firmata da entrambi i genitori ed un atto pubblico di riconoscimento della maternit\u00e0\/paternit\u00e0 sottoscritto dal genitore che, nell\u2019atto di nascita del figlio, non risulti aver dichiarato esplicitamente la sua nascita.<\/p>\n<p style=\"padding-left: 120px; text-align: justify;\">Nel caso in cui il figlio <strong>non abbia ancora completato 14 anni<\/strong> sar\u00e0 necessario che sull\u2019atto pubblico risulti che il genitore dichiarante la nascita nell\u2019atto di nascita abbia dato il suo assenso al riconoscimento, come nel <a href=\"https:\/\/consbelohorizonte.esteri.it\/wp-content\/uploads\/2025\/06\/Modulo-di-riconoscimento-di-paternita-maternita-di-figlio-MINORE-di-14-anni-1.pdf\"><u>modello di dichiarazione di figlio minore di 14 anni<\/u><\/a>.<\/p>\n<p style=\"padding-left: 120px; text-align: justify;\">Nel caso in cui il figlio <strong>abbia gi\u00e0 completato 14 anni<\/strong> sar\u00e0 necessario che sull\u2019atto pubblico risulti il suo assenso al riconoscimento, come nel <a href=\"https:\/\/consbelohorizonte.esteri.it\/wp-content\/uploads\/2025\/06\/Modulo-di-riconoscimento-di-paternita-maternita-di-figlio-MAGGIORE-di-14-anni.pdf\"><u>modello di dichiarazione di figlio maggiore di 14 anni<\/u><\/a>.<\/p>\n<p style=\"padding-left: 120px; text-align: justify;\">In entrambi i casi sar\u00e0 necessario presentare l\u2019atto insieme alla relativa traduzione giurata, entrambi muniti di <em>apostille<\/em>.<\/p>\n<p style=\"padding-left: 120px; text-align: justify;\">La procedura sopra descritta deve essere seguita anche nei casi in cui i genitori si siano sposati dopo la nascita del figlio.<\/p>\n<p style=\"text-align: justify;\">6. eventuale sentenza giudiziale di riconoscimento della paternit\u00e0\/maternit\u00e0 e relativa traduzione giurata, entrambi muniti di <em style=\"text-align: justify;\">apostille<\/em><\/p>\n<p style=\"text-align: justify;\">7. eventuale sentenza giudiziale di adozione durante la minore et\u00e0 e relativa traduzione giurata, entrambi muniti di <em style=\"text-align: justify;\">apostille<\/em><span style=\"text-align: justify;\">;<\/span><\/p>\n<p style=\"text-align: justify;\">8. eventuale riconoscimento dello status di apolide del\/la minore e relativa traduzione giurata, entrambi muniti di <em style=\"text-align: justify;\">apostille<\/em><span style=\"text-align: justify;\">.<\/span><\/p>\n<p>ATTENZIONE: Non si accettano traduzioni firmate digitalmente, documenti elettronici\/digitali e <em>Apostille<\/em> digitali.<\/p>\n<p style=\"text-align: justify;\">Questo Consolato Generale si riserva di chiedere documentazione complementare, se lo riterr\u00e0 necessario.<\/p>\n<p style=\"text-align: justify;\"><span style=\"text-decoration: underline;\">Ricordiamo la necessit\u00e0 di aggiornare sempre qualsiasi variazione dello stato civile: i richiedenti coniugati che non hanno ancora inviato il certificato di matrimonio o di divorzio devono prima aggiornare il proprio stato civile.<\/span><\/p>\n<p style=\"text-align: justify;\"><span style=\"text-decoration: underline;\"><strong>2. PRENOTAZIONE DELL`APPUNTAMENTO PER LA FIRMA DELLA DICHIARAZIONE<\/strong><\/span><\/p>\n<p style=\"text-align: justify;\">Solo per i richiedenti che hanno gi\u00e0 inviato la documentazione per posta, \u00e8 attivo il servizio di prenotazione su Prenot@mi per la firma di persona al Consolato della Dichiarazione di intenzione di acquisire la cittadinanza italiana. Vi chiediamo di non prenotarvi se non avete inviato la documentazione.<\/p>\n<p style=\"text-align: justify;\">Vi chiediamo di prestare attenzione ai seguenti punti:<\/p>\n<p style=\"text-align: justify;\">1) La prenotazione deve essere effettuata tramite l&#8217;account Prenot@mi del padre o della madre (i minorenni non possono essere registrati su Prenot@mi) e una sola prenotazione \u00e8 sufficiente anche in caso di pi\u00f9 figli;<\/p>\n<p style=\"text-align: justify;\">2) Entrambi i genitori devono essere presenti il giorno della prenotazione. Vi chiediamo di non portare i minorenni, poich\u00e9 non \u00e8 necessaria la loro presenza e la sala d&#8217;attesa \u00e8 gi\u00e0 al massimo della capacit\u00e0;<\/p>\n<p style=\"text-align: justify;\">3) Tutti coloro che hanno diritto e che hanno presentato la documentazione nei termini e nei modi richiesti dalla legge saranno ricevuti. Vi chiediamo di pazientare, nel caso non riusciate a prenotarvi al primo tentativo. Posti nuovi vengono pubblicati quotidianamente.<\/p>\n<p style=\"text-align: justify;\"><strong>3. FIRMA DELLA DICHIARAZIONE<\/strong><\/p>\n<p style=\"text-align: justify;\">La procedura potr\u00e0 essere considerata completata solo dopo la firma della Dichiarazione, da parte di entrambi i genitori (o tutore). Ricordiamo della necessit\u00e0 che entrambi i genitori siano presenti il giorno dell&#8217;appuntamento. Chiediamo, ove possibile, di non portare i minorenni, poich\u00e9 non \u00e8 necessaria la loro presenza e la sala d&#8217;attesa si trova gi\u00e0 al massimo della sua capacit\u00e0.<\/p>\n<p style=\"text-align: justify;\">A seguito della firma della dichiarazione il Consolato si occuper\u00e0 dell\u00b4accertamento dei requisiti e della trasmissione dell\u00b4atto di nascita, e relativa traduzione, del minore al comune di riferimento in Italia, richiedendo al contempo l\u00b4iscrizione all\u00b4AIRE. Stante il volume di richieste, vi chiediamo di pazientare e non inviare e-mail a pochi giorni dalla firma, richiedendo aggiornamenti sulla sua iscrizione AIRE.<\/p>\n<hr \/>\n<p style=\"text-align: justify;\"><strong><u>MINORENNI NATI DOPO IL 24 MAGGIO 2025 &#8211; Art. 4, comma 1-bis, lett. b) della Legge 91\/1992<\/u><\/strong><\/p>\n<p style=\"text-align: justify;\">I figli nati dopo il <strong>24 maggio 2025<\/strong> possono ottenere la cittadinanza per beneficio di legge, se entrambi i genitori (od il tutore) presenteranno, <strong>entro tre anni dalla loro nascita<\/strong>, la Dichiarazione di volont\u00e0 d\u2019acquisto della cittadinanza italiana.<\/p>\n<p style=\"text-align: justify;\">Per presentare la Dichiarazione \u00e8 necessario compilare un&#8217;<a href=\"https:\/\/consbelohorizonte.esteri.it\/wp-content\/uploads\/2025\/08\/mod.-6-ISTANZA-dich-gen-ITA-volonta-acquisto-citt-it-figli-minori-04.08.2025.pdf\">istanza e autodichiarazione<\/a> (<em>Mod. 6<\/em>) ed inviarla per posta all\u2019indirizzo del Consolato Generale d\u2019Italia in Belo Horizonte:<\/p>\n<p style=\"text-align: justify; padding-left: 40px;\">C.A. Uff. Cittadinanza &#8211;\u00a0<strong>Istanza per Dichiarazione di volont\u00e0 <u>nati a partire dal 24\/05\/2025<\/u><\/strong><\/p>\n<p style=\"text-align: justify; padding-left: 40px;\">Rua Alagoas, 721 &#8211;\u00a030130-165 Belo Horizonte-MG<\/p>\n<p><strong>La dichiarazione di volont\u00e0 \u00e8 esente del pagamento della tassa.<\/strong><\/p>\n<p style=\"text-align: justify;\">La procedura \u00e8 la stessa illustrata nel paragrafo sopra, che differisce per il modulo che deve essere inviato insieme al resto della documentazione.<\/p>\n<hr \/>\n<p style=\"text-align: justify;\"><strong><u>IMPORTANTE<\/u><\/strong><\/p>\n<p style=\"text-align: justify;\">Si ricorda che la <strong>paternit\u00e0\/maternit\u00e0 socio-affettiva<\/strong> non \u00e8 attualmente riconosciuta dalla legge italiana.<\/p>\n<p style=\"text-align: justify;\">I cittadini italiani che hanno acquistato la cittadinanza italiana per naturalizzazione, residenza e discendenza in base alla legge 379\/2000 (Trentini), <span style=\"text-decoration: underline;\">non trasmettono la cittadinanza italiana<\/span> ai propri figli in base ai nuovi criteri.<\/p>\n","protected":false},"excerpt":{"rendered":"MINORENNI NATI PRIMA DEL 24 MAGGIO 2025 &#8211; Art.1, comma 1-ter del DL 36\/2025 I figli minorenni alla data del 23 maggio 2025 possono ottenere la cittadinanza per beneficio di legge, se i genitori (o il tutore) firmano, entro il 31 maggio 2029, la \u201cDichiarazione di volont\u00e0 d\u2019acquisto\u201d della cittadinanza italiana. I figli minorenni alla [&hellip;]","protected":false},"author":20,"featured_media":0,"parent":166,"menu_order":0,"comment_status":"closed","ping_status":"closed","template":"","meta":{"footnotes":""},"class_list":["post-4785","page","type-page","status-publish","hentry"],"_links":{"self":[{"href":"https:\/\/consbelohorizonte.esteri.it\/it\/wp-json\/wp\/v2\/pages\/4785","targetHints":{"allow":["GET"]}}],"collection":[{"href":"https:\/\/consbelohorizonte.esteri.it\/it\/wp-json\/wp\/v2\/pages"}],"about":[{"href":"https:\/\/consbelohorizonte.esteri.it\/it\/wp-json\/wp\/v2\/types\/page"}],"author":[{"embeddable":true,"href":"https:\/\/consbelohorizonte.esteri.it\/it\/wp-json\/wp\/v2\/users\/20"}],"replies":[{"embeddable":true,"href":"https:\/\/consbelohorizonte.esteri.it\/it\/wp-json\/wp\/v2\/comments?post=4785"}],"version-history":[{"count":8,"href":"https:\/\/consbelohorizonte.esteri.it\/it\/wp-json\/wp\/v2\/pages\/4785\/revisions"}],"predecessor-version":[{"id":6046,"href":"https:\/\/consbelohorizonte.esteri.it\/it\/wp-json\/wp\/v2\/pages\/4785\/revisions\/6046"}],"up":[{"embeddable":true,"href":"https:\/\/consbelohorizonte.esteri.it\/it\/wp-json\/wp\/v2\/pages\/166"}],"wp:attachment":[{"href":"https:\/\/consbelohorizonte.esteri.it\/it\/wp-json\/wp\/v2\/media?parent=4785"}],"curies":[{"name":"wp","href":"https:\/\/api.w.org\/{rel}","templated":true}]}}