{"id":316,"date":"2022-12-15T18:50:56","date_gmt":"2022-12-15T17:50:56","guid":{"rendered":"https:\/\/consbelohorizonte.esteri.it\/?page_id=316"},"modified":"2022-12-15T18:51:26","modified_gmt":"2022-12-15T17:51:26","slug":"rimpatrio-definitivo-in-italia","status":"publish","type":"page","link":"https:\/\/consbelohorizonte.esteri.it\/it\/servizi-consolari-e-visti\/servizi-per-il-cittadino-italiano\/rimpatrio-definitivo-in-italia\/","title":{"rendered":"Rimpatrio definitivo in Italia"},"content":{"rendered":"<p>I cittadini iscritti AIRE che rientrano definitivamente in Italia dovranno presentarsi presso il Comune dove hanno deciso di stabilirsi per dichiarare il nuovo indirizzo di residenza. Nella stessa data il Comune provveder\u00e0 alla cancellazione dall\u2019AIRE con contestuale iscrizione in APR (Anagrafe Popolazione Residente).<\/p>\n<p>\u00c8 cura del Comune comunicare ufficialmente la data di decorrenza del rimpatrio al Consolato di provenienza che registrer\u00e0 nei propri schedari consolari il rimpatrio. La cancellazione dall&#8217;Aire per rimpatrio, con il conseguente aggiornamento dello schedario consolare, pu\u00f2 avvenire solo in seguito alla conferma dell&#8217;iscrizione del cittadino presso l&#8217;APR da parte del Comune italiano, che ripristina la residenza anagrafica e l&#8217;iscrizione nell&#8217;elenco degli elettori nel territorio della Repubblica e ne d\u00e0 comunicazione all&#8217;Ufficio consolare.<\/p>\n<div>\n<p><strong>Rimpatrio Masserizie<\/strong><\/p>\n<p>Ai cittadini italiani iscritti all\u2019 A.I.R.E. (Anagrafe degli Italiani Residenti all\u2019Estero) da almeno (12) dodici mesi, che intendono rientrare definitivamente in Italia, \u00e8 consentita l\u2019importazione nel territorio nazionale, in franchigia doganale, delle proprie masserizie usate (effetti personali, arredi, veicoli, apparecchi radiofonici, televisori ed impianti HI-FI &#8211; indicando marca, modello e numero di matricola dell\u2019apparecchio &#8211; utensili e strumenti necessari alla professione, nonch\u00e9 degli altri oggetti d\u2019uso domestico).<\/p>\n<p><strong>INFORMAZIONI per il rilascio del &#8220;CERTIFICATO CONSOLARE PER L&#8217;ESENZIONE DAL PAGAMENTO DELLE IMPOSTE DOGANALI SULL&#8217;IMPORTAZIONE IN ITALIA DELLE MASSERIZIE USATE&#8221;.<\/strong><\/p>\n<p>L\u2019interessato deve:<\/p>\n<p>&#8211; essere iscritto all\u2019A.I.R.E. (Anagrafe degli Italiani Residenti all\u2019Estero) da almeno un anno;<\/p>\n<p>&#8211; presentare l\u2019originale e una fotocopia del passaporto italiano in corso di validit\u00e0 e dell\u2019RNE\/RG;<\/p>\n<p>&#8211; predisporre in 3 copie la lista dettagliata delle masserizie;<\/p>\n<p>&#8211; compilare la <a href=\"https:\/\/consbelohorizonte.esteri.it\/wp-content\/uploads\/2022\/12\/modello_dichiarazione_per_rimpatrio_definitivo_-_masserizie.doc\">Dichiarazione di rimpatrio definitivo<\/a>;<\/p>\n<p>&#8211; richiedere un appuntamento scrivendo un\u00b4e-mail a: belohorizonte.assistenza@esteri.it<\/p>\n<p>Qualora l\u2019interessato sia impossibilitato a presentarsi personalmente potr\u00e0 farsi rappresentare da terzi (\u00e8 sufficiente una comunicazione tramite lo stesso indirizzo di posta elettronica). In tal caso dovr\u00e1 firmer\u00e0 le tre copie della lista (in tutte le pagine) e la dichiarazione di rimpatrio, facendo legalizzare la sua firma presso un \u201cCart\u00f3rio\u201d o \u201cTabelionato de Notas\u201d.<\/p>\n<p>Il rientro delle masserizie deve avvenire entro 12 mesi dalla data dichiarata come ultimo giorno di residenza all\u2019estero e deve avere come destinazione l\u2019indirizzo di residenza che l\u2019interessato ha fissato in Italia al suo rientro.<\/p>\n<p>Il rilascio della certificazione \u00e8 gratuito.<\/p>\n<p><strong>Il Certificato Consolare rilasciato in duplice copia da questo Consolato dovr\u00e0 essere consegnato alla Compagnia di trasporto da allegare alla documentazione doganale.<\/strong><\/p>\n<\/div>\n<hr \/>\n","protected":false},"excerpt":{"rendered":"I cittadini iscritti AIRE che rientrano definitivamente in Italia dovranno presentarsi presso il Comune dove hanno deciso di stabilirsi per dichiarare il nuovo indirizzo di residenza. Nella stessa data il Comune provveder\u00e0 alla cancellazione dall\u2019AIRE con contestuale iscrizione in APR (Anagrafe Popolazione Residente). \u00c8 cura del Comune comunicare ufficialmente la data di decorrenza del rimpatrio [&hellip;]","protected":false},"author":4,"featured_media":0,"parent":72,"menu_order":0,"comment_status":"closed","ping_status":"closed","template":"","meta":{"footnotes":""},"class_list":["post-316","page","type-page","status-publish","hentry"],"_links":{"self":[{"href":"https:\/\/consbelohorizonte.esteri.it\/it\/wp-json\/wp\/v2\/pages\/316","targetHints":{"allow":["GET"]}}],"collection":[{"href":"https:\/\/consbelohorizonte.esteri.it\/it\/wp-json\/wp\/v2\/pages"}],"about":[{"href":"https:\/\/consbelohorizonte.esteri.it\/it\/wp-json\/wp\/v2\/types\/page"}],"author":[{"embeddable":true,"href":"https:\/\/consbelohorizonte.esteri.it\/it\/wp-json\/wp\/v2\/users\/4"}],"replies":[{"embeddable":true,"href":"https:\/\/consbelohorizonte.esteri.it\/it\/wp-json\/wp\/v2\/comments?post=316"}],"version-history":[{"count":0,"href":"https:\/\/consbelohorizonte.esteri.it\/it\/wp-json\/wp\/v2\/pages\/316\/revisions"}],"up":[{"embeddable":true,"href":"https:\/\/consbelohorizonte.esteri.it\/it\/wp-json\/wp\/v2\/pages\/72"}],"wp:attachment":[{"href":"https:\/\/consbelohorizonte.esteri.it\/it\/wp-json\/wp\/v2\/media?parent=316"}],"curies":[{"name":"wp","href":"https:\/\/api.w.org\/{rel}","templated":true}]}}