{"id":2727,"date":"2024-01-22T09:19:36","date_gmt":"2024-01-22T12:19:36","guid":{"rendered":"https:\/\/consbelohorizonte.esteri.it\/?page_id=2727"},"modified":"2026-03-13T13:17:00","modified_gmt":"2026-03-13T16:17:00","slug":"carta-didentita-elettronica-cie","status":"publish","type":"page","link":"https:\/\/consbelohorizonte.esteri.it\/it\/servizi-consolari-e-visti\/servizi-per-il-cittadino-italiano\/carta-didentita-elettronica-cie\/","title":{"rendered":"Carta d\u2019identit\u00e0 elettronica \u2013 CIE"},"content":{"rendered":"<p><strong>REQUISITI per richiedere la carta d\u2019identit\u00e0 elettronica:<\/strong><\/p>\n<ol>\n<li style=\"text-align: justify;\">Il possesso della <strong>cittadinanza italiana<\/strong>;<\/li>\n<li style=\"text-align: justify;\"><strong>Iscrizione aggiornata <\/strong><a href=\"https:\/\/consbelohorizonte.esteri.it\/it\/servizi-consolari-e-visti\/servizi-per-il-cittadino-italiano\/anagrafe-degli-italiani-residenti-allestero-aire\/\"><strong>all\u2019AIRE<\/strong><\/a>. Chi non fosse registrato all\u2019AIRE dovr\u00e0 prima regolarizzare la propria iscrizione anagrafica tramite il <a href=\"https:\/\/serviziconsolarionline.esteri.it\/ScoFE\/index.sco;jsessionid=B4D83D9AB68D62AF55C534350508B5F1\">portale FAST-IT<\/a> ed <strong>attendere, prima di poter far domanda, di essere inserito in tale registro<\/strong> da parte del Comune italiano competente. Ai fini della registrazione nella banca dati A.I.R.E. \u00e8 indispensabile, per i cittadini italiani nati all\u2019estero, che l\u2019atto di nascita risulti gi\u00e0 trascritto nei registri di Stato Civile del Comune di riferimento;<\/li>\n<li style=\"text-align: justify;\"><strong>Residenza in questa circoscrizione consolare di Minas Gerais<\/strong><\/li>\n<\/ol>\n<p><strong>MODALIT\u00c0 di richiesta della CIE:<\/strong><\/p>\n<p style=\"text-align: justify;\">La nuova Carta di identit\u00e0 elettronica si pu\u00f2 richiedere, previo appuntamento, tramite la piattaforma <a href=\"https:\/\/prenotami.esteri.it\/\">PRENOT@M<\/a><u>I<\/u>. E&#8217; <strong>possibile effettuare una richiesta unica per nucleo famigliare<\/strong> (genitori + figli minori), specificandolo nel campo note ed allegando la relativa documentazione riferita a tutti gli interessati.<\/p>\n<p style=\"text-align: justify;\">La Cancelleria consolare potr\u00e0 sempre procedere ad annullare d\u2019ufficio l\u2019appuntamento in caso di documentazione di supporto assente o incompleta, informando l\u2019interessato sulle ragioni del rigetto.<\/p>\n<p><strong>DOCUMENTI da presentare il giorno dell\u2019appuntamento:<\/strong><\/p>\n<ol>\n<li>Una fototessera standard ICAO (recente, frontale, a sfondo bianco, a colori e formato 35 x 45 mm);<\/li>\n<li>Carta d\u2019Identit\u00e0 italiana precedente o Passaporto italiano in corso di validit\u00e0. In mancanza di questi, un documento di riconoscimento brasiliano (Passaporto; RG con meno di 10 anni; CNH se emessa dopo il giugno 2022) con relativa copia semplice;<\/li>\n<li>Prova di residenza a proprio nome o a nome di uno dei genitori (in caso di richiedente minorenne), in originale, recente (meno di 3 mesi) pi\u00f9 fotocopia semplice. Sono accettate copie della bolletta della fornitura di energia elettrica, acqua, gas, ricevuta di pagamento delle tasse universitarie nella quale compaia l\u2019indirizzo dello studente, lettera di avviso del pagamento della pensione, bolletta del cellulare, corrispondenza bancaria relativa al conto bancario o alla carta di credito, ricevuta dell\u2019Imposta di Reddito (prima pagina), certificato del TRE \u2013 Tribunale Regionale Elettorale (dove risulti l\u2019indirizzo completo con nome della via e numero civico);<\/li>\n<li>Nel caso in cui il richiedente sia un minore di 18 anni <a href=\"https:\/\/consbelohorizonte.esteri.it\/wp-content\/uploads\/2023\/04\/Atto-di-assenso-minore.docx\">Atto di assenso<\/a> sottoscritto da entrambi i genitori;<\/li>\n<li>Carta di debito per il pagamento in reais.<\/li>\n<\/ol>\n<p><strong>IMPORTANTE<\/strong><\/p>\n<ul>\n<li>La presenza del <strong>richiedente<\/strong> allo sportello consolare \u00e8 obbligatoria.<\/li>\n<li>La CIE <strong>non \u00e8 rilasciata il giorno dell\u2019appuntamento<\/strong> ma verr\u00e0 successivamente inviata dall\u2019Italia via posta all\u2019indirizzo dichiarato dal richiedente. Sar\u00e0 possibile verificare il tracciamento della spedizione <a href=\"https:\/\/www.poste.it\/cerca\/index.html\">sul sito di Poste italiane<\/a>, inserendo il numero di raccomandata fornito il giorno dell\u2019appuntamento nell\u2019apposita barra di ricerca.<\/li>\n<li>La validit\u00e0 del documento varia a seconda all\u2019et\u00e0 del titolare: 3 anni (per minori di 3 anni); 5 anni (per minori di et\u00e0 compresa tra i 3 e i 18 anni); 10 anni (per i maggiorenni);<\/li>\n<li>Le richiedenti coniugate dovranno inserire le generalit\u00e0 anagrafiche attribuite alla nascita e non quelle susseguenti al matrimonio;<\/li>\n<li>Sulla Carta d\u2019Identit\u00e0 Elettronica non \u00e8 indicato lo stato civile del titolare e NON pu\u00f2 essere indicato il nome del coniuge.<\/li>\n<\/ul>\n<p><strong>NOVIT\u00c0<\/strong><\/p>\n<p style=\"text-align: justify;\">A decorrere dal 1\u00b0 giugno 2026 i cittadini iscritti all\u2019Anagrafe degli Italiani Residenti all\u2019Estero (AIRE) potranno presentare domanda per il rilascio della carta d&#8217;identit\u00e0 elettronica presso qualsiasi Comune italiano. La carta d\u2019identit\u00e0 sar\u00e0 consegnata con le medesime modalit\u00e0 previste in caso di domanda presentata tramite l\u2019Ufficio consolare, con facolt\u00e0 per l\u2019interessato di ritirarla personalmente presso il Comune ovvero di richiederne la spedizione all\u2019estero.<\/p>\n","protected":false},"excerpt":{"rendered":"REQUISITI per richiedere la carta d\u2019identit\u00e0 elettronica: Il possesso della cittadinanza italiana; Iscrizione aggiornata all\u2019AIRE. Chi non fosse registrato all\u2019AIRE dovr\u00e0 prima regolarizzare la propria iscrizione anagrafica tramite il portale FAST-IT ed attendere, prima di poter far domanda, di essere inserito in tale registro da parte del Comune italiano competente. Ai fini della registrazione nella [&hellip;]","protected":false},"author":20,"featured_media":0,"parent":72,"menu_order":0,"comment_status":"closed","ping_status":"closed","template":"","meta":{"footnotes":""},"class_list":["post-2727","page","type-page","status-publish","hentry"],"_links":{"self":[{"href":"https:\/\/consbelohorizonte.esteri.it\/it\/wp-json\/wp\/v2\/pages\/2727","targetHints":{"allow":["GET"]}}],"collection":[{"href":"https:\/\/consbelohorizonte.esteri.it\/it\/wp-json\/wp\/v2\/pages"}],"about":[{"href":"https:\/\/consbelohorizonte.esteri.it\/it\/wp-json\/wp\/v2\/types\/page"}],"author":[{"embeddable":true,"href":"https:\/\/consbelohorizonte.esteri.it\/it\/wp-json\/wp\/v2\/users\/20"}],"replies":[{"embeddable":true,"href":"https:\/\/consbelohorizonte.esteri.it\/it\/wp-json\/wp\/v2\/comments?post=2727"}],"version-history":[{"count":6,"href":"https:\/\/consbelohorizonte.esteri.it\/it\/wp-json\/wp\/v2\/pages\/2727\/revisions"}],"predecessor-version":[{"id":6115,"href":"https:\/\/consbelohorizonte.esteri.it\/it\/wp-json\/wp\/v2\/pages\/2727\/revisions\/6115"}],"up":[{"embeddable":true,"href":"https:\/\/consbelohorizonte.esteri.it\/it\/wp-json\/wp\/v2\/pages\/72"}],"wp:attachment":[{"href":"https:\/\/consbelohorizonte.esteri.it\/it\/wp-json\/wp\/v2\/media?parent=2727"}],"curies":[{"name":"wp","href":"https:\/\/api.w.org\/{rel}","templated":true}]}}