{"id":165,"date":"2022-12-12T11:55:41","date_gmt":"2022-12-12T10:55:41","guid":{"rendered":"https:\/\/consbelohorizonte.esteri.it\/?page_id=165"},"modified":"2023-06-20T10:43:19","modified_gmt":"2023-06-20T13:43:19","slug":"autoveicoli-e-patenti-di-guida","status":"publish","type":"page","link":"https:\/\/consbelohorizonte.esteri.it\/it\/servizi-consolari-e-visti\/servizi-per-il-cittadino-italiano\/autoveicoli-e-patenti-di-guida\/","title":{"rendered":"Autoveicoli e Patenti di guida"},"content":{"rendered":"<p><strong>RINNOVO DELLA PATENTE DI GUIDA ITALIANA<\/strong><\/p>\n<p>Contatto:\u00a0<a href=\"mailto:passaporte.belohorizonte@esteri.it\">passaporte.belohorizonte@esteri.it<\/a><\/p>\n<p>Orari di apertura: luned\u00ec, marted\u00ec, mercoled\u00ec e gioved\u00ec, dalle ore 8:45 alle ore 12:30.<\/p>\n<p><strong>1. QUALI SONO I REQUISITI NECESSARI PER RINNOVARE UNA PATENTE ITALIANA?<\/strong><br \/>\nIl\/la richiedente deve essere iscritto\/a all\u2019AIRE di questo Consolato da almeno 6 mesi e la patente non deve essere scaduta da pi\u00f9 di 5 anni. Il rinnovo si fa per dieci anni (nel caso della patente B) a partire dalla data di rinnovo, salvo limitazioni di legge.<\/p>\n<p><strong>2. CHE DOCUMENTI SERVONO?<\/strong><\/p>\n<p>&#8211; Originale e fotocopia della patente di guida<\/p>\n<p>&#8211; Originale del certificato medico del medico di fiducia del Consolato<\/p>\n<p>&#8211; Certificato medico oculistico (Specialista a scelta dell\u2019utente)<\/p>\n<p>&#8211; 2 foto a colori formato tessera<\/p>\n<p>&#8211; Pagamento della Tassa per il rinnovo (a sportello, con Bancomat &#8211; Cart\u00e3o de Debito).<\/p>\n<p><strong>3. CHI \u00c8 IL MEDICO DI FIDUCIA DEL CONSOLATO?<\/strong><br \/>\nIn ottemperanza al Decreto Consolare di nomina del medico di fiducia di questo Consolato n. 05 del 31.03.2011, a partire dal 1\u00ba maggio 2011 per il rilascio del certificato di idoneit\u00e0 alla guida ci si dovr\u00e0 rivolgere al<\/p>\n<p>Dott. Marcelo Pazzini Lobo de Freitas<br \/>\nAv. Afonso Pena, 2522, sala 704.<br \/>\nTel.: 31- 3261 1158. E-mail:\u00a0<a href=\"mailto:pazzinilf@gmail.com\">pazzinilf@gmail.com<\/a><\/p>\n<p>Permane la facolt\u00e0 agli utenti di scegliere il medico oculista per l&#8217;apposita visita specialistica.<\/p>\n<p>&nbsp;<\/p>\n<p><strong>CONVERSIONE DELLA PATENTE<\/strong><\/p>\n<p>Il 22 febbraio 2019 entra in vigore, tra Italia e Brasile, l\u2019Accordo sul riconoscimento reciproco in materia di conversione di patenti di guida del 2 novembre 2016. L\u2019accordo prevede la possibilita\u2019 per i detentori del nuovo modello di patente brasiliana, cosi\u2019 come previsto dalla Risoluzione CONTRAN n. 598\/2016, che sono\u00a0residenti in Italia, di richiedere la conversione nell\u2019equipollente patente di guida italiana.<\/p>\n","protected":false},"excerpt":{"rendered":"RINNOVO DELLA PATENTE DI GUIDA ITALIANA Contatto:\u00a0passaporte.belohorizonte@esteri.it Orari di apertura: luned\u00ec, marted\u00ec, mercoled\u00ec e gioved\u00ec, dalle ore 8:45 alle ore 12:30. 1. QUALI SONO I REQUISITI NECESSARI PER RINNOVARE UNA PATENTE ITALIANA? Il\/la richiedente deve essere iscritto\/a all\u2019AIRE di questo Consolato da almeno 6 mesi e la patente non deve essere scaduta da pi\u00f9 di [&hellip;]","protected":false},"author":3,"featured_media":0,"parent":72,"menu_order":0,"comment_status":"closed","ping_status":"closed","template":"","meta":{"footnotes":""},"class_list":["post-165","page","type-page","status-publish","hentry"],"_links":{"self":[{"href":"https:\/\/consbelohorizonte.esteri.it\/it\/wp-json\/wp\/v2\/pages\/165","targetHints":{"allow":["GET"]}}],"collection":[{"href":"https:\/\/consbelohorizonte.esteri.it\/it\/wp-json\/wp\/v2\/pages"}],"about":[{"href":"https:\/\/consbelohorizonte.esteri.it\/it\/wp-json\/wp\/v2\/types\/page"}],"author":[{"embeddable":true,"href":"https:\/\/consbelohorizonte.esteri.it\/it\/wp-json\/wp\/v2\/users\/3"}],"replies":[{"embeddable":true,"href":"https:\/\/consbelohorizonte.esteri.it\/it\/wp-json\/wp\/v2\/comments?post=165"}],"version-history":[{"count":0,"href":"https:\/\/consbelohorizonte.esteri.it\/it\/wp-json\/wp\/v2\/pages\/165\/revisions"}],"up":[{"embeddable":true,"href":"https:\/\/consbelohorizonte.esteri.it\/it\/wp-json\/wp\/v2\/pages\/72"}],"wp:attachment":[{"href":"https:\/\/consbelohorizonte.esteri.it\/it\/wp-json\/wp\/v2\/media?parent=165"}],"curies":[{"name":"wp","href":"https:\/\/api.w.org\/{rel}","templated":true}]}}