{"id":164,"date":"2022-12-12T11:51:34","date_gmt":"2022-12-12T10:51:34","guid":{"rendered":"https:\/\/consbelohorizonte.esteri.it\/?page_id=164"},"modified":"2023-04-26T20:18:45","modified_gmt":"2023-04-26T18:18:45","slug":"servizi-notarili","status":"publish","type":"page","link":"https:\/\/consbelohorizonte.esteri.it\/it\/servizi-consolari-e-visti\/servizi-per-il-cittadino-italiano\/servizi-notarili\/","title":{"rendered":"Servizi notarili"},"content":{"rendered":"<p><em><strong><a class=\"\" href=\"https:\/\/consbelohorizonte.esteri.it\/it\/servizi-consolari-e-visti\/servizi-per-il-cittadino-italiano\/modulistica-e-tariffe-consolari\/\" data-focus-mouse=\"false\">ATTENZIONE: Tuti i Link e Moduli AGGIORNATI li troverete a: <\/a><a class=\"focus--mouse\" href=\"https:\/\/consbelohorizonte.esteri.it\/it\/servizi-consolari-e-visti\/servizi-per-il-cittadino-italiano\/modulistica-e-tariffe-consolari\/\" data-focus-mouse=\"true\">(Pag1) Modulistica, Tariffe Consolari e LINK<\/a><\/strong><\/em><\/p>\n<p style=\"font-weight: 400;\"><b><strong>CONSIGLI PRATICI PER LE PROCURE:<\/strong><\/b><\/p>\n<p style=\"font-weight: 400;\">Al richiedere una procura \u00e8 importante inviare via email tutti i documenti citati nella procura stessa: i documenti di identit\u00e0, di preferenza il passaporto oppure carta di identit\u00e0, sia di chi fa la procura sia di chi la riceve e i rispettivi codici fiscali. Inviare via email anche i documenti che riguardano l\u2019oggetto della procura: appartamento, autovettura, o altro di cui la procura tratti. Si consigli di inviare il testo della procura gi\u00e0 compilato in tutti i suoi dettagli accuratamente verificati,\u00a0<b><strong>in formato Word modificabile<\/strong><\/b>, possibilmente facendosi aiutare da un Notaio o Avvocato di vostra fiducia allo scopo che la procura abbia tutta l\u2019efficacia necessaria. L\u2019indirizzo a cui inviare il tutto \u00e8 questo:\u00a0<b><strong><a href=\"mailto:notarile.belohorizonte@esteri.it\">notarile.belohorizonte@esteri.it<\/a><\/strong><\/b><\/p>\n<p style=\"font-weight: 400;\"><b><strong>ATTENZIONE<\/strong><\/b>: Prima di inviarci la mail si prega inserire e verificare TUTTI i dati della procura\u00a0utilizzando questo modello\u00a0<b><strong>(scarica modello)<\/strong><\/b>\u00a0e di ADATTARE L\u2019INTERO TESTO in tutti i punti &#8220;singolare o plurale&#8221;, &#8220;maschile o femminile&#8221; dati testimoni ecc. ecc.<\/p>\n<p style=\"font-weight: 400;\">Questa semplice accortezza\u00a0<b><strong>abbrevier\u00e0 i tempi<\/strong><\/b>\u00a0di preparazione della procura.<\/p>\n<p style=\"font-weight: 400;\">Il giorno della firma della procura si dovr\u00e0 mostrare il documento di identit\u00e0 italiano originale.<\/p>\n<p style=\"font-weight: 400;\">La tassa consolare \u00e8 variabile, per questo verr\u00e0 informata via email e dovr\u00e0 essere pagata con la carta di DEBTO (non di credito). Possiamo accettare il pagamento in contanti purch\u00e9 sia fatto portando i soldi esatti. Usando prevalentemente le carte di DEBITO non abbiamo le monete per dare il resto.<\/p>\n<p>Naturalmente \u00e8 necessario presentare il modulo &#8220;Richiesta servizi Notarili&#8221; <a href=\"https:\/\/consbelohorizonte.esteri.it\/it\/servizi-consolari-e-visti\/servizi-per-il-cittadino-italiano\/modulistica-e-tariffe-consolari\/\"><strong>(Vedi Pag1)<\/strong><\/a> specificando se si tratta di una procura e di che tipo, riempito e firmato dal richiedente, che va anticipato via email insieme a tutto il resto della documentazione richiesta.<\/p>\n<p style=\"font-weight: 400;\"><b><strong>Attenzione:<\/strong><\/b>\u00a0Il Consolato pu\u00f2 fare la procura soltanto ai cittadini italiani. Cittadini italiani che oltre ad essere italiani conoscano perfettamente la lingua italiana per poter essere in grado di CAPIRE COMPLETAMENTE IL TESTO della Procura stanno firmando.<\/p>\n<p style=\"font-weight: 400;\"><b><strong>Per altre cittadinanze<\/strong><\/b>\u00a0rivolgersi al \u201cTabeli\u00e3o de Notas\u201d che oltre a fare la procura potr\u00e0 appore una Apostille sia sul originale che sulla traduzione fatta da un traduttore giurato (spesso indicato dallo stesso Tabeli\u00e3o), in modo che la procura abbia valore giuridico in Italia.<\/p>\n<p style=\"font-weight: 400;\">===============================================================<br \/>\n===============================================================<\/p>\n<p>&nbsp;<\/p>\n<p>&nbsp;<\/p>\n<p style=\"font-weight: 400;\"><b><strong>SERVIZI NOTARILI<\/strong><\/b><\/p>\n<p style=\"font-weight: 400;\">Atti notarili &#8211; Per informazioni dal sito del Ministero degli Affari Esteri e della Cooperazione Internazionale &#8211;\u00a0<a href=\"http:\/\/www.esteri.it\/mae\/it\/italiani_nel_mondo\/serviziconsolari\/attinotarili\">clicca qui<\/a>.<\/p>\n<p style=\"font-weight: 400;\">Il servizio notarile \u00e8 dovuto solo alle cittadine ed ai cittadini italiani che si trovino all&#8217;estero in via permanente o temporanea.<\/p>\n<p style=\"font-weight: 400;\"><b><strong>NOTA BENE<\/strong><\/b>: I\/le cittadini\/e hanno il diritto di richiedere e\/o accedere direttamente ai servizi consolari senza alcuna necessit\u00e0 di ricorrere ad intermediari privati.<\/p>\n<p style=\"font-weight: 400;\">L\u2019Ufficio Notarile di questo Consolato\u00a0<b><strong>riceve esclusivamente su appuntamento<\/strong><\/b>. Per prenotare un appuntamento si prega di seguire le indicazioni di seguito riportate:<\/p>\n<p style=\"font-weight: 400;\">1) L\u2019appuntamento \u00e8 riservato esclusivamente per la firma dei documenti che l\u2019Addetto\/a Notarile ha gi\u00e0 preparato (su bozza previamente inviata dal richiedente).<\/p>\n<p style=\"font-weight: 400;\">2) Prima di prenotare un appuntamento \u00e8 necessario contattare l\u2019Ufficio Notarile al seguente indirizzo email:\u00a0<b><strong><a href=\"mailto:notarile.belohorizonte@esteri.it\">notarile.belohorizonte@esteri.it<\/a><\/strong><\/b>, inviando la richiesta (clicca qui) del servizio con allegati i documenti previsti.<\/p>\n<p style=\"font-weight: 400;\">3) SOLO dopo aver esaminato la richiesta e verificato tutti i documenti, l\u2019Addetto\/a Notarile invier\u00e0 una email per fissare l\u2019appuntamento.<\/p>\n<p style=\"font-weight: 400;\">Gli\/le utenti dovranno presentarsi all&#8217;appuntamento di persona presso l&#8217;Ufficio, muniti di documenti di identit\u00e0 in corso di validit\u00e0 (passaporto, carta d&#8217;identit\u00e0, patente di guida, RG brasiliano con meno di dieci anni ecc.).<\/p>\n<p style=\"font-weight: 400;\">Nel caso il documento italiano sia scaduto, esso pu\u00f2 essere ugualmente esibito, con una dichiarazione dell\u2019interessato sulla fotocopia del documento dichirando che i dati in esso contenuti non non hanno s\u00fabito variazioni.<\/p>\n<p style=\"font-weight: 400;\">Le donne coniugate dovranno, ove munite di documenti dai quali risultino identificabili soltanto con il cognome del coniuge, fornire prova del cognome da nubile (ad es., mediante esibizione di certificato di nascita e di matrimonio).<\/p>\n<p style=\"font-weight: 400;\">Nel caso di richiedenti coniugati in regime di comunione di beni, per la firma dell&#8217;atto dovr\u00e1 presentarsi anche l&#8217;altro coniuge.<\/p>\n<p style=\"font-weight: 400;\">Per ciascun atto \u00e8 previsto, di norma, il pagamento di\u00a0<b><strong>diritti consolari<\/strong><\/b>, il cui ammontare varia in funzione del tipo di servizio reso e del rapporto di cambio reais-euro vigente al momento.<\/p>\n<p style=\"font-weight: 400;\"><b><strong>ATTI NOTARILI<\/strong><\/b><\/p>\n<p style=\"font-weight: 400;\">Si tratta di atti\u00a0<b><strong>redatti in lingua italiana<\/strong><\/b>\u00a0per i quali \u00e8 richiesta la conoscenza della lingua e la presenza fisica del dichiarante, munito di un documento di identit\u00e0, presso gli uffici del Consolato.<\/p>\n<p style=\"font-weight: 400;\">Per la preparazione della documentazione, data la complessit\u00e0 della materia, si consiglia di consultarsi preventivamente con il\u00a0<b><strong>legale o notaio<\/strong><\/b>\u00a0che in Italia dovr\u00e0 ricevere l&#8217;atto firmato presso l&#8217;Ufficio Consolare, per avere da questi indicazioni di massima su eventuali specifici contenuti che l&#8217;atto stesso dovr\u00e0 riportare e farsi eventualmente mandare bozza dei contenuti.<\/p>\n<p style=\"font-weight: 400;\">Sarebbe opportuno inviare i contenuti relativi agli atti da redigere a cura dell&#8217;Ufficio Notarile al momento della richiesta di appuntamento.<\/p>\n<p style=\"font-weight: 400;\">I dati che dovranno essere forniti dagli interessati per la preparazione degli atti notarili, da redigere in forma di &#8220;atto pubblico&#8221;, sono i seguenti:<\/p>\n<p style=\"font-weight: 400;\">mandante (colui\/colei che d\u00e0 mandato\/procura): cognome e nome, luogo e data di nascita, luogo di residenza (citt\u00e0, via\/piazza, numero civico), codice fiscale italiano;<br \/>\nmandatario\/a (colui\/colei che riceve mandato\/procura): cognome e nome, luogo e data di nascita, luogo di residenza (citt\u00e0, via\/piazza, numero civico), codice fiscale italiano,<br \/>\noggetto dell&#8217;atto.<\/p>\n<p style=\"font-weight: 400;\"><b><strong>Oggetto dell&#8217;atto<\/strong><\/b><\/p>\n<p style=\"font-weight: 400;\">Gli atti notarili possono avere per oggetto:<\/p>\n<p style=\"font-weight: 400;\">&#8220;<b><strong>Procura Generale<\/strong><\/b>&#8221; (procura da utilizzare con estrema cautela dati gli ampissimi poteri che conferisce al mandatario\/a): mandante + mandatario\/a + 2 testimoni muniti di documento d\u2019identit\u00e0 valido; nel caso di coniugi in regime di comunione dei beni, andr\u00e1 prodotto anche il codice fiscale dell&#8217;altro coniuge co-firmatario\/a della procura;<\/p>\n<p style=\"font-weight: 400;\">&#8220;<b><strong>Procura Speciale<\/strong><\/b>&#8220;; in quest&#8217;ultimo caso specificare se si tratta di:<\/p>\n<ol>\n<li style=\"font-weight: 400;\">a) procura speciale alle<b><strong>Liti<\/strong><\/b>: mandante + mandatario\/a (poich\u00e9 trattasi di un legale,, fornire anche i dati relativi alla sede dello Studio legale) + generalit\u00e0 complete o estremi della persona o societ\u00e0 contro cui agire;<\/li>\n<li style=\"font-weight: 400;\">b) procura speciale per<b><strong>acquisto o vendita beni immobili<\/strong><\/b>: mandante + mandatario\/a + descrizione dell&#8217;immobile (ubicazione-composizione) e documento rilasciato dal Comune ove \u00e9 ubicato l&#8217;immobile contenente gli estremi catastali dello stesso;<\/li>\n<li style=\"font-weight: 400;\">c) procura speciale per<b><strong>acquisto o vendita autoveicoli\/motocicli<\/strong><\/b>: mandante + mandatario\/a + copia (non autenticata) del libretto di circolazione + descrizione del veicolo\/motociclo (marca, modello, targa);<\/li>\n<li style=\"font-weight: 400;\">d) procura speciale per<b><strong>acquisto\/vendita\/scioglimento di societ\u00e0<\/strong><\/b>: mandante + mandatario\/a + descrizione della societ\u00e0;<\/li>\n<li style=\"font-weight: 400;\">e) procure speciali per pratiche di<b><strong>successione e\/o atti di accettazione\/rinuncia relativi a eredit\u00e0<\/strong><\/b>: mandante + mandatario\/a + bene oggetto dell&#8217;eredit\u00e0 + generalit\u00e0 complete del &#8220;de cujus&#8221; (congiunto\/a deceduto\/a), compresi luogo e data di nascita e di decesso, + 2 testimoni muniti di documento d\u2019identit\u00e0 valido;<\/li>\n<li style=\"font-weight: 400;\">f) procura speciale per<b><strong>donazione\/accettazione di donazione<\/strong><\/b>: mandante + mandatario\/a + beneficiario\/a della donazione + descrizione dettagliata dei beni oggetto della donazione + 2 testimoni muniti di documento d\u2019identit\u00e0 valido;<\/li>\n<\/ol>\n<p style=\"font-weight: 400;\"><b><strong>TESTAMENTO PUBBLICO<\/strong><\/b><\/p>\n<p style=\"font-weight: 400;\">Tra le attivit\u00e0 proprie dell&#8217;Ufficio notarile presso un Consolato rientra la redazione di alcuni atti concernenti le dichiarazioni di ultima volont\u00e0 di soggetti che si trovano all&#8217;estero.<br \/>\nIl testamento pubblico \u00e8 la dichiarazione di volont\u00e0 del testatore resa ad un funzionario delegato alle funzioni notarili in presenza di due testimoni e redatta in forma scritta.<br \/>\nNel testamento segreto, invece, le funzioni dell\u2019Ufficio notarile si limitano al ricevimento formale dell&#8217;atto (il cui contenuto rimane segreto) ed al suo deposito nell&#8217;Ufficio.<br \/>\nIl testamento olografo, infine, non necessita della stesura da parte di un funzionario dell&#8217;Ufficio notarile e pu\u00f2 essere depositato in ogni luogo e presso chiunque. Solitamente esso viene depositato presso l&#8217;Ufficio notarile al fine di evitare la possibilit\u00e0 di un suo smarrimento e per assicurarne l&#8217;immediata pubblicazione alla morte del testatore.<\/p>\n<p style=\"font-weight: 400;\"><b><strong>ATTI PUBBLICI<\/strong><\/b><\/p>\n<p style=\"font-weight: 400;\">Si tratta di una tipologia di atti giuridici (come ad esempio l&#8217;atto di donazione) per i quali la legge prevede la forma dell&#8217;atto pubblico.<\/p>\n<p style=\"font-weight: 400;\"><b><strong>ATTIVIT\u00c0 DI AUTENTICAZIONE<\/strong><\/b><\/p>\n<p style=\"font-weight: 400;\">L&#8217;attivit\u00e0 di autenticazione \u00e8 normalmente svolta da un pubblico funzionario del Consolato ma pu\u00f2 anche essere svolta da un funzionario delegato alle funzioni notarili. Trattasi in particolare di:<\/p>\n<p style=\"font-weight: 400;\"><b><strong>AUTENTICA DI FIRMA e\/o FOTOGRAFIA<\/strong><\/b><\/p>\n<p style=\"font-weight: 400;\">Per procedere all&#8217;autenticazione della firma e\/o fotografia, \u00e8 necessario compilare la richiesta e presentarsi personalmente con un documento di riconoscimento , il proprio c\u00f3dice fiscale (e nel caso di fotografia, com 2 foto tessera uguali) presso il Consolato o prendere appuntamento con l&#8217;Ufficio Notarile inviando la richiesta stessa;<\/p>\n<p style=\"font-weight: 400;\"><b><strong>L\u2019AUTOCERTIFICAZIONE<\/strong><\/b><\/p>\n<p style=\"font-weight: 400;\">Per &#8220;autocertificazione&#8221; si intende &#8220;la certificazione prodotta dall\u2019interessato in sostituzione della normale certificazione&#8221; (art.2, legge 15\/1968). Essa rappresenta cio\u00e8 la possibilit\u00e0 per il cittadino di fornire le stesse notizie presenti in un registro pubblico in modo pi\u00f9 semplice e con meno oneri.<br \/>\nLa possibilit\u00e0 di avvalersi dell\u2019autocertificazione \u00e8 concessa a tutti i cittadini italiani e dei Paesi europei.<br \/>\nLa facolt\u00e0 di avvalersi di dichiarazioni sostitutive \u00e8 stata estesa anche ai cittadini extracomunitari regolarmente soggiornanti in Italia limitatamente ai dati verificabili o certificabili in Italia da soggetti pubblici.<\/p>\n<p style=\"font-weight: 400;\">L\u2019autocertificazione e le dichiarazioni sostitutive possono essere utilizzate nei rapporti con la Pubblica Amministrazione e con i concessionari e i gestori di pubblici servizi.<br \/>\nNon possono invece essere utilizzate nei rapporti tra i privati, salvo che gli stessi non vi acconsentano, e davanti all\u2019autorit\u00e0 giudiziaria nello svolgimento di funzioni giurisdizionali.<\/p>\n<p style=\"font-weight: 400;\"><b><strong>Certificati sostituiti dall\u2019autocertificazione<\/strong><\/b><\/p>\n<p style=\"font-weight: 400;\">L\u2019autocertificazione pu\u00f2 essere sostitutiva di:<\/p>\n<p style=\"font-weight: 400;\"><b><strong>NORMALI CERTIFICAZIONI<\/strong><\/b><\/p>\n<p style=\"font-weight: 400;\">Si pu\u00f2 dunque ricorrere all\u2019autocertificazione nei seguenti casi:<\/p>\n<ul style=\"font-weight: 400;\">\n<li>data e luogo di nascita;<\/li>\n<li>residenza;<\/li>\n<li>cittadinanza;<\/li>\n<li>godimento dei diritti politici;<\/li>\n<li>stato di celibe, coniugato o vedovo;<\/li>\n<li>stato di famiglia;<\/li>\n<li>esistenza in vita;<\/li>\n<li>nascita del figlio;<\/li>\n<li>decesso del coniuge, dell\u2019ascendente o discendente;<\/li>\n<li>posizione agli effetti degli obblighi militari;<\/li>\n<li>iscrizione in albi o elenchi tenuti dalla Pubblica Amministrazione;<\/li>\n<li>titoli di studio acquisiti;<\/li>\n<li>qualifiche professionali;<\/li>\n<li>esami sostenuti universitari e di stato;<\/li>\n<li>titoli di specializzazione;<\/li>\n<li>titoli di abilitazione;<\/li>\n<li>titoli di formazione;<\/li>\n<li>titoli di aggiornamento;<\/li>\n<li>titoli di qualificazione tecnica;<\/li>\n<li>situazione reddituale o economica anche ai fini della concessione di benefici e vantaggi di qualsiasi tipo previsti da leggi speciali;<\/li>\n<li>assolvimento di specifici obblighi contributivi con l\u2019indicazione dell\u2019ammontare;<\/li>\n<li>codice fiscale o partita IVA;<\/li>\n<li>qualsiasi dato dell\u2019anagrafe tributaria;<\/li>\n<li>stato di disoccupazione;<\/li>\n<li>qualit\u00e0 di pensionato e categoria di pensione;<\/li>\n<li>qualit\u00e0 di studente;<\/li>\n<li>qualit\u00e0 di casalinga;<\/li>\n<li>qualit\u00e0 di legale rappresentante di persone fisiche o giuridiche, di tutore, di curatore e simili;<\/li>\n<li>iscrizione presso associazioni o formazioni sociali di qualsiasi tipo;<\/li>\n<li>adempimento o meno degli obblighi militari compresi quelli di cui all\u2019art. 77 del D.P.R. n. 237\/64 come modificato dall\u2019art. 22 della legge 958\/86;<\/li>\n<li>assenza di condanne penali;<\/li>\n<li>qualit\u00e0 di vivenza a carico;<\/li>\n<li>tutti i dati a diretta conoscenza dell\u2019interessato contenuti nei registri dello stato civile.<\/li>\n<\/ul>\n<p style=\"font-weight: 400;\"><b><strong>Modalit\u00e0 della dichiarazione sostitutiva di certificati<\/strong><\/b>:<\/p>\n<p style=\"font-weight: 400;\">La dichiarazione sostitutiva delle normali certificazioni si pu\u00f2 fare scrivendo su carta semplice e firmando sotto la propria ed esclusiva responsabilit\u00e0 (non \u00e8 necessario firmare davanti all\u2019impiegato) o compilando dichiarazioni sostitutive.<br \/>\nInoltre, \u00e8 possibile trasmettere documenti, atti e certificati per fax, per posta o mezzo telematico e informatico alle Amministrazioni Pubbliche.<\/p>\n<p style=\"font-weight: 400;\"><b><strong>ATTI NOTORI<\/strong><\/b><\/p>\n<p style=\"font-weight: 400;\">Gli interessati possono ricorrere all\u2019autocertificazione per tutti gli stati, fatti e qualit\u00e0 personali che non siano certificabili da parte di una pubblica amministrazione, mediante dichiarazione sostitutiva dell\u2019atto di notoriet\u00e0 ai sensi dell\u2019art.47 del DPR 445\/2000.<br \/>\nInoltre, la dichiarazione sostitutiva dell\u2019atto di notoriet\u00e0 pu\u00f2 riguardare anche circostanze relative ad altri soggetti, di cui il dichiarante abbia diretta conoscenza, nonch\u00e9 la possibilit\u00e0 di attestare la conformit\u00e0 all\u2019originale di una pubblicazione.<\/p>\n<p style=\"font-weight: 400;\">La dichiarazione sostitutiva di atti notori pu\u00f2 essere fatta dichiarando fatti, stati o qualit\u00e0 personali a diretta conoscenza dell\u2019interessato dinanzi al funzionario competente a ricevere la documentazione, o dinanzi a un notaio, cancelliere, segretario comunale o altro funzionario incaricato dal sindaco.<br \/>\nQualora si tratti di stati, fatti e qualit\u00e0 personali certificabili o attestabili da parte di un altro soggetto pubblico e l\u2019amministrazione ritenga necessario controllare la veridicit\u00e0 delle dichiarazioni, ha a disposizione 15 giorni di tempo dalle dichiarazioni per richiedere la necessaria documentazione.<\/p>\n<p style=\"font-weight: 400;\"><b><strong>Validit\u00e0 delle dichiarazioni sostitutive di normali certificazioni e di atti notori<\/strong><\/b>:<\/p>\n<p style=\"font-weight: 400;\">le dichiarazioni sostitutive hanno la stessa validit\u00e0 degli atti che sostituiscono.<br \/>\nNormalmente i certificati hanno validit\u00e0 per sei mesi dalla data in cui sono stati rilasciati, salvo che norme di legge o regolamentari non dispongano una validit\u00e0 superiore. La validit\u00e0 delle certificazioni anagrafiche e quelle relative allo stato civile \u00e8 prolungabile se l\u2019interessato dichiara che i dati contenuti nel certificato non hanno subito modifiche e sottoscrive tale dichiarazione.<br \/>\nHanno validit\u00e0 illimitata, invece, i certificati e le dichiarazioni sostitutive che attestano stati e fatti personali che non sono soggetti a modificazioni (certificati di nascita, di morte, titoli di studio, ecc.).<\/p>\n<p style=\"font-weight: 400;\"><b><strong>Quali sono i casi in cui l\u2019autocertificazione non \u00e8 MAI ammessa<\/strong><\/b><\/p>\n<p style=\"font-weight: 400;\">La possibilit\u00e0 di avvalersi dell\u2019autocertificazione non \u00e8 mai ammessa per i certificati:<\/p>\n<ul style=\"font-weight: 400;\">\n<li>medici;<\/li>\n<li>sanitari;<\/li>\n<li>veterinari;<\/li>\n<li>di origine;<\/li>\n<li>di conformit\u00e0 all\u2019Ue;<\/li>\n<li>marchi;<\/li>\n<li>brevetti.<\/li>\n<\/ul>\n<p style=\"font-weight: 400;\"><b><strong>Casi in cui la Pubblica Amministrazione NON PUO\u2019 pi\u00f9 chiedere certificazioni ai cittadini<\/strong><\/b><\/p>\n<p style=\"font-weight: 400;\">Nel caso in cui si debba certificare i dati relativi a cognome, nome, luogo e data di nascita, cittadinanza, stato civile e residenza, la Pubblica Amministrazione non pu\u00f2 pi\u00f9 chiedere certificazioni ma \u00e8 sufficiente l\u2019esibizione di un documento di riconoscimento.<br \/>\nLa registrazione dei dati avviene attraverso la fotocopia non autenticata del documento stesso.<br \/>\nSe il documento non \u00e8 pi\u00f9 valido, l\u2019interessato deve dichiarare, in margine alla fotocopia, che i dati contenuti nel documento non sono variati dalla data del rilascio.<\/p>\n<p style=\"font-weight: 400;\"><b><strong>Sanzioni per i cittadini che forniscono dichiarazioni non veritiere<\/strong><\/b><\/p>\n<p style=\"font-weight: 400;\">Se le amministrazioni hanno dubbi sulla veridicit\u00e0 delle autocertificazioni, sono tenute a effettuare i controlli necessari.<br \/>\nNel caso vengano riscontrate dichiarazioni mendaci, la falsit\u00e0 negli atti e l\u2019uso di atti falsi sono puniti ai sensi del codice penale e delle leggi in materia.<br \/>\nIl dichiarante inoltre decade dai benefici eventualmente conseguiti grazie a provvedimenti basati su dichiarazioni non veritiere.<\/p>\n<p style=\"font-weight: 400;\"><b><strong>Documenti di riconoscimento e di identit\u00e0<\/strong><\/b><\/p>\n<p style=\"font-weight: 400;\">In tutti i casi in cui viene richiesto un documento di identit\u00e0 esso pu\u00f2 essere sostituito da un documento di riconoscimento equipollente. Sono equipollenti alla carta di identit\u00e0:<\/p>\n<ul style=\"font-weight: 400;\">\n<li>Il passaporto;<\/li>\n<li>La patente di guida;<\/li>\n<li>La patente nautica;<\/li>\n<li>Il libretto di pensione;<\/li>\n<li>Il patentino di abilitazione alla conduzione di impianti termici;<\/li>\n<li>Il porto d\u2019armi;<\/li>\n<li>Le tessere di riconoscimento rilasciate da un\u2019Amministrazione dello Stato, purch\u00e8 munite di fotografia e di timbro o altra segnatura equivalente.<\/li>\n<\/ul>\n<p style=\"font-weight: 400;\">Nel caso il documento sia scaduto, esso pu\u00f2 essere ugualmente esibito, con una dichiarazione dell\u2019interessato sulla fotocopia del documento che i dati in esso contenuti non sono cambiati.<\/p>\n","protected":false},"excerpt":{"rendered":"ATTENZIONE: Tuti i Link e Moduli AGGIORNATI li troverete a: (Pag1) Modulistica, Tariffe Consolari e LINK CONSIGLI PRATICI PER LE PROCURE: Al richiedere una procura \u00e8 importante inviare via email tutti i documenti citati nella procura stessa: i documenti di identit\u00e0, di preferenza il passaporto oppure carta di identit\u00e0, sia di chi fa la procura [&hellip;]","protected":false},"author":3,"featured_media":0,"parent":72,"menu_order":0,"comment_status":"closed","ping_status":"closed","template":"","meta":{"footnotes":""},"class_list":["post-164","page","type-page","status-publish","hentry"],"_links":{"self":[{"href":"https:\/\/consbelohorizonte.esteri.it\/it\/wp-json\/wp\/v2\/pages\/164","targetHints":{"allow":["GET"]}}],"collection":[{"href":"https:\/\/consbelohorizonte.esteri.it\/it\/wp-json\/wp\/v2\/pages"}],"about":[{"href":"https:\/\/consbelohorizonte.esteri.it\/it\/wp-json\/wp\/v2\/types\/page"}],"author":[{"embeddable":true,"href":"https:\/\/consbelohorizonte.esteri.it\/it\/wp-json\/wp\/v2\/users\/3"}],"replies":[{"embeddable":true,"href":"https:\/\/consbelohorizonte.esteri.it\/it\/wp-json\/wp\/v2\/comments?post=164"}],"version-history":[{"count":0,"href":"https:\/\/consbelohorizonte.esteri.it\/it\/wp-json\/wp\/v2\/pages\/164\/revisions"}],"up":[{"embeddable":true,"href":"https:\/\/consbelohorizonte.esteri.it\/it\/wp-json\/wp\/v2\/pages\/72"}],"wp:attachment":[{"href":"https:\/\/consbelohorizonte.esteri.it\/it\/wp-json\/wp\/v2\/media?parent=164"}],"curies":[{"name":"wp","href":"https:\/\/api.w.org\/{rel}","templated":true}]}}