{"id":16,"date":"2022-12-09T17:06:08","date_gmt":"2022-12-09T16:06:08","guid":{"rendered":"https:\/\/consbelohorizonte.esteri.it\/?page_id=16"},"modified":"2026-02-12T14:30:24","modified_gmt":"2026-02-12T17:30:24","slug":"servizi-consolari-e-visti","status":"publish","type":"page","link":"https:\/\/consbelohorizonte.esteri.it\/it\/servizi-consolari-e-visti\/","title":{"rendered":"Servizi Consolari e Visti"},"content":{"rendered":"<p><strong>I servizi consolari sono erogati secondo principi di eguaglianza, imparzialit\u00e0, efficienza e trasparenza.<\/strong><\/p>\n<p>I Consolati assicurano a tutti i connazionali tutela in caso di violazione dei loro diritti fondamentali e di limitazione o privazione della loro libert\u00e0 personale. Inoltre assicurano assistenza per i casi di emergenza, per la ricerca di familiari, per le pratiche di successione aperte all&#8217;estero e per il rimpatrio delle salme.<\/p>\n<p>L&#8217;insieme dei servizi erogati \u00e8 descritto dal Ministero Affari Esteri al link\u00a0<strong><a href=\"https:\/\/www.esteri.it\/it\/servizi-consolari-e-visti\/italiani-all-estero\/\">Ministero degli Affari Esteri e della Coperazione Internazionale: Servizi Consolari<\/a><\/strong><\/p>\n<p>&nbsp;<\/p>\n<p style=\"text-align: justify;\"><strong>Controlli di sicurezza per l\u2019ingresso al Consolato<\/strong><\/p>\n<p style=\"text-align: justify;\">Si avvisano gli utenti che, a causa delle norme di sicurezza adottate, all\u2019interno del Consolato \u00e8 vietato l\u2019ingresso di: armi, apparecchiature elettroniche (computer, tablet, cellulari e simili), ombrelli, caschi da moto o qualsiasi altro accessorio atto a occultare le forme del viso. Borse, zaini ed altri volumi sono vietati: per tali ragioni si invitano gli utenti a presentarsi in Consolato portando con s\u00e9 il minimo indispensabile, al fine di evitare perdite di tempo.<\/p>\n<p style=\"text-align: justify;\">Si raccomanda inoltre di portare sempre con s\u00e9 un documento di identit\u00e0 valido, emesso da non pi\u00f9 di 10 anni, che sar\u00e0 usato per l\u2019identificazione.<\/p>\n<p><span style=\"text-decoration: underline;\">ATTENZIONE<\/span><strong>:<\/strong> In visita agli Uffici di questo Consolato, gli utenti, accompagnanti e visitatori sono invitati a vestire con adeguato decoro ed usare consono abbigliamento, nel rispetto dell\u2019Istituzione sede periferica dello Stato. \u00c8 vietato l\u2019ingresso con abbigliamento succinto e comunque non consono agli spazi di questo Consolato. (camicetta e pantaloncini corti, minigonna, ciabatta e infradito, vestiti eccessivamente scollati, canottiere).<\/p>\n","protected":false},"excerpt":{"rendered":"I servizi consolari sono erogati secondo principi di eguaglianza, imparzialit\u00e0, efficienza e trasparenza. I Consolati assicurano a tutti i connazionali tutela in caso di violazione dei loro diritti fondamentali e di limitazione o privazione della loro libert\u00e0 personale. Inoltre assicurano assistenza per i casi di emergenza, per la ricerca di familiari, per le pratiche di [&hellip;]","protected":false},"author":1,"featured_media":0,"parent":0,"menu_order":0,"comment_status":"closed","ping_status":"closed","template":"","meta":{"footnotes":""},"class_list":["post-16","page","type-page","status-publish","hentry"],"_links":{"self":[{"href":"https:\/\/consbelohorizonte.esteri.it\/it\/wp-json\/wp\/v2\/pages\/16","targetHints":{"allow":["GET"]}}],"collection":[{"href":"https:\/\/consbelohorizonte.esteri.it\/it\/wp-json\/wp\/v2\/pages"}],"about":[{"href":"https:\/\/consbelohorizonte.esteri.it\/it\/wp-json\/wp\/v2\/types\/page"}],"author":[{"embeddable":true,"href":"https:\/\/consbelohorizonte.esteri.it\/it\/wp-json\/wp\/v2\/users\/1"}],"replies":[{"embeddable":true,"href":"https:\/\/consbelohorizonte.esteri.it\/it\/wp-json\/wp\/v2\/comments?post=16"}],"version-history":[{"count":1,"href":"https:\/\/consbelohorizonte.esteri.it\/it\/wp-json\/wp\/v2\/pages\/16\/revisions"}],"predecessor-version":[{"id":5993,"href":"https:\/\/consbelohorizonte.esteri.it\/it\/wp-json\/wp\/v2\/pages\/16\/revisions\/5993"}],"wp:attachment":[{"href":"https:\/\/consbelohorizonte.esteri.it\/it\/wp-json\/wp\/v2\/media?parent=16"}],"curies":[{"name":"wp","href":"https:\/\/api.w.org\/{rel}","templated":true}]}}