{"id":156,"date":"2022-12-12T11:43:37","date_gmt":"2022-12-12T10:43:37","guid":{"rendered":"https:\/\/consbelohorizonte.esteri.it\/?page_id=156"},"modified":"2026-03-13T13:18:50","modified_gmt":"2026-03-13T16:18:50","slug":"passaporti-e-carte-didentita","status":"publish","type":"page","link":"https:\/\/consbelohorizonte.esteri.it\/it\/servizi-consolari-e-visti\/servizi-per-il-cittadino-italiano\/passaporti-e-carte-didentita\/","title":{"rendered":"Passaporti"},"content":{"rendered":"<p style=\"text-align: justify;\">Il passaporto \u00e8 un documento di viaggio e di riconoscimento. Il suo rilascio \u00e8 di competenza dell\u2019Ufficio Passaporti della Circoscrizione Consolare in cui il cittadino italiano \u00e8 residente. Si rammenta che la circoscrizione del Consolato a Belo Horizonte comprende soltanto lo stato del Minas Gerais.<\/p>\n<ol>\n<li><strong>PRIMA DI PRENOTARE L\u00b4APPUNTAMENTO<\/strong><\/li>\n<\/ol>\n<p style=\"text-align: justify;\">Per la prenotazione e per il rilascio del passaporto \u00e8 indispensabile che la situazione anagrafica e di stato civile dell\u2019interessato presso il Consolato sia stata previamente aggiornata. Si consiglia a tutti gli utenti, quale primo passo, di entrare nel portale <a href=\"https:\/\/serviziconsolari.esteri.it\/ScoFE\/index.sco\"><strong>FAST IT<\/strong><\/a>\u00a0 che gestisce la situazione Anagrafica e che mostra anche i dati relativi allo Stato Civile e di aggiornare la propria posizione anagrafica.<\/p>\n<p><strong>2. PRENOTAZIONE DELL\u00b4APPUNTAMENTO<\/strong><\/p>\n<p style=\"text-align: justify;\">Per la prenotazione della richiesta di passaporto \u00e9 in uso il sistema \u201c<a href=\"https:\/\/prenotami.esteri.it\/\"><strong>PRENOT@MI<\/strong><\/a>\u201d.\u00a0A questo link \u00e9 possibile scaricare il <strong><a title=\"Clicca sul link per scaricare il manuale\" href=\"https:\/\/conssanpaolo.esteri.it\/wp-content\/uploads\/2023\/06\/manuale_cittadino_prenotami.pdf\">MANUALE DI ISTRUZIONI<\/a>.<\/strong><\/p>\n<p style=\"text-align: justify;\">La prenotazione \u00e8 individuale ed \u00e8 pertanto possibile fissare un solo appuntamento per ciascuna utenza creata sul portale. In caso di figli minori, visto che non possono registrarsi su <a href=\"https:\/\/prenotami.esteri.it\/\"><strong>PRENOT@MI<\/strong><\/a>, \u00a0\u00e9 necessario prenotare un appuntamento con l\u00b4utenza dei genitori, specificando nel campo note che la prenotazione \u00e9 per il\/la figlio\/a.<\/p>\n<p style=\"text-align: justify;\">La procedura da seguire \u00e8 la seguente:<\/p>\n<ol style=\"text-align: justify;\">\n<li>Registrarsi sul portale <a href=\"https:\/\/prenotami.esteri.it\/\"><strong>PRENOT@MI<\/strong><\/a>;<\/li>\n<li>Confermare l\u2019identit\u00e0 rispondendo alla mail ricevuta in automatico;<\/li>\n<li>Rientrare sul portale <a href=\"https:\/\/prenotami.esteri.it\/\"><strong>PRENOT@MI<\/strong><\/a> ed effettuare la prenotazione.<\/li>\n<\/ol>\n<p style=\"text-align: justify;\">In caso di comprovate emergenze riguardanti l&#8217;emissione di passaporti\/ETD, si prega di scrivere all&#8217;indirizzo del settore <a href=\"mailto:passaporte.belohorizonte@esteri.it\">passaporte.belohorizonte@esteri.it<\/a> che valuter\u00e0 caso per caso. L&#8217;acquisto di un biglietto aereo non costituisce motivo di urgenza.<\/p>\n<h4 style=\"text-align: justify;\">3.<strong> IL GIORNO DELL\u00b4APPUNTAMENTO IN CONSOLATO<\/strong><\/h4>\n<p style=\"text-align: justify;\">Si segnala che i controlli relativi all\u2019aggiornamento anagrafico e di stato civile saranno effettuati anche il giorno dell\u2019appuntamento e che situazioni difformi avranno quale unico risultato il rallentamento del flusso di ricevimento del pubblico e non porteranno comunque all\u2019avvio della pratica di emissione del passaporto.<\/p>\n<p style=\"text-align: justify;\">Il <a href=\"https:\/\/consbelohorizonte.esteri.it\/it\/servizi-consolari-e-visti\/servizi-per-il-cittadino-italiano\/modulistica-e-tariffe-consolari\/\">pagamento della percezione consolare<\/a> deve essere effettuato in reais con carta di debito in occasione dell\u2019appuntamento. Per la conversione valutaria in reais viene applicato il tasso di cambio consolare, rivisto ogni trimestre.<\/p>\n<p style=\"text-align: justify;\">Il passaporto ha le seguenti scadenze:<\/p>\n<ul style=\"text-align: justify;\">\n<li>da 0 a tre anni &gt; 3 anni di validit\u00e0;<\/li>\n<li>da 3 a 18 anni &gt; 5 anni di validit\u00e0;<\/li>\n<li>da 18 anni in poi &gt; 10 anni di validit\u00e0.<\/li>\n<\/ul>\n<p style=\"text-align: justify;\"><strong>Documenti da presentare il giorno dell\u2019appuntamento:<\/strong><\/p>\n<p style=\"text-align: justify;\"><span style=\"text-decoration: underline;\">\u2022 Richiedenti Maggiorenni<\/span><strong><br \/>\n<\/strong><\/p>\n<p style=\"text-align: justify;\">1. <strong><a href=\"https:\/\/consbelohorizonte.esteri.it\/wp-content\/uploads\/2026\/03\/MODULO-DI-RICHIESTA-PER-MAGGIORENNI-1_REV.doc\">Modulo di richiesta<\/a><\/strong> compilato che dovr\u00e0 essere firmato in presenza dell\u2019addetto del Consolato;<\/p>\n<p style=\"text-align: justify;\">2. <strong>Documento d\u2019identit\u00e0 originale<\/strong> e valido del richiedente (come passaporto italiano, passaporto brasiliano, RNE, RG rilasciati da meno di 10 anni, carta d\u2019identit\u00e0 italiana, patente di guida italiana o brasiliana, tesserino professionale), pi\u00f9 fotocopia semplice fronte e retro.<\/p>\n<p style=\"text-align: justify;\">3. <strong>Una fotografia<\/strong>, recente, senza data, a colori, frontale e con sfondo bianco di 45mm di altezza per 35mm di larghezza;<\/p>\n<p style=\"text-align: justify;\">4. <strong>Prova di residenza a nome del richiedente<\/strong>, originale, recente (meno di 3 mesi) pi\u00f9 fotocopia semplice. Sono accettate copie della bolletta della fornitura di energia elettrica, acqua, gas, ricevuta di pagamento delle tasse universitarie nella quale compaia l&#8217;indirizzo dello studente, lettera di avviso del pagamento della pensione, bolletta del cellulare, corrispondenza bancaria relativa al conto bancario o alla carta di credito, ricevuta dell&#8217;Imposta di Reddito (prima pagina), certificato del TRE &#8211; Tribunale Regionale Elettorale (dove risulti l&#8217;indirizzo completo con nome della via e numero civico).<\/p>\n<p style=\"text-align: justify;\">Se ne \u00e8 in possesso, portare il passaporto italiano in scadenza o scaduto, accompagnato dalla fotocopia delle pagine utili con foto e firma. Se il precedente passaporto \u00e8 stato rubato o smarrito, presentare l&#8217;originale della denuncia di furto o smarrimento (Boletim de Ocorr\u00eancia &#8211; B.O.).<\/p>\n<p>&nbsp;<\/p>\n<p style=\"text-align: justify;\"><span style=\"text-decoration: underline;\">\u2022 Richiedenti Minorenni\u00a0(indispensabile la presenza del minore e perlomeno di uno dei genitori)<\/span><\/p>\n<p style=\"text-align: justify;\">1. <a href=\"https:\/\/consbelohorizonte.esteri.it\/wp-content\/uploads\/2026\/03\/MODULO-DI-RICHIESTA-PER-MINORENNI-1_REV.doc\"><strong>Modulo di richiesta<\/strong> per minorenni<\/a> compilato che dovr\u00e0 essere sottoscritto da entrambi i genitori, in presenza dell\u2019addetto del Consolato. Sar\u00e0 assolutamente necessario che i due genitori presentino i loro documenti di identit\u00e0 in originale validi, e in copia semplice.<\/p>\n<p style=\"text-align: justify;\">2. <strong>Documento d\u2019identit\u00e0 originale<\/strong> e valido del minore (come passaporto italiano, passaporto brasiliano, RNE, RG rilasciati da meno di 10 anni, carta d\u2019identit\u00e0 italiana), pi\u00f9 fotocopia semplice fronte e retro.<\/p>\n<p style=\"text-align: justify;\">3. <strong>Una fotografia<\/strong>, recente, senza data, a colori, frontale e con sfondo bianco di 45mm di altezza per 35mm di larghezza;<\/p>\n<p style=\"text-align: justify;\">4. <strong>Prova di residenza a nome di uno dei genitori<\/strong>, in originale, recente (meno di 3 mesi) pi\u00f9 fotocopia semplice. Sono accettate copie della bolletta della fornitura di energia elettrica, acqua, gas, ricevuta di pagamento delle tasse universitarie nella quale compaia l\u2019indirizzo dello studente, lettera di avviso del pagamento della pensione, bolletta del cellulare, corrispondenza bancaria relativa al conto bancario o alla carta di credito, ricevuta dell&#8217;Imposta di Reddito (prima pagina), certificato del TRE &#8211; Tribunale Regionale Elettorale (dove risulti l&#8217;indirizzo completo con nome della via e numero civico).<\/p>\n<p style=\"text-align: justify;\">5. Nel caso in cui uno dei due genitori non possa presentarsi in Consolato, dovr\u00e0 essere prodotto anche l\u2019<strong><a href=\"https:\/\/consbelohorizonte.esteri.it\/wp-content\/uploads\/2023\/04\/Atto-di-assenso-minore.docx\">Atto di assenso (minore)<\/a><\/strong> con le seguenti modalit\u00e0:<\/p>\n<p style=\"text-align: justify;\">&#8211; se il genitore assente \u00e8 cittadino italiano o dell\u2019UE, atto di assenso va firmato e corredato da fotocopia di un documento di identit\u00e0 valido dove appaia foto e firma visibile;<br \/>\n&#8211; se il genitore assente non \u00e8 cittadino italiano o UE, l&#8217;atto di assenso deve riportare la firma riconosciuta con autentica presso il Notaio (Tabelionato de Notas). Dovr\u00e0 essere allegata la fotocopia autenticata di un documento di identit\u00e0 (con firma visibile) del genitore che d\u00e0 l&#8217;assenso.<\/p>\n<p style=\"text-align: justify;\">Se l\u2019altro genitore \u00e8 deceduto, bisogna portare il certificato di morte in originale. Il certificato di morte non deve essere presentato al momento della richiesta del passaporto, ma deve essere inviato a questo Consolato anticipatamente per l&#8217;aggiornamento dei dati dello\u00a0<strong><a href=\"https:\/\/consbelohorizonte.esteri.it\/it\/servizi-consolari-e-visti\/servizi-per-il-cittadino-italiano\/stato-civile\/\">Stato Civile<\/a>.<\/strong><\/p>\n<p style=\"text-align: justify;\">Se ne \u00e8 in possesso, portare il passaporto italiano in scadenza o scaduto, accompagnato dalla fotocopia delle pagine utili con foto e firma. Se il precedente passaporto \u00e8 stato rubato o smarrito, presentare l&#8217;originale della denuncia di furto o smarrimento (Boletim de Ocorr\u00eancia &#8211; B.O.).<\/p>\n<p style=\"text-align: justify;\">Se il minore di 14 anni viaggia senza la presenza dei genitori, \u00e8 necessario procedere con la predisposizione della \u201c<strong><a href=\"https:\/\/consbelohorizonte.esteri.it\/wp-content\/uploads\/2023\/04\/Dichiarazione-di-accompagnamento.doc\">Dichiarazione di Accompagnamento<\/a><\/strong>\u201d e della \u201c<strong><a href=\"https:\/\/consbelohorizonte.esteri.it\/wp-content\/uploads\/2023\/04\/Attestazione-di-dichiarazione-di-accompagnamento.doc\">Attestazione di Dichiarazione di Accompagnamento<\/a><\/strong>\u201d.<\/p>\n<p>&nbsp;<\/p>\n<h4 style=\"text-align: justify;\"><span style=\"text-decoration: underline;\"><strong>4. RITIRO DEL PASSAPORTO EMESSO<\/strong><\/span><\/h4>\n<p style=\"text-align: justify;\">I passaporti vengono consegnati tutti i giorni, dal luned\u00ec al venerd\u00ec dalle 12:45 alle 13:15;<\/p>\n","protected":false},"excerpt":{"rendered":"Il passaporto \u00e8 un documento di viaggio e di riconoscimento. Il suo rilascio \u00e8 di competenza dell\u2019Ufficio Passaporti della Circoscrizione Consolare in cui il cittadino italiano \u00e8 residente. Si rammenta che la circoscrizione del Consolato a Belo Horizonte comprende soltanto lo stato del Minas Gerais. PRIMA DI PRENOTARE L\u00b4APPUNTAMENTO Per la prenotazione e per il [&hellip;]","protected":false},"author":3,"featured_media":0,"parent":72,"menu_order":0,"comment_status":"closed","ping_status":"closed","template":"","meta":{"footnotes":""},"class_list":["post-156","page","type-page","status-publish","hentry"],"_links":{"self":[{"href":"https:\/\/consbelohorizonte.esteri.it\/it\/wp-json\/wp\/v2\/pages\/156","targetHints":{"allow":["GET"]}}],"collection":[{"href":"https:\/\/consbelohorizonte.esteri.it\/it\/wp-json\/wp\/v2\/pages"}],"about":[{"href":"https:\/\/consbelohorizonte.esteri.it\/it\/wp-json\/wp\/v2\/types\/page"}],"author":[{"embeddable":true,"href":"https:\/\/consbelohorizonte.esteri.it\/it\/wp-json\/wp\/v2\/users\/3"}],"replies":[{"embeddable":true,"href":"https:\/\/consbelohorizonte.esteri.it\/it\/wp-json\/wp\/v2\/comments?post=156"}],"version-history":[{"count":6,"href":"https:\/\/consbelohorizonte.esteri.it\/it\/wp-json\/wp\/v2\/pages\/156\/revisions"}],"predecessor-version":[{"id":6105,"href":"https:\/\/consbelohorizonte.esteri.it\/it\/wp-json\/wp\/v2\/pages\/156\/revisions\/6105"}],"up":[{"embeddable":true,"href":"https:\/\/consbelohorizonte.esteri.it\/it\/wp-json\/wp\/v2\/pages\/72"}],"wp:attachment":[{"href":"https:\/\/consbelohorizonte.esteri.it\/it\/wp-json\/wp\/v2\/media?parent=156"}],"curies":[{"name":"wp","href":"https:\/\/api.w.org\/{rel}","templated":true}]}}